{"id":11858,"date":"2020-09-09T12:11:31","date_gmt":"2020-09-09T10:11:31","guid":{"rendered":"https:\/\/dev.cosavostra.com\/hmoser\/haendler\/"},"modified":"2021-09-20T17:13:23","modified_gmt":"2021-09-20T15:13:23","slug":"haendler","status":"publish","type":"page","link":"https:\/\/h-moser.com\/de\/haendler\/","title":{"rendered":"H\u00e4ndler"},"content":{"rendered":"\n<p>* Die auf unserer Website aufgelisteten L\u00e4nder und Regionen sind so aufgef\u00fchrt, dass die Benutzererfahrung so einfach und intuitiv wie m\u00f6glich ist.<\/p>\n","protected":false},"excerpt":{"rendered":"<p>* Die auf unserer Website aufgelisteten L\u00e4nder und Regionen sind so aufgef\u00fchrt, dass die Benutzererfahrung so einfach und intuitiv wie m\u00f6glich ist.<\/p>\n","protected":false},"author":3,"featured_media":0,"parent":0,"menu_order":0,"comment_status":"closed","ping_status":"closed","template":"views\/retailers.blade.php","meta":{"_acf_changed":false,"_seopress_robots_primary_cat":"","_seopress_titles_title":"","_seopress_titles_desc":"","_seopress_robots_index":"","footnotes":""},"class_list":["post-11858","page","type-page","status-publish","hentry"],"acf":[],"_links":{"self":[{"href":"https:\/\/h-moser.com\/de\/wp-json\/wp\/v2\/pages\/11858","targetHints":{"allow":["GET"]}}],"collection":[{"href":"https:\/\/h-moser.com\/de\/wp-json\/wp\/v2\/pages"}],"about":[{"href":"https:\/\/h-moser.com\/de\/wp-json\/wp\/v2\/types\/page"}],"author":[{"embeddable":true,"href":"https:\/\/h-moser.com\/de\/wp-json\/wp\/v2\/users\/3"}],"replies":[{"embeddable":true,"href":"https:\/\/h-moser.com\/de\/wp-json\/wp\/v2\/comments?post=11858"}],"version-history":[{"count":2,"href":"https:\/\/h-moser.com\/de\/wp-json\/wp\/v2\/pages\/11858\/revisions"}],"predecessor-version":[{"id":30891,"href":"https:\/\/h-moser.com\/de\/wp-json\/wp\/v2\/pages\/11858\/revisions\/30891"}],"wp:attachment":[{"href":"https:\/\/h-moser.com\/de\/wp-json\/wp\/v2\/media?parent=11858"}],"curies":[{"name":"wp","href":"https:\/\/api.w.org\/{rel}","templated":true}]}}