{"id":13835,"date":"2020-02-19T21:44:21","date_gmt":"2020-02-19T20:44:21","guid":{"rendered":"https:\/\/h-moser.com\/terms-and-conditions-2\/"},"modified":"2024-12-06T17:16:13","modified_gmt":"2024-12-06T16:16:13","slug":"terms-and-conditions","status":"publish","type":"page","link":"https:\/\/h-moser.com\/de\/terms-and-conditions\/","title":{"rendered":"RECHTLICHE HINWEISE"},"content":{"rendered":"\n<p>Willkommen!<\/p>\n\n\n\n<p>Wir, die MOSER SCHAFFHAUSEN AG, verpflichten uns, das Vertrauen und die Zufriedenheit der Besucher unserer Websites und sozialen Kan\u00e4le (\u201edie Seiten\u201c), einschlie\u00dflich <a href=\"https:\/\/www.h-moser.com\/\">www.h-moser.com,<\/a>&nbsp; <a href=\"https:\/\/pioneerchronicles.com\">https:\/\/pioneerchronicles.com<\/a>&nbsp;und der H. Moser &amp; Cie. App, zu wahren.<\/p>\n\n\n\n<p>Die Nutzungsbedingungen gelten f\u00fcr alle Benutzer unserer Seiten und App, insbesondere Besucher, Fans oder Partner. Ihr Zugriff auf und die Nutzung unserer Seiten und App unterliegen diesen Nutzungsbedingungen, die Sie akzeptieren m\u00fcssen.<\/p>\n\n\n\n<p>Wir behalten uns das Recht vor, diese Nutzungsbedingungen von Zeit zu Zeit zu aktualisieren, insbesondere aus rechtlichen oder regulatorischen Gr\u00fcnden oder um eine optimale Funktion der Seiten und App zu gew\u00e4hrleisten.<\/p>\n\n\n\n<h2 class=\"wp-block-heading\">Geistiges Eigentum<\/h2>\n\n\n\n<p>Alle Urheberrechte, Marken und sonstigen geistigen Eigentumsrechte an s\u00e4mtlichen Texten, Bildern und anderen Materialien auf den Seiten und in der App sind Eigentum der MOSER SCHAFFHAUSEN AG oder werden mit Genehmigung genutzt.<\/p>\n\n\n\n<p>Sie d\u00fcrfen Inhalte unserer Seiten ausschlie\u00dflich f\u00fcr pers\u00f6nliche, nicht-kommerzielle Zwecke herunterladen, anzeigen oder drucken, wobei alle Urheberrechts- oder anderen Eigentumshinweise beibehalten und reproduziert werden m\u00fcssen. Jede andere Nutzung, einschlie\u00dflich der Vervielf\u00e4ltigung, \u00c4nderung, Verbreitung, \u00dcbertragung oder Weiterverbreitung der Inhalte der Seiten, ganz oder teilweise und auf irgendeine Weise, ist strengstens untersagt, es sei denn, die MOSER SCHAFFHAUSEN AG hat zuvor schriftlich zugestimmt.<\/p>\n\n\n\n<p>Die Vervielf\u00e4ltigung und Ver\u00f6ffentlichung von Medienmaterialien, die auf dieser Seite unter dem Abschnitt \u201ePresse\u201c verf\u00fcgbar sind, ist zu redaktionellen Zwecken gestattet, sofern die Quelle eindeutig angegeben wird: MOSER SCHAFFHAUSEN AG. Diese Erlaubnis schlie\u00dft jedoch nicht das Recht ein, Materialien zu \u00e4ndern.<\/p>\n\n\n\n<p>Die MOSER SCHAFFHAUSEN AG gew\u00e4hrleistet nicht, dass Ihre Nutzung der auf den Seiten und in der App angezeigten Inhalte keine Rechte Dritter verletzt.<\/p>\n\n\n\n<p>Sie gew\u00e4hrleisten, dass Sie die Rechte an jeglichen Einsendungen, einschlie\u00dflich Vorschl\u00e4gen oder Ideen, besitzen oder die Erlaubnis zur Weitergabe eingeholt haben. Sie stimmen au\u00dferdem zu, dass die MOSER SCHAFFHAUSEN AG Ihre Einsendung kostenlos erneut verwenden darf.<\/p>\n\n\n\n<h2 class=\"wp-block-heading\">Bewertungen, Rezensionen und Erfahrungsberichte<\/h2>\n\n\n\n<p>Die MOSER SCHAFFHAUSEN AG begr\u00fc\u00dft Feedback zu Ihren Erfahrungen mit unseren Produkten \u00fcber unsere Seiten und App. Erfahrungsberichte sollten genau und konstruktiv sein. Wir behalten uns das Recht vor, Ihre Erfahrungsberichte hinsichtlich L\u00e4nge, Rechtschreibung usw. zu bearbeiten und Ihre Kommentare in E-Mails und anderen Marketingmaterialien zu ver\u00f6ffentlichen.<\/p>\n\n\n\n<h2 class=\"wp-block-heading\">Verschiedenes<\/h2>\n\n\n\n<p>Diese Nutzungsbedingungen unterliegen schweizerischem Recht, und alle Streitigkeiten sind vor den Gerichten in Schaffhausen, Schweiz, auszutragen.<\/p>\n\n\n\n<p>Diese Seite wird von der MOSER SCHAFFHAUSEN AG betrieben, ans\u00e4ssig in der Rundbuckstrasse 10, 8212 Neuhausen am Rheinfall, Schweiz. Bei Fragen kontaktieren Sie uns bitte per E-Mail unter <a href=\"mailto:marketing@h-moser.com\">marketing@h-moser.com<\/a>.<\/p>\n\n\n\n<p>MOSER SCHAFFHAUSEN AG \u2013 2024<\/p>\n\n\n\n<h1 class=\"wp-block-heading\">DATENSCHUTZERKL\u00c4RUNG<\/h1>\n\n\n\n<p><strong>Vielen Dank f\u00fcr Ihren Besuch und die Nutzung unserer Website, E-Boutique sowie unserer Social-Media-Seiten (\u201eSeiten\u201c) und der H. Moser &amp; Cie. App.<\/strong><\/p>\n\n\n\n<p>Die MOSER SCHAFFHAUSEN AG respektiert Ihr Recht auf Privatsph\u00e4re in der Online-Welt, wenn Sie unsere Seiten und die Pioneer Chronicles besuchen oder unsere H. Moser &amp; Cie. App nutzen. Diese Datenschutzerkl\u00e4rung erkl\u00e4rt, wie und zu welchen Zwecken wir die Informationen, die wir \u00fcber Sie sammeln, verwenden, sei es \u00fcber unsere Seiten und App oder \u00fcber Offline-Programme und Veranstaltungen.<\/p>\n\n\n\n<h2 class=\"wp-block-heading\">Geltungsbereich dieser Datenschutzerkl\u00e4rung und Ihre Zustimmung<\/h2>\n\n\n\n<p>Durch die Nutzung unserer Seiten und App oder die Bereitstellung Ihrer personenbezogenen Daten akzeptieren Sie die in dieser Datenschutzerkl\u00e4rung beschriebenen Praktiken. Sollten Sie mit dieser Datenschutzerkl\u00e4rung nicht einverstanden sein, bitten wir Sie, unsere Seiten und App nicht zu nutzen oder uns keine personenbezogenen Daten bereitzustellen.<\/p>\n\n\n\n<p>Die MOSER SCHAFFHAUSEN AG beh\u00e4lt sich das Recht vor, \u00c4nderungen und Korrekturen an dieser Datenschutzerkl\u00e4rung vorzunehmen. Bitte besuchen Sie diese Seite regelm\u00e4\u00dfig, um etwaige Neuerungen zu \u00fcberpr\u00fcfen.<\/p>\n\n\n\n<h2 class=\"wp-block-heading\">Welche personenbezogenen Daten erheben wir von Ihnen?<\/h2>\n\n\n\n<p>Wir sammeln nur personenbezogene Informationen, die f\u00fcr einen bestimmten Zweck erforderlich sind, oder die Sie uns mit Ihrer Zustimmung, basierend auf Ihren Handlungen und Verhaltensweisen oder aus einem berechtigten Grund zur Verf\u00fcgung stellen:<\/p>\n\n\n\n<ul class=\"wp-block-list\">\n<li>Pers\u00f6nliche Kontaktdaten (z. B. Geschlecht, Alter, Name, vollst\u00e4ndige Adresse, E-Mail, Telefonnummer, geografischer Standort);<\/li>\n\n\n\n<li>Informationen zu Bestellungen und K\u00e4ufen;<\/li>\n\n\n\n<li>Angaben zu Ihrer Uhr (Seriennummer, Kaufdatum\/-ort);<\/li>\n\n\n\n<li>u. v. m.<\/li>\n<\/ul>\n\n\n\n<p>Warum sammeln wir personenbezogene Daten?<\/p>\n\n\n\n<ul class=\"wp-block-list\">\n<li>Vertragserf\u00fcllung (z. B. Bearbeitung von Bestellungen).<\/li>\n\n\n\n<li>Mit Ihrer Zustimmung (z. B. Marketingzwecke).<\/li>\n\n\n\n<li>Berechtigtes Interesse (z. B. Betrugspr\u00e4vention).<\/li>\n\n\n\n<li>Gesetzliche Verpflichtungen (z. B. Aufbewahrungspflichten).<\/li>\n<\/ul>\n\n\n\n<p>Ihre Rechte<\/p>\n\n\n\n<ul class=\"wp-block-list\">\n<li>Zugriff auf Ihre Daten und Berichtigung.<\/li>\n\n\n\n<li>Einschr\u00e4nkung oder L\u00f6schung unter bestimmten Voraussetzungen.<\/li>\n\n\n\n<li>Widerspruch gegen Verarbeitung.<\/li>\n\n\n\n<li>Daten\u00fcbertragbarkeit.<\/li>\n<\/ul>\n\n\n\n<p>Kontaktieren Sie uns jederzeit unter marketing@h-moser.com.<\/p>\n","protected":false},"excerpt":{"rendered":"<p>Willkommen! Wir, die MOSER SCHAFFHAUSEN AG, verpflichten uns, das Vertrauen und die Zufriedenheit der Besucher unserer Websites und sozialen Kan\u00e4le (\u201edie Seiten\u201c), einschlie\u00dflich www.h-moser.com,&nbsp; https:\/\/pioneerchronicles.com&nbsp;und der H. Moser &amp; Cie. App, zu wahren. Die Nutzungsbedingungen gelten f\u00fcr alle Benutzer unserer Seiten und App, insbesondere Besucher, Fans oder Partner. Ihr Zugriff auf und die Nutzung unserer &hellip; <a href=\"https:\/\/h-moser.com\/de\/terms-and-conditions\/\">Continued<\/a><\/p>\n","protected":false},"author":3,"featured_media":0,"parent":0,"menu_order":0,"comment_status":"closed","ping_status":"closed","template":"","meta":{"_acf_changed":false,"_seopress_robots_primary_cat":"","_seopress_titles_title":"Terms &amp; Conditions - H. Moser &amp; Cie.","_seopress_titles_desc":"","_seopress_robots_index":"","footnotes":""},"class_list":["post-13835","page","type-page","status-publish","hentry"],"acf":[],"_links":{"self":[{"href":"https:\/\/h-moser.com\/de\/wp-json\/wp\/v2\/pages\/13835","targetHints":{"allow":["GET"]}}],"collection":[{"href":"https:\/\/h-moser.com\/de\/wp-json\/wp\/v2\/pages"}],"about":[{"href":"https:\/\/h-moser.com\/de\/wp-json\/wp\/v2\/types\/page"}],"author":[{"embeddable":true,"href":"https:\/\/h-moser.com\/de\/wp-json\/wp\/v2\/users\/3"}],"replies":[{"embeddable":true,"href":"https:\/\/h-moser.com\/de\/wp-json\/wp\/v2\/comments?post=13835"}],"version-history":[{"count":28,"href":"https:\/\/h-moser.com\/de\/wp-json\/wp\/v2\/pages\/13835\/revisions"}],"predecessor-version":[{"id":99180,"href":"https:\/\/h-moser.com\/de\/wp-json\/wp\/v2\/pages\/13835\/revisions\/99180"}],"wp:attachment":[{"href":"https:\/\/h-moser.com\/de\/wp-json\/wp\/v2\/media?parent=13835"}],"curies":[{"name":"wp","href":"https:\/\/api.w.org\/{rel}","templated":true}]}}