{"id":14872,"date":"2020-11-03T15:04:54","date_gmt":"2020-11-03T14:04:54","guid":{"rendered":"https:\/\/h-moser.com\/?page_id=14872"},"modified":"2020-11-24T14:34:42","modified_gmt":"2020-11-24T13:34:42","slug":"grundsatzerklaerung-der-geschaeftsleitung","status":"publish","type":"page","link":"https:\/\/h-moser.com\/de\/grundsatzerklaerung-der-geschaeftsleitung\/","title":{"rendered":"Grundsatzerkl\u00e4rung der Gesch\u00e4ftsleitung"},"content":{"rendered":"\n<p>Die Gesch\u00e4ftsleitung der MOSER SCHAFFHAUSEN AG hat die Verpflichtung Produkte zu entwickeln, die vollst\u00e4ndig den Erwartungen des Kunden entsprechen.<br>Die Zufriedenheit unserer Kunden sehen wir als wichtigste Voraussetzung f\u00fcr unseren langfristigen, wirtschaftlichen Erfolg.<br><\/p>\n\n\n\n<p>Die Gesch\u00e4ftsleitung und alle Mitarbeitenden verpflichten sich zur strikten Einhaltung der Arbeits\u2010 und Verfahrensanweisungen um diese kontinuierlich sowie nachhaltig zu verbessern. Unsere Mitarbeitenden werden aktiv in die Qualit\u00e4tsverantwortung einbezogen und leisten dadurch ihren Beitrag zum Qualit\u00e4tsmanagement.<\/p>\n\n\n\n<p><br>Unsere gesellschaftliche Verantwortung und das \u00f6ffentliche Erscheinungsbild der MOSER SCHAFFHAUSEN AG gehen jedoch weit \u00fcber kundenspezifische Qualit\u00e4tsanforderungen hinaus.<br>Wir sensibilisieren alle in den Bereichen Arbeitssicherheit, Menschenrechte, Gesundheits- und Umweltschutz und f\u00f6rdern eine aktive Mitgestaltung der Bereiche in der Unternehmung.<\/p>\n\n\n\n<p><br>Zukunftsorientiertes, nachhaltiges Handeln sowie ein korrektes, ethisches Verhalten aller Mitarbeitenden geh\u00f6ren zur betrieblichen Wertevorstellung und dienen als Fundament eines respektvollen Umgangs \u00fcber alle Bereiche und F\u00fchrungsstufen.<br>Korrupte Handlungen, sei es seitens der Unternehmung- oder seitens Gesch\u00e4ftspartner werden nicht geduldet. Jegliche Auff\u00e4lligkeiten oder Zuwiderhandlungen unserer Werte m\u00fcssen der Gesch\u00e4ftsleitung unverz\u00fcglich gemeldet werden.<\/p>\n\n\n\n<p><br>Die Gesch\u00e4ftsleitung und das Qualit\u00e4tsmanagement agieren als Vorbild. Mittels Gespr\u00e4chen, regelm\u00e4ssige Meetings und weiteren Ma\u00dfnahmen wird sichergestellt, dass die Qualit\u00e4tspolitik den Mitarbeitenden \u00fcbermittelt wurde und gelebt wird. Um die Umsetzung jederzeit sicherzustellen, muss der Zugang zum Managementhandbuch jedem Mitarbeitenden gew\u00e4hrt werden.<\/p>\n\n\n\n<p>Edouard Meylan<br>CEO<br>September 2020<\/p>\n\n\n\n<\/br><h4><strong>Werte<\/strong><\/h4>\n\n\n\n<p>In unserem Unternehmen akzeptiert jeder einzelne Mitarbeitende den Grundsatz der\ngemeinsamen Werte. Jeder einzelne Mitarbeitende ist f\u00fcr seine Leistung und sein Handeln verantwortlich. Wir legen grossen Wert darauf, dass wir uns mit Anstand, Vertrauen, Ehrlichkeit,\nRespekt, Fairness, und Hilfsbereitschaft begegnen. Wir halten unsere Versprechen ein, um\nunsere Kundschaft mit einem pers\u00f6nlichem Service und einzigartigen Produkten zufrieden zu\nstellen sowie den weiteren Erfolg unserer Unternehmung zu garantieren.<\/p>\n\n\n\n<h4 class=\"wp-block-heading\"><strong>Verantwortung Rohmaterialien<\/strong><\/h4>\n\n\n\n<p>Wir sind uns der Verantwortung und Risiken bez\u00fcglich Menschenrechte bewusst und beschaffen unsere Edelmetalle und Edelsteine ausschliesslich aus zertifiziertem und gepr\u00fcftem Ursprung. Die Einhaltung und Umsetzung von gesetzlichen und normativen Vorschriften hat in unserer Lieferkette h\u00f6chste Priorit\u00e4t.<br>Tierische Materialien f\u00fcr B\u00e4nder beschaffen wir ausschlie\u00dflich aus zertifizierter Herstellung und legen gr\u00f6ssten Wert auf Nachhaltigkeit, Zuchtbetrieb sowie deren Arterhaltung und Aus\u00fcbung von Artenschutz.<\/p>\n\n\n\n<h4 class=\"wp-block-heading\"><strong>Umgang mit nat\u00fcrlichen Ressourcen<\/strong><\/h4>\n\n\n\n<p>Verantwortung und Respekt gegen\u00fcber der Umwelt ist uns wichtig. Wir setzten uns wenn immer m\u00f6glich f\u00fcr einen sorgsamen und nachhaltigen Umgang aller nat\u00fcrlichen Ressourcen ein. Unser Anspruch ist es, eine st\u00e4ndige Verbesserung mittels Verwendung von alternativen und nachhaltigen Materialien zu schaffen sowie eine stetige Reduzierung unseres CO2 Footprints.<\/p>\n\n\n\n<h4 class=\"wp-block-heading\"><strong>Due Diligence-Politik<\/strong><\/h4>\n\n\n\n<p>Unsere Due Diligence-Politik und Prozesse werden gem\u00e4ss den geltenden 5 Schritten der OECD-Richtlinien mindestens einmal j\u00e4hrlich \u00fcberpr\u00fcft und bei Bedarf angepasst. Bitte <a href=\"https:\/\/h-moser.com\/de\/contact-us-de\/\" data-type=\"URL\" data-id=\"https:\/\/h-moser.com\/de\/contact-us-de\/\">kontaktieren Sie uns<\/a> f\u00fcr weitere Informationen.<\/p>\n\n\n\n<h4 class=\"wp-block-heading\"><strong>Bedenken oder Beschwerden<\/strong><\/h4>\n\n\n\n<p>Bedenken oder Beschwerden bez\u00fcglich der Menschenrechte, sowie relevante Informationen und Beobachtungen von direktem und indirektem Verhalten unseres Unternehmens, welche nicht unseren Werten und Verpflichtungen entsprechen, k\u00f6nnen anonym an <a href=\"mailto:info@h-moser.com\">info@h-moser.com<\/a> gerichtet werden. <\/p>\n","protected":false},"excerpt":{"rendered":"<p>Die Gesch\u00e4ftsleitung der MOSER SCHAFFHAUSEN AG hat die Verpflichtung Produkte zu entwickeln, die vollst\u00e4ndig den Erwartungen des Kunden entsprechen.Die Zufriedenheit unserer Kunden sehen wir als wichtigste Voraussetzung f\u00fcr unseren langfristigen, wirtschaftlichen Erfolg. Die Gesch\u00e4ftsleitung und alle Mitarbeitenden verpflichten sich zur strikten Einhaltung der Arbeits\u2010 und Verfahrensanweisungen um diese kontinuierlich sowie nachhaltig zu verbessern. Unsere Mitarbeitenden &hellip; <a href=\"https:\/\/h-moser.com\/de\/grundsatzerklaerung-der-geschaeftsleitung\/\">Continued<\/a><\/p>\n","protected":false},"author":14,"featured_media":0,"parent":0,"menu_order":0,"comment_status":"closed","ping_status":"closed","template":"","meta":{"_acf_changed":false,"_seopress_robots_primary_cat":"","_seopress_titles_title":"","_seopress_titles_desc":"","_seopress_robots_index":"","footnotes":""},"class_list":["post-14872","page","type-page","status-publish","hentry"],"acf":[],"_links":{"self":[{"href":"https:\/\/h-moser.com\/de\/wp-json\/wp\/v2\/pages\/14872","targetHints":{"allow":["GET"]}}],"collection":[{"href":"https:\/\/h-moser.com\/de\/wp-json\/wp\/v2\/pages"}],"about":[{"href":"https:\/\/h-moser.com\/de\/wp-json\/wp\/v2\/types\/page"}],"author":[{"embeddable":true,"href":"https:\/\/h-moser.com\/de\/wp-json\/wp\/v2\/users\/14"}],"replies":[{"embeddable":true,"href":"https:\/\/h-moser.com\/de\/wp-json\/wp\/v2\/comments?post=14872"}],"version-history":[{"count":3,"href":"https:\/\/h-moser.com\/de\/wp-json\/wp\/v2\/pages\/14872\/revisions"}],"predecessor-version":[{"id":15578,"href":"https:\/\/h-moser.com\/de\/wp-json\/wp\/v2\/pages\/14872\/revisions\/15578"}],"wp:attachment":[{"href":"https:\/\/h-moser.com\/de\/wp-json\/wp\/v2\/media?parent=14872"}],"curies":[{"name":"wp","href":"https:\/\/api.w.org\/{rel}","templated":true}]}}