{"id":19704,"date":"2021-02-17T15:07:04","date_gmt":"2021-02-17T14:07:04","guid":{"rendered":"https:\/\/h-moser.com\/jobs\/"},"modified":"2026-03-27T10:41:18","modified_gmt":"2026-03-27T09:41:18","slug":"jobs","status":"publish","type":"page","link":"https:\/\/h-moser.com\/de\/jobs\/","title":{"rendered":"Jobs"},"content":{"rendered":"\n<p>Ob beim Blick in die Zukunft oder bei der respektvollen R\u00fcckschau auf die Vergangenheit: H. Moser &amp; Cie. war sich seit jeher bewusst, dass es das Menschliche ist, was uns auszeichnet. Das Wissen und K\u00f6nnen, das jedes Teammitglied mitbringt, ist f\u00fcr den Erfolg unserer Manufaktur von gr\u00f6sster Bedeutung. Wir sind eine kleine Marke, die ganz in der N\u00e4he des Rheinfalls in Schaffhausen angesiedelt ist, und verstehen uns als eine Familie.<\/p>\n\n\n\n<p>M\u00f6chten auch Sie ein Mitglied unseres Teams werden? Dann bewerben Sie sich bitte auf eine der folgenden Stellen oder senden uns eine E-Mail:&nbsp;<a href=\"mailto:jobs@h-moser.com\">jobs@h-moser.com<\/a><\/p>\n","protected":false},"excerpt":{"rendered":"<p>Ob beim Blick in die Zukunft oder bei der respektvollen R\u00fcckschau auf die Vergangenheit: H. Moser &amp; Cie. war sich seit jeher bewusst, dass es das Menschliche ist, was uns auszeichnet. Das Wissen und K\u00f6nnen, das jedes Teammitglied mitbringt, ist f\u00fcr den Erfolg unserer Manufaktur von gr\u00f6sster Bedeutung. Wir sind eine kleine Marke, die ganz &hellip; <a href=\"https:\/\/h-moser.com\/de\/jobs\/\">Continued<\/a><\/p>\n","protected":false},"author":3,"featured_media":0,"parent":0,"menu_order":0,"comment_status":"closed","ping_status":"closed","template":"views\/template-jobs.blade.php","meta":{"_acf_changed":false,"_seopress_robots_primary_cat":"","_seopress_titles_title":"","_seopress_titles_desc":"","_seopress_robots_index":"","footnotes":""},"class_list":["post-19704","page","type-page","status-publish","hentry"],"acf":[],"_links":{"self":[{"href":"https:\/\/h-moser.com\/de\/wp-json\/wp\/v2\/pages\/19704","targetHints":{"allow":["GET"]}}],"collection":[{"href":"https:\/\/h-moser.com\/de\/wp-json\/wp\/v2\/pages"}],"about":[{"href":"https:\/\/h-moser.com\/de\/wp-json\/wp\/v2\/types\/page"}],"author":[{"embeddable":true,"href":"https:\/\/h-moser.com\/de\/wp-json\/wp\/v2\/users\/3"}],"replies":[{"embeddable":true,"href":"https:\/\/h-moser.com\/de\/wp-json\/wp\/v2\/comments?post=19704"}],"version-history":[{"count":160,"href":"https:\/\/h-moser.com\/de\/wp-json\/wp\/v2\/pages\/19704\/revisions"}],"predecessor-version":[{"id":118890,"href":"https:\/\/h-moser.com\/de\/wp-json\/wp\/v2\/pages\/19704\/revisions\/118890"}],"wp:attachment":[{"href":"https:\/\/h-moser.com\/de\/wp-json\/wp\/v2\/media?parent=19704"}],"curies":[{"name":"wp","href":"https:\/\/api.w.org\/{rel}","templated":true}]}}