{"id":40376,"date":"2022-02-07T14:20:26","date_gmt":"2022-02-07T13:20:26","guid":{"rendered":"https:\/\/h-moser.com\/user-manual\/"},"modified":"2022-02-21T09:58:44","modified_gmt":"2022-02-21T08:58:44","slug":"user-manual","status":"publish","type":"page","link":"https:\/\/h-moser.com\/de\/user-manual\/","title":{"rendered":"Finden Sie Ihre Bedienungsanleitung"},"content":{"rendered":"\n<p>Die H. Moser &amp; Cie. Bedienungsanleitungen sind nachstehend aufgef\u00fchrt. Um die f\u00fcr Ihre Uhr passende zu finden, k\u00f6nnen Sie das Suchfeld oder die Filter verwenden und das Dokument herunterladen.<\/p>\n","protected":false},"excerpt":{"rendered":"<p>Die H. Moser &amp; Cie. Bedienungsanleitungen sind nachstehend aufgef\u00fchrt. Um die f\u00fcr Ihre Uhr passende zu finden, k\u00f6nnen Sie das Suchfeld oder die Filter verwenden und das Dokument herunterladen.<\/p>\n","protected":false},"author":3,"featured_media":0,"parent":0,"menu_order":0,"comment_status":"closed","ping_status":"closed","template":"views\/template-user-manual.blade.php","meta":{"_acf_changed":false,"_seopress_robots_primary_cat":"","_seopress_titles_title":"","_seopress_titles_desc":"","_seopress_robots_index":"","footnotes":""},"class_list":["post-40376","page","type-page","status-publish","hentry"],"acf":[],"_links":{"self":[{"href":"https:\/\/h-moser.com\/de\/wp-json\/wp\/v2\/pages\/40376","targetHints":{"allow":["GET"]}}],"collection":[{"href":"https:\/\/h-moser.com\/de\/wp-json\/wp\/v2\/pages"}],"about":[{"href":"https:\/\/h-moser.com\/de\/wp-json\/wp\/v2\/types\/page"}],"author":[{"embeddable":true,"href":"https:\/\/h-moser.com\/de\/wp-json\/wp\/v2\/users\/3"}],"replies":[{"embeddable":true,"href":"https:\/\/h-moser.com\/de\/wp-json\/wp\/v2\/comments?post=40376"}],"version-history":[{"count":6,"href":"https:\/\/h-moser.com\/de\/wp-json\/wp\/v2\/pages\/40376\/revisions"}],"predecessor-version":[{"id":40579,"href":"https:\/\/h-moser.com\/de\/wp-json\/wp\/v2\/pages\/40376\/revisions\/40579"}],"wp:attachment":[{"href":"https:\/\/h-moser.com\/de\/wp-json\/wp\/v2\/media?parent=40376"}],"curies":[{"name":"wp","href":"https:\/\/api.w.org\/{rel}","templated":true}]}}