{"id":100021,"date":"2025-01-08T12:11:56","date_gmt":"2025-01-08T11:11:56","guid":{"rendered":"https:\/\/h-moser.com\/?post_type=product&#038;p=100021"},"modified":"2025-01-09T15:03:15","modified_gmt":"2025-01-09T14:03:15","slug":"endeavour-blue-lagoon-tourbillon-1804-0405","status":"publish","type":"product","link":"https:\/\/h-moser.com\/de\/produkt\/endeavour-blue-lagoon-tourbillon-1804-0405\/","title":{"rendered":"Endeavour Tourbillon Blue Lagoon Diamond Bezel"},"content":{"rendered":"<p>Die Verk\u00f6rperung zeitgen\u00f6ssischer Eleganz: Die Endeavour Tourbillon aus Rotgold mit einer diamantbesetzten L\u00fcnette von 38 mm und einem Blue Lagoon Fum\u00e9-Zifferblatt vereint das automatische Manufakturwerk von H. Moser &#038; Cie. mit einem faszinierenden Tourbillon. Auf Indizes oder Verzierungen wird zugunsten eines dezenten Designs verzichtet, wodurch das ausdrucksstarke Fum\u00e9-Zifferblatt und die hypnotische Bewegung des Tourbillons im Mittelpunkt stehen.<\/p>\n","protected":false},"excerpt":{"rendered":"<p>Die Verk\u00f6rperung zeitgen\u00f6ssischer Eleganz: Die Endeavour Tourbillon aus Rotgold mit einer diamantbesetzten L\u00fcnette von 38 mm und einem Blue Lagoon Fum\u00e9-Zifferblatt vereint das automatische Manufakturwerk von H. Moser &#038; Cie. mit einem faszinierenden Tourbillon. Auf Indizes oder Verzierungen wird zugunsten eines dezenten Designs verzichtet, wodurch das ausdrucksstarke Fum\u00e9-Zifferblatt und die hypnotische Bewegung des Tourbillons im &hellip; <a href=\"https:\/\/h-moser.com\/de\/produkt\/endeavour-blue-lagoon-tourbillon-1804-0405\/\">Continued<\/a><\/p>\n","protected":false},"featured_media":100035,"template":"","meta":{"_acf_changed":false,"_seopress_robots_primary_cat":"none","_seopress_titles_title":"H. Moser &amp; Cie. \u2013 Endeavour Tourbillon Concept White Gold and Diamonds with Funky Blue dial","_seopress_titles_desc":"Endeavour Tourbillon Concept in white gold, diamonds and Funky Blue fum\u00e9 dial. Minimalist yet complex haute horlogerie.","_seopress_robots_index":""},"product_brand":[],"product_cat":[171,219],"product_tag":[],"class_list":{"0":"post-100021","1":"product","2":"type-product","3":"status-publish","4":"has-post-thumbnail","6":"product_cat-endeavour-de","7":"product_cat-tourbillon-de","9":"first","10":"instock","11":"shipping-taxable","12":"purchasable","13":"product-type-simple"},"acf":[],"_links":{"self":[{"href":"https:\/\/h-moser.com\/de\/wp-json\/wp\/v2\/product\/100021","targetHints":{"allow":["GET"]}}],"collection":[{"href":"https:\/\/h-moser.com\/de\/wp-json\/wp\/v2\/product"}],"about":[{"href":"https:\/\/h-moser.com\/de\/wp-json\/wp\/v2\/types\/product"}],"wp:featuredmedia":[{"embeddable":true,"href":"https:\/\/h-moser.com\/de\/wp-json\/wp\/v2\/media\/100035"}],"wp:attachment":[{"href":"https:\/\/h-moser.com\/de\/wp-json\/wp\/v2\/media?parent=100021"}],"wp:term":[{"taxonomy":"product_brand","embeddable":true,"href":"https:\/\/h-moser.com\/de\/wp-json\/wp\/v2\/product_brand?post=100021"},{"taxonomy":"product_cat","embeddable":true,"href":"https:\/\/h-moser.com\/de\/wp-json\/wp\/v2\/product_cat?post=100021"},{"taxonomy":"product_tag","embeddable":true,"href":"https:\/\/h-moser.com\/de\/wp-json\/wp\/v2\/product_tag?post=100021"}],"curies":[{"name":"wp","href":"https:\/\/api.w.org\/{rel}","templated":true}]}}