{"id":101381,"date":"2025-02-10T10:55:20","date_gmt":"2025-02-10T09:55:20","guid":{"rendered":"https:\/\/h-moser.com\/?post_type=product&#038;p=101381"},"modified":"2025-02-12T15:46:48","modified_gmt":"2025-02-12T14:46:48","slug":"streamliner-tourbillon-6814-0700","status":"publish","type":"product","link":"https:\/\/h-moser.com\/de\/produkt\/streamliner-tourbillon-6814-0700\/","title":{"rendered":"Streamliner Tourbillon Skeleton Boutique Edition"},"content":{"rendered":"<p>Die Streamliner Tourbillon Skeleton Boutique Edition verzichtet auf alles Artifizielle und verleiht so unserer minimalistischen Philosophie glanzvollen Ausdruck. Sie pr\u00e4sentiert sich in einem kissenf\u00f6rmigen 40-mm-Geh\u00e4use aus Gelbgold mit integriertem Armband und ist mit einer minuti\u00f6s gearbeiteten Straumann\u00ae Doppelspirale ausgestattet. Eine Uhr, die den Beginn eines goldenen Zeitalters markiert \u2013 den Moment, in dem Schaffhausen auf das Silicon Valley trifft.<\/p>\n","protected":false},"excerpt":{"rendered":"<p>Die Streamliner Tourbillon Skeleton Boutique Edition verzichtet auf alles Artifizielle und verleiht so unserer minimalistischen Philosophie glanzvollen Ausdruck. Sie pr\u00e4sentiert sich in einem kissenf\u00f6rmigen 40-mm-Geh\u00e4use aus Gelbgold mit integriertem Armband und ist mit einer minuti\u00f6s gearbeiteten Straumann\u00ae Doppelspirale ausgestattet. Eine Uhr, die den Beginn eines goldenen Zeitalters markiert \u2013 den Moment, in dem Schaffhausen auf &hellip; <a href=\"https:\/\/h-moser.com\/de\/produkt\/streamliner-tourbillon-6814-0700\/\">Continued<\/a><\/p>\n","protected":false},"featured_media":101390,"template":"","meta":{"_acf_changed":false,"_seopress_robots_primary_cat":"none","_seopress_titles_title":"","_seopress_titles_desc":"","_seopress_robots_index":""},"product_brand":[],"product_cat":[102,1681],"product_tag":[],"class_list":{"0":"post-101381","1":"product","2":"type-product","3":"status-publish","4":"has-post-thumbnail","6":"product_cat-streamliner-de","7":"product_cat-tourbillon-de-2","9":"first","10":"instock","11":"shipping-taxable","12":"purchasable","13":"product-type-simple"},"acf":[],"_links":{"self":[{"href":"https:\/\/h-moser.com\/de\/wp-json\/wp\/v2\/product\/101381","targetHints":{"allow":["GET"]}}],"collection":[{"href":"https:\/\/h-moser.com\/de\/wp-json\/wp\/v2\/product"}],"about":[{"href":"https:\/\/h-moser.com\/de\/wp-json\/wp\/v2\/types\/product"}],"wp:featuredmedia":[{"embeddable":true,"href":"https:\/\/h-moser.com\/de\/wp-json\/wp\/v2\/media\/101390"}],"wp:attachment":[{"href":"https:\/\/h-moser.com\/de\/wp-json\/wp\/v2\/media?parent=101381"}],"wp:term":[{"taxonomy":"product_brand","embeddable":true,"href":"https:\/\/h-moser.com\/de\/wp-json\/wp\/v2\/product_brand?post=101381"},{"taxonomy":"product_cat","embeddable":true,"href":"https:\/\/h-moser.com\/de\/wp-json\/wp\/v2\/product_cat?post=101381"},{"taxonomy":"product_tag","embeddable":true,"href":"https:\/\/h-moser.com\/de\/wp-json\/wp\/v2\/product_tag?post=101381"}],"curies":[{"name":"wp","href":"https:\/\/api.w.org\/{rel}","templated":true}]}}