{"id":103716,"date":"2025-03-25T12:35:20","date_gmt":"2025-03-25T11:35:20","guid":{"rendered":"https:\/\/h-moser.com\/?post_type=product&#038;p=103716"},"modified":"2025-03-31T11:17:40","modified_gmt":"2025-03-31T09:17:40","slug":"endeavour-tourbillon-concept-pop-1805-1206","status":"publish","type":"product","link":"https:\/\/h-moser.com\/de\/produkt\/endeavour-tourbillon-concept-pop-1805-1206\/","title":{"rendered":"Endeavour Tourbillon Concept Pop"},"content":{"rendered":"<p>Die Endeavour Tourbillon Concept Pop aus birmanischem Jade fasziniert mit seiner bemerkenswerten Klarheit und den tiefgr\u00fcnen T\u00f6nen. Die Hauptrolle spielt das von allen entbehrlichen Elementen befreite Zifferblatt aus Jade \u2013 erg\u00e4nzt durch peruanischen rosa Opal von h\u00f6chster Qualit\u00e4t \u2013, auf dem ein faszinierendes fliegendes Tourbillon mit Doppelspirale zu schweben scheint. Auf nur 8 Exemplare limitiert, ist diese Uhr so einzigartig wie die aussergew\u00f6hnlichen Steine, die sie pr\u00e4gen.<\/p>\n<p>&nbsp;<\/p>\n<p><a href=\"https:\/\/h-moser.com\/de\/pop-collection\/\"> Entdecken Sie die Pop-Kollektion<\/a>!<\/p>\n","protected":false},"excerpt":{"rendered":"<p>Die Endeavour Tourbillon Concept Pop aus birmanischem Jade fasziniert mit seiner bemerkenswerten Klarheit und den tiefgr\u00fcnen T\u00f6nen. Die Hauptrolle spielt das von allen entbehrlichen Elementen befreite Zifferblatt aus Jade \u2013 erg\u00e4nzt durch peruanischen rosa Opal von h\u00f6chster Qualit\u00e4t \u2013, auf dem ein faszinierendes fliegendes Tourbillon mit Doppelspirale zu schweben scheint. Auf nur 8 Exemplare limitiert, &hellip; <a href=\"https:\/\/h-moser.com\/de\/produkt\/endeavour-tourbillon-concept-pop-1805-1206\/\">Continued<\/a><\/p>\n","protected":false},"featured_media":103658,"template":"","meta":{"_acf_changed":false,"_seopress_robots_primary_cat":"none","_seopress_titles_title":"","_seopress_titles_desc":"","_seopress_robots_index":""},"product_brand":[],"product_cat":[171,2306],"product_tag":[],"class_list":{"0":"post-103716","1":"product","2":"type-product","3":"status-publish","4":"has-post-thumbnail","6":"product_cat-endeavour-de","7":"product_cat-tourbillon-pop-collection-de","9":"first","10":"instock","11":"shipping-taxable","12":"purchasable","13":"product-type-simple"},"acf":[],"_links":{"self":[{"href":"https:\/\/h-moser.com\/de\/wp-json\/wp\/v2\/product\/103716","targetHints":{"allow":["GET"]}}],"collection":[{"href":"https:\/\/h-moser.com\/de\/wp-json\/wp\/v2\/product"}],"about":[{"href":"https:\/\/h-moser.com\/de\/wp-json\/wp\/v2\/types\/product"}],"wp:featuredmedia":[{"embeddable":true,"href":"https:\/\/h-moser.com\/de\/wp-json\/wp\/v2\/media\/103658"}],"wp:attachment":[{"href":"https:\/\/h-moser.com\/de\/wp-json\/wp\/v2\/media?parent=103716"}],"wp:term":[{"taxonomy":"product_brand","embeddable":true,"href":"https:\/\/h-moser.com\/de\/wp-json\/wp\/v2\/product_brand?post=103716"},{"taxonomy":"product_cat","embeddable":true,"href":"https:\/\/h-moser.com\/de\/wp-json\/wp\/v2\/product_cat?post=103716"},{"taxonomy":"product_tag","embeddable":true,"href":"https:\/\/h-moser.com\/de\/wp-json\/wp\/v2\/product_tag?post=103716"}],"curies":[{"name":"wp","href":"https:\/\/api.w.org\/{rel}","templated":true}]}}