{"id":103943,"date":"2025-05-05T17:51:48","date_gmt":"2025-03-25T16:51:48","guid":{"rendered":"https:\/\/h-moser.com\/?post_type=product&#038;p=103943"},"modified":"2025-05-06T10:40:10","modified_gmt":"2025-05-06T08:40:10","slug":"endeavour-small-seconds-concept-pop-1202-1203","status":"publish","type":"product","link":"https:\/\/h-moser.com\/de\/produkt\/endeavour-small-seconds-concept-pop-1202-1203\/","title":{"rendered":"Endeavour Small Seconds Concept Pop"},"content":{"rendered":"<p>Ein Studium der Eleganz und Weichheit: Die Endeavour Small Seconds Concept Pop aus peruanischem pinken Opal f\u00e4ngt die Essenz dieses au\u00dfergew\u00f6hnlich seltenen Edelsteins ein, bekannt f\u00fcr seine wolkenartigen Muster. Mit burmesischer Jade kombiniert, strahlt das Zifferblatt W\u00e4rme und eine reine, ungefilterte Sch\u00f6nheit aus, die durch kein Logo beeintr\u00e4chtigt wird. Auf 6 Uhr erzeugt die kleine Sekunde einen raffinierten visuellen Rhythmus. Diese auf nur 28 Exemplare limitierte Uhr ist ein Zeugnis der Harmonie von Material und Handwerkskunst.<\/p>\n<p>&nbsp;<\/p>\n<p><a href=\"https:\/\/h-moser.com\/de\/pop-collection\/\"> Entdecken Sie die Pop-Kollektion<\/a>!<\/p>\n","protected":false},"excerpt":{"rendered":"<p>Ein Studium der Eleganz und Weichheit: Die Endeavour Small Seconds Concept Pop aus peruanischem pinken Opal f\u00e4ngt die Essenz dieses au\u00dfergew\u00f6hnlich seltenen Edelsteins ein, bekannt f\u00fcr seine wolkenartigen Muster. Mit burmesischer Jade kombiniert, strahlt das Zifferblatt W\u00e4rme und eine reine, ungefilterte Sch\u00f6nheit aus, die durch kein Logo beeintr\u00e4chtigt wird. Auf 6 Uhr erzeugt die kleine &hellip; <a href=\"https:\/\/h-moser.com\/de\/produkt\/endeavour-small-seconds-concept-pop-1202-1203\/\">Continued<\/a><\/p>\n","protected":false},"featured_media":103546,"template":"","meta":{"_acf_changed":false,"_seopress_robots_primary_cat":"none","_seopress_titles_title":"","_seopress_titles_desc":"","_seopress_robots_index":""},"product_brand":[],"product_cat":[171,2298],"product_tag":[],"class_list":{"0":"post-103943","1":"product","2":"type-product","3":"status-publish","4":"has-post-thumbnail","6":"product_cat-endeavour-de","7":"product_cat-small-seconds-pop-collection-de","9":"first","10":"instock","11":"shipping-taxable","12":"purchasable","13":"product-type-simple"},"acf":[],"_links":{"self":[{"href":"https:\/\/h-moser.com\/de\/wp-json\/wp\/v2\/product\/103943","targetHints":{"allow":["GET"]}}],"collection":[{"href":"https:\/\/h-moser.com\/de\/wp-json\/wp\/v2\/product"}],"about":[{"href":"https:\/\/h-moser.com\/de\/wp-json\/wp\/v2\/types\/product"}],"wp:featuredmedia":[{"embeddable":true,"href":"https:\/\/h-moser.com\/de\/wp-json\/wp\/v2\/media\/103546"}],"wp:attachment":[{"href":"https:\/\/h-moser.com\/de\/wp-json\/wp\/v2\/media?parent=103943"}],"wp:term":[{"taxonomy":"product_brand","embeddable":true,"href":"https:\/\/h-moser.com\/de\/wp-json\/wp\/v2\/product_brand?post=103943"},{"taxonomy":"product_cat","embeddable":true,"href":"https:\/\/h-moser.com\/de\/wp-json\/wp\/v2\/product_cat?post=103943"},{"taxonomy":"product_tag","embeddable":true,"href":"https:\/\/h-moser.com\/de\/wp-json\/wp\/v2\/product_tag?post=103943"}],"curies":[{"name":"wp","href":"https:\/\/api.w.org\/{rel}","templated":true}]}}