{"id":103948,"date":"2025-03-25T17:58:24","date_gmt":"2025-03-25T16:58:24","guid":{"rendered":"https:\/\/h-moser.com\/?post_type=product&#038;p=103948"},"modified":"2025-03-31T11:17:47","modified_gmt":"2025-03-31T09:17:47","slug":"endeavour-tourbillon-concept-pop-1805-1204","status":"publish","type":"product","link":"https:\/\/h-moser.com\/de\/produkt\/endeavour-tourbillon-concept-pop-1805-1204\/","title":{"rendered":"Endeavour Tourbillon Concept Pop"},"content":{"rendered":"<p>Eine k\u00fchne Interpretation von Haute Horlogerie: Die Endeavour Tourbillon Concept Pop in rosa Opal fesselt durch ihre aussergew\u00f6hnliche Leuchtkraft. Das Zifferblatt, raffiniert akzentuiert durch burmesische Jade, erzeugt ein ebenso zartes wie eindrucksvolles Farbenspiel und bildet die Leinwand, um das fliegende Minutentourbillon auf 6 Uhr in Szene zu setzen. Das puristische Design, das auf alles Entbehrliche verzichtet, l\u00e4sst die Edelsteine ihre eigene Geschichte erz\u00e4hlen. Dieser auf nur 8 Exemplare limitierte Zeitmesser ist ein rares, leuchtendes Beispiel f\u00fcr nat\u00fcrliche Sch\u00f6nheit und meisterliche Uhrmacherkunst.<\/p>\n<p>&nbsp;<\/p>\n<p><a href=\"https:\/\/h-moser.com\/de\/pop-collection\/\"> Entdecken Sie die Pop-Kollektion<\/a>!<\/p>\n","protected":false},"excerpt":{"rendered":"<p>Eine k\u00fchne Interpretation von Haute Horlogerie: Die Endeavour Tourbillon Concept Pop in rosa Opal fesselt durch ihre aussergew\u00f6hnliche Leuchtkraft. Das Zifferblatt, raffiniert akzentuiert durch burmesische Jade, erzeugt ein ebenso zartes wie eindrucksvolles Farbenspiel und bildet die Leinwand, um das fliegende Minutentourbillon auf 6 Uhr in Szene zu setzen. Das puristische Design, das auf alles Entbehrliche &hellip; <a href=\"https:\/\/h-moser.com\/de\/produkt\/endeavour-tourbillon-concept-pop-1805-1204\/\">Continued<\/a><\/p>\n","protected":false},"featured_media":103630,"template":"","meta":{"_acf_changed":false,"_seopress_robots_primary_cat":"none","_seopress_titles_title":"","_seopress_titles_desc":"","_seopress_robots_index":""},"product_brand":[],"product_cat":[171,2306],"product_tag":[],"class_list":{"0":"post-103948","1":"product","2":"type-product","3":"status-publish","4":"has-post-thumbnail","6":"product_cat-endeavour-de","7":"product_cat-tourbillon-pop-collection-de","9":"first","10":"instock","11":"shipping-taxable","12":"purchasable","13":"product-type-simple"},"acf":[],"_links":{"self":[{"href":"https:\/\/h-moser.com\/de\/wp-json\/wp\/v2\/product\/103948","targetHints":{"allow":["GET"]}}],"collection":[{"href":"https:\/\/h-moser.com\/de\/wp-json\/wp\/v2\/product"}],"about":[{"href":"https:\/\/h-moser.com\/de\/wp-json\/wp\/v2\/types\/product"}],"wp:featuredmedia":[{"embeddable":true,"href":"https:\/\/h-moser.com\/de\/wp-json\/wp\/v2\/media\/103630"}],"wp:attachment":[{"href":"https:\/\/h-moser.com\/de\/wp-json\/wp\/v2\/media?parent=103948"}],"wp:term":[{"taxonomy":"product_brand","embeddable":true,"href":"https:\/\/h-moser.com\/de\/wp-json\/wp\/v2\/product_brand?post=103948"},{"taxonomy":"product_cat","embeddable":true,"href":"https:\/\/h-moser.com\/de\/wp-json\/wp\/v2\/product_cat?post=103948"},{"taxonomy":"product_tag","embeddable":true,"href":"https:\/\/h-moser.com\/de\/wp-json\/wp\/v2\/product_tag?post=103948"}],"curies":[{"name":"wp","href":"https:\/\/api.w.org\/{rel}","templated":true}]}}