{"id":103953,"date":"2025-03-25T18:19:26","date_gmt":"2025-03-25T17:19:26","guid":{"rendered":"https:\/\/h-moser.com\/?post_type=product&#038;p=103953"},"modified":"2025-03-31T09:03:59","modified_gmt":"2025-03-31T07:03:59","slug":"endeavour-minute-repeater-tourbillon-concept-pop-1904-0407","status":"publish","type":"product","link":"https:\/\/h-moser.com\/de\/produkt\/endeavour-minute-repeater-tourbillon-concept-pop-1904-0407\/","title":{"rendered":"Endeavour Minute Repeater Tourbillon Concept Pop"},"content":{"rendered":"<p>Die Endeavour Minute Repeater Tourbillon Concept Pop in rosa Opal sucht wahrhaft ihresgleichen. Die minimalistische Gestaltung des Zifferblatts \u2013 ohne Logo, ohne Ziffern \u2013 l\u00e4sst die Steine erstrahlen, w\u00e4hrend das fliegende Tourbillon auf 6 Uhr seine Runden dreht und die sichtbaren H\u00e4mmer und Tonfedern die Melodie der Minutenrepetition zum Leben erwecken.<\/p>\n<p>&nbsp;<\/p>\n<p><a href=\"https:\/\/h-moser.com\/de\/pop-collection\/\"> Entdecken Sie die Pop-Kollektion!<\/a><\/p>\n","protected":false},"excerpt":{"rendered":"<p>Die Endeavour Minute Repeater Tourbillon Concept Pop in rosa Opal sucht wahrhaft ihresgleichen. Die minimalistische Gestaltung des Zifferblatts \u2013 ohne Logo, ohne Ziffern \u2013 l\u00e4sst die Steine erstrahlen, w\u00e4hrend das fliegende Tourbillon auf 6 Uhr seine Runden dreht und die sichtbaren H\u00e4mmer und Tonfedern die Melodie der Minutenrepetition zum Leben erwecken. &nbsp; Entdecken Sie die &hellip; <a href=\"https:\/\/h-moser.com\/de\/produkt\/endeavour-minute-repeater-tourbillon-concept-pop-1904-0407\/\">Continued<\/a><\/p>\n","protected":false},"featured_media":104558,"template":"","meta":{"_acf_changed":false,"_seopress_robots_primary_cat":"none","_seopress_titles_title":"","_seopress_titles_desc":"","_seopress_robots_index":""},"product_brand":[],"product_cat":[171,2302],"product_tag":[],"class_list":{"0":"post-103953","1":"product","2":"type-product","3":"status-publish","4":"has-post-thumbnail","6":"product_cat-endeavour-de","7":"product_cat-minute-repeater-pop-collection-de","9":"first","10":"instock","11":"shipping-taxable","12":"product-type-simple"},"acf":[],"_links":{"self":[{"href":"https:\/\/h-moser.com\/de\/wp-json\/wp\/v2\/product\/103953","targetHints":{"allow":["GET"]}}],"collection":[{"href":"https:\/\/h-moser.com\/de\/wp-json\/wp\/v2\/product"}],"about":[{"href":"https:\/\/h-moser.com\/de\/wp-json\/wp\/v2\/types\/product"}],"wp:featuredmedia":[{"embeddable":true,"href":"https:\/\/h-moser.com\/de\/wp-json\/wp\/v2\/media\/104558"}],"wp:attachment":[{"href":"https:\/\/h-moser.com\/de\/wp-json\/wp\/v2\/media?parent=103953"}],"wp:term":[{"taxonomy":"product_brand","embeddable":true,"href":"https:\/\/h-moser.com\/de\/wp-json\/wp\/v2\/product_brand?post=103953"},{"taxonomy":"product_cat","embeddable":true,"href":"https:\/\/h-moser.com\/de\/wp-json\/wp\/v2\/product_cat?post=103953"},{"taxonomy":"product_tag","embeddable":true,"href":"https:\/\/h-moser.com\/de\/wp-json\/wp\/v2\/product_tag?post=103953"}],"curies":[{"name":"wp","href":"https:\/\/api.w.org\/{rel}","templated":true}]}}