{"id":103979,"date":"2025-03-25T18:26:12","date_gmt":"2025-03-25T17:26:12","guid":{"rendered":"https:\/\/h-moser.com\/?post_type=product&#038;p=103979"},"modified":"2025-03-31T09:40:05","modified_gmt":"2025-03-31T07:40:05","slug":"endeavour-small-seconds-concept-pop-1202-1204","status":"publish","type":"product","link":"https:\/\/h-moser.com\/de\/produkt\/endeavour-small-seconds-concept-pop-1202-1204\/","title":{"rendered":"Endeavour Small Seconds Concept Pop"},"content":{"rendered":"<p>Die Endeavour Small Seconds Concept Pop in Lapislazuli zelebriert einen Edelstein, der seit Jahrhunderten die K\u00fcnstler in seinen Bann zieht. Auf Logos und Zifferbl\u00e4tter wurde verzichtet, um die reine Sch\u00f6nheit des Edelsteins ins Rampenlicht zu r\u00fccken, der wegen seiner leuchtend blauen Farbe gew\u00e4hlt wurde. Die kleine Sekunde auf 6 Uhr ist in Zitronenchrysopras ausgef\u00fchrt und bereichert die edle Komposition um einen atemberaubenden Kontrast. Diese auf nur 28 Exemplare limitierte Uhr verleiht unserer Pop-\u00c4ra markanten Ausdruck.<\/p>\n<p>&nbsp;<\/p>\n<p><a href=\"https:\/\/h-moser.com\/de\/pop-collection\/\"> Entdecken Sie die Pop-Kollektion<\/a>!<\/p>\n","protected":false},"excerpt":{"rendered":"<p>Die Endeavour Small Seconds Concept Pop in Lapislazuli zelebriert einen Edelstein, der seit Jahrhunderten die K\u00fcnstler in seinen Bann zieht. Auf Logos und Zifferbl\u00e4tter wurde verzichtet, um die reine Sch\u00f6nheit des Edelsteins ins Rampenlicht zu r\u00fccken, der wegen seiner leuchtend blauen Farbe gew\u00e4hlt wurde. Die kleine Sekunde auf 6 Uhr ist in Zitronenchrysopras ausgef\u00fchrt und &hellip; <a href=\"https:\/\/h-moser.com\/de\/produkt\/endeavour-small-seconds-concept-pop-1202-1204\/\">Continued<\/a><\/p>\n","protected":false},"featured_media":103560,"template":"","meta":{"_acf_changed":false,"_seopress_robots_primary_cat":"none","_seopress_titles_title":"","_seopress_titles_desc":"","_seopress_robots_index":""},"product_brand":[],"product_cat":[171,2298],"product_tag":[],"class_list":{"0":"post-103979","1":"product","2":"type-product","3":"status-publish","4":"has-post-thumbnail","6":"product_cat-endeavour-de","7":"product_cat-small-seconds-pop-collection-de","9":"first","10":"instock","11":"shipping-taxable","12":"purchasable","13":"product-type-simple"},"acf":[],"_links":{"self":[{"href":"https:\/\/h-moser.com\/de\/wp-json\/wp\/v2\/product\/103979","targetHints":{"allow":["GET"]}}],"collection":[{"href":"https:\/\/h-moser.com\/de\/wp-json\/wp\/v2\/product"}],"about":[{"href":"https:\/\/h-moser.com\/de\/wp-json\/wp\/v2\/types\/product"}],"wp:featuredmedia":[{"embeddable":true,"href":"https:\/\/h-moser.com\/de\/wp-json\/wp\/v2\/media\/103560"}],"wp:attachment":[{"href":"https:\/\/h-moser.com\/de\/wp-json\/wp\/v2\/media?parent=103979"}],"wp:term":[{"taxonomy":"product_brand","embeddable":true,"href":"https:\/\/h-moser.com\/de\/wp-json\/wp\/v2\/product_brand?post=103979"},{"taxonomy":"product_cat","embeddable":true,"href":"https:\/\/h-moser.com\/de\/wp-json\/wp\/v2\/product_cat?post=103979"},{"taxonomy":"product_tag","embeddable":true,"href":"https:\/\/h-moser.com\/de\/wp-json\/wp\/v2\/product_tag?post=103979"}],"curies":[{"name":"wp","href":"https:\/\/api.w.org\/{rel}","templated":true}]}}