{"id":103984,"date":"2025-05-05T17:30:49","date_gmt":"2025-03-25T17:30:49","guid":{"rendered":"https:\/\/h-moser.com\/?post_type=product&#038;p=103984"},"modified":"2025-05-06T12:08:34","modified_gmt":"2025-05-06T10:08:34","slug":"endeavour-tourbillon-concept-pop-1805-1205","status":"publish","type":"product","link":"https:\/\/h-moser.com\/de\/produkt\/endeavour-tourbillon-concept-pop-1805-1205\/","title":{"rendered":"Endeavour Tourbillon Concept Pop"},"content":{"rendered":"<p>Lapislazuli, ein von K\u00f6nigen und K\u00fcnstlern gleichermassen gesch\u00e4tzter Edelstein, schm\u00fcckt die Endeavour Tourbillon Concept Pop und macht sie mit seinem satten, intensiven Ultramarinblau zu einer wahren Augenweide. Zitronenchrysopras bildet dazu die perfekte Erg\u00e4nzung. Vollendet wird dieses minimalistische Meisterwerk durch die hypnotisierenden Bewegungen des fliegenden Minutentourbillons auf 6 Uhr, das mit unserer charakteristischen Doppelspirale ausgestattet ist. Ein Zeitmesser, der Tradition und Innovation auf aussergew\u00f6hnliche Weise verbindet und in nur 8 Exemplaren aufgelegt wird.<\/p>\n<p>&nbsp;<\/p>\n<p><a href=\"https:\/\/h-moser.com\/de\/pop-collection\/\"> Entdecken Sie die Pop-Kollektion<\/a>!<\/p>\n","protected":false},"excerpt":{"rendered":"<p>Lapislazuli, ein von K\u00f6nigen und K\u00fcnstlern gleichermassen gesch\u00e4tzter Edelstein, schm\u00fcckt die Endeavour Tourbillon Concept Pop und macht sie mit seinem satten, intensiven Ultramarinblau zu einer wahren Augenweide. Zitronenchrysopras bildet dazu die perfekte Erg\u00e4nzung. Vollendet wird dieses minimalistische Meisterwerk durch die hypnotisierenden Bewegungen des fliegenden Minutentourbillons auf 6 Uhr, das mit unserer charakteristischen Doppelspirale ausgestattet ist. &hellip; <a href=\"https:\/\/h-moser.com\/de\/produkt\/endeavour-tourbillon-concept-pop-1805-1205\/\">Continued<\/a><\/p>\n","protected":false},"featured_media":103644,"template":"","meta":{"_acf_changed":false,"_seopress_robots_primary_cat":"none","_seopress_titles_title":"","_seopress_titles_desc":"","_seopress_robots_index":""},"product_brand":[],"product_cat":[171,2306],"product_tag":[],"class_list":{"0":"post-103984","1":"product","2":"type-product","3":"status-publish","4":"has-post-thumbnail","6":"product_cat-endeavour-de","7":"product_cat-tourbillon-pop-collection-de","9":"first","10":"instock","11":"shipping-taxable","12":"purchasable","13":"product-type-simple"},"acf":[],"_links":{"self":[{"href":"https:\/\/h-moser.com\/de\/wp-json\/wp\/v2\/product\/103984","targetHints":{"allow":["GET"]}}],"collection":[{"href":"https:\/\/h-moser.com\/de\/wp-json\/wp\/v2\/product"}],"about":[{"href":"https:\/\/h-moser.com\/de\/wp-json\/wp\/v2\/types\/product"}],"wp:featuredmedia":[{"embeddable":true,"href":"https:\/\/h-moser.com\/de\/wp-json\/wp\/v2\/media\/103644"}],"wp:attachment":[{"href":"https:\/\/h-moser.com\/de\/wp-json\/wp\/v2\/media?parent=103984"}],"wp:term":[{"taxonomy":"product_brand","embeddable":true,"href":"https:\/\/h-moser.com\/de\/wp-json\/wp\/v2\/product_brand?post=103984"},{"taxonomy":"product_cat","embeddable":true,"href":"https:\/\/h-moser.com\/de\/wp-json\/wp\/v2\/product_cat?post=103984"},{"taxonomy":"product_tag","embeddable":true,"href":"https:\/\/h-moser.com\/de\/wp-json\/wp\/v2\/product_tag?post=103984"}],"curies":[{"name":"wp","href":"https:\/\/api.w.org\/{rel}","templated":true}]}}