{"id":104064,"date":"2025-03-25T18:50:20","date_gmt":"2025-03-25T17:50:20","guid":{"rendered":"https:\/\/h-moser.com\/?post_type=product&#038;p=104064"},"modified":"2025-03-31T09:45:43","modified_gmt":"2025-03-31T07:45:43","slug":"endeavour-small-seconds-concept-pop-1202-1202","status":"publish","type":"product","link":"https:\/\/h-moser.com\/de\/produkt\/endeavour-small-seconds-concept-pop-1202-1202\/","title":{"rendered":"Endeavour Small Seconds Concept Pop"},"content":{"rendered":"<p>Die Endeavour Small Seconds Concept Pop in Zitronenchrysopras spr\u00fcht vor Leben und strahlt Selbstbewusstsein und Vitalit\u00e4t aus. Der Edelstein mit seinem frischen Zitruston verleiht dem Zifferblatt Energie. Frei von Logos und Indizes, r\u00fcckt diese Uhr den Stein ins Rampenlicht. Bei 6 Uhr setzt die kleine Sekunde aus Lapislazuli einen starken Kontrast. Dieser spritzig-frische, auf nur 28 Exemplare limitierte Zeitmesser erinnert Sie daran, dass hohe Uhrmacherkunst sch\u00f6n und heiter zugleich sein kann.<\/p>\n<p>&nbsp;<\/p>\n<p><a href=\"https:\/\/h-moser.com\/de\/pop-collection\/\"> Entdecken Sie die Pop-Kollektion<\/a>!<\/p>\n","protected":false},"excerpt":{"rendered":"<p>Die Endeavour Small Seconds Concept Pop in Zitronenchrysopras spr\u00fcht vor Leben und strahlt Selbstbewusstsein und Vitalit\u00e4t aus. Der Edelstein mit seinem frischen Zitruston verleiht dem Zifferblatt Energie. Frei von Logos und Indizes, r\u00fcckt diese Uhr den Stein ins Rampenlicht. Bei 6 Uhr setzt die kleine Sekunde aus Lapislazuli einen starken Kontrast. Dieser spritzig-frische, auf nur &hellip; <a href=\"https:\/\/h-moser.com\/de\/produkt\/endeavour-small-seconds-concept-pop-1202-1202\/\">Continued<\/a><\/p>\n","protected":false},"featured_media":103532,"template":"","meta":{"_acf_changed":false,"_seopress_robots_primary_cat":"none","_seopress_titles_title":"","_seopress_titles_desc":"","_seopress_robots_index":""},"product_brand":[],"product_cat":[171,2298],"product_tag":[],"class_list":{"0":"post-104064","1":"product","2":"type-product","3":"status-publish","4":"has-post-thumbnail","6":"product_cat-endeavour-de","7":"product_cat-small-seconds-pop-collection-de","9":"first","10":"instock","11":"shipping-taxable","12":"purchasable","13":"product-type-simple"},"acf":[],"_links":{"self":[{"href":"https:\/\/h-moser.com\/de\/wp-json\/wp\/v2\/product\/104064","targetHints":{"allow":["GET"]}}],"collection":[{"href":"https:\/\/h-moser.com\/de\/wp-json\/wp\/v2\/product"}],"about":[{"href":"https:\/\/h-moser.com\/de\/wp-json\/wp\/v2\/types\/product"}],"wp:featuredmedia":[{"embeddable":true,"href":"https:\/\/h-moser.com\/de\/wp-json\/wp\/v2\/media\/103532"}],"wp:attachment":[{"href":"https:\/\/h-moser.com\/de\/wp-json\/wp\/v2\/media?parent=104064"}],"wp:term":[{"taxonomy":"product_brand","embeddable":true,"href":"https:\/\/h-moser.com\/de\/wp-json\/wp\/v2\/product_brand?post=104064"},{"taxonomy":"product_cat","embeddable":true,"href":"https:\/\/h-moser.com\/de\/wp-json\/wp\/v2\/product_cat?post=104064"},{"taxonomy":"product_tag","embeddable":true,"href":"https:\/\/h-moser.com\/de\/wp-json\/wp\/v2\/product_tag?post=104064"}],"curies":[{"name":"wp","href":"https:\/\/api.w.org\/{rel}","templated":true}]}}