{"id":104069,"date":"2025-03-25T18:54:22","date_gmt":"2025-03-25T17:54:22","guid":{"rendered":"https:\/\/h-moser.com\/?post_type=product&#038;p=104069"},"modified":"2025-05-05T14:40:19","modified_gmt":"2025-05-05T12:40:19","slug":"endeavour-tourbillon-concept-pop-1805-1203","status":"publish","type":"product","link":"https:\/\/h-moser.com\/de\/produkt\/endeavour-tourbillon-concept-pop-1805-1203\/","title":{"rendered":"Endeavour Tourbillon Concept Pop"},"content":{"rendered":"<p>Die Endeavour Tourbillon Concept Pop in Zitronenchrysopras wirkt gleichermassen k\u00fchn und elegant. Der ausdrucksstarke Edelstein, dem man nachsagt, das Selbstvertrauen zu steigern, gewinnt in Kombination mit dem himmlischen, tiefen Blau von Lapislazuli eine \u00fcberraschende Eleganz. Das ganz aufs Wesentliche reduzierte Zifferblatt wird zur B\u00fchne f\u00fcr das fliegende Minutentourbillon auf 6 Uhr, das Bewegung und \u00c4sthetik in perfekter Harmonie vereint. Mit nur 8 verf\u00fcgbaren Exemplaren ist diese Uhr ein rarer Ausdruck k\u00fchner Raffinesse.<\/p>\n<p>&nbsp;<\/p>\n<p><a href=\"https:\/\/h-moser.com\/de\/pop-collection\/\"> Entdecken Sie die Pop-Kollektion<\/a>!<\/p>\n","protected":false},"excerpt":{"rendered":"<p>Die Endeavour Tourbillon Concept Pop in Zitronenchrysopras wirkt gleichermassen k\u00fchn und elegant. Der ausdrucksstarke Edelstein, dem man nachsagt, das Selbstvertrauen zu steigern, gewinnt in Kombination mit dem himmlischen, tiefen Blau von Lapislazuli eine \u00fcberraschende Eleganz. Das ganz aufs Wesentliche reduzierte Zifferblatt wird zur B\u00fchne f\u00fcr das fliegende Minutentourbillon auf 6 Uhr, das Bewegung und \u00c4sthetik &hellip; <a href=\"https:\/\/h-moser.com\/de\/produkt\/endeavour-tourbillon-concept-pop-1805-1203\/\">Continued<\/a><\/p>\n","protected":false},"featured_media":103616,"template":"","meta":{"_acf_changed":false,"_seopress_robots_primary_cat":"none","_seopress_titles_title":"","_seopress_titles_desc":"","_seopress_robots_index":""},"product_brand":[],"product_cat":[171,2306],"product_tag":[],"class_list":{"0":"post-104069","1":"product","2":"type-product","3":"status-publish","4":"has-post-thumbnail","6":"product_cat-endeavour-de","7":"product_cat-tourbillon-pop-collection-de","9":"first","10":"instock","11":"shipping-taxable","12":"purchasable","13":"product-type-simple"},"acf":[],"_links":{"self":[{"href":"https:\/\/h-moser.com\/de\/wp-json\/wp\/v2\/product\/104069","targetHints":{"allow":["GET"]}}],"collection":[{"href":"https:\/\/h-moser.com\/de\/wp-json\/wp\/v2\/product"}],"about":[{"href":"https:\/\/h-moser.com\/de\/wp-json\/wp\/v2\/types\/product"}],"wp:featuredmedia":[{"embeddable":true,"href":"https:\/\/h-moser.com\/de\/wp-json\/wp\/v2\/media\/103616"}],"wp:attachment":[{"href":"https:\/\/h-moser.com\/de\/wp-json\/wp\/v2\/media?parent=104069"}],"wp:term":[{"taxonomy":"product_brand","embeddable":true,"href":"https:\/\/h-moser.com\/de\/wp-json\/wp\/v2\/product_brand?post=104069"},{"taxonomy":"product_cat","embeddable":true,"href":"https:\/\/h-moser.com\/de\/wp-json\/wp\/v2\/product_cat?post=104069"},{"taxonomy":"product_tag","embeddable":true,"href":"https:\/\/h-moser.com\/de\/wp-json\/wp\/v2\/product_tag?post=104069"}],"curies":[{"name":"wp","href":"https:\/\/api.w.org\/{rel}","templated":true}]}}