{"id":104074,"date":"2025-03-25T18:57:36","date_gmt":"2025-03-25T17:57:36","guid":{"rendered":"https:\/\/h-moser.com\/?post_type=product&#038;p=104074"},"modified":"2025-03-31T09:11:45","modified_gmt":"2025-03-31T07:11:45","slug":"endeavour-minute-repeater-tourbillon-concept-pop-1904-0406","status":"publish","type":"product","link":"https:\/\/h-moser.com\/de\/produkt\/endeavour-minute-repeater-tourbillon-concept-pop-1904-0406\/","title":{"rendered":"Endeavour Minute Repeater Tourbillon Concept Pop"},"content":{"rendered":"<p>Ein atemberaubendes Zusammenspiel von Licht und Klang: Die Endeavour Minute Repeater Tourbillon Concept Pop in Zitronenchrysopras ist ein brillantes, glanzvolles Meisterwerk. Die lebhafte, nahezu elektrisierende Farbe des Chrysopras erh\u00e4lt durch ein das Blau einen harmonischen Kontrapunkt. Das Design ohne Ziffern und Verzierungen verst\u00e4rkt die Wirkung des fliegenden Tourbillons auf 6 Uhr, w\u00e4hrend die sichtbaren H\u00e4mmer und Tonfedern das Glockenspiel der Minutenrepetition zum Klingen bringen. Dieses Unikat ist eine eindrucksvolle Hommage an k\u00fchnes Design und mechanische Kunstfertigkeit.<\/p>\n<p>&nbsp;<\/p>\n<p><a href=\"https:\/\/h-moser.com\/de\/pop-collection\/\"> Entdecken Sie die Pop-Kollektion<\/a><\/p>\n","protected":false},"excerpt":{"rendered":"<p>Ein atemberaubendes Zusammenspiel von Licht und Klang: Die Endeavour Minute Repeater Tourbillon Concept Pop in Zitronenchrysopras ist ein brillantes, glanzvolles Meisterwerk. Die lebhafte, nahezu elektrisierende Farbe des Chrysopras erh\u00e4lt durch ein das Blau einen harmonischen Kontrapunkt. Das Design ohne Ziffern und Verzierungen verst\u00e4rkt die Wirkung des fliegenden Tourbillons auf 6 Uhr, w\u00e4hrend die sichtbaren H\u00e4mmer &hellip; <a href=\"https:\/\/h-moser.com\/de\/produkt\/endeavour-minute-repeater-tourbillon-concept-pop-1904-0406\/\">Continued<\/a><\/p>\n","protected":false},"featured_media":104544,"template":"","meta":{"_acf_changed":false,"_seopress_robots_primary_cat":"none","_seopress_titles_title":"","_seopress_titles_desc":"","_seopress_robots_index":""},"product_brand":[],"product_cat":[171,2302],"product_tag":[],"class_list":{"0":"post-104074","1":"product","2":"type-product","3":"status-publish","4":"has-post-thumbnail","6":"product_cat-endeavour-de","7":"product_cat-minute-repeater-pop-collection-de","9":"first","10":"instock","11":"shipping-taxable","12":"product-type-simple"},"acf":[],"_links":{"self":[{"href":"https:\/\/h-moser.com\/de\/wp-json\/wp\/v2\/product\/104074","targetHints":{"allow":["GET"]}}],"collection":[{"href":"https:\/\/h-moser.com\/de\/wp-json\/wp\/v2\/product"}],"about":[{"href":"https:\/\/h-moser.com\/de\/wp-json\/wp\/v2\/types\/product"}],"wp:featuredmedia":[{"embeddable":true,"href":"https:\/\/h-moser.com\/de\/wp-json\/wp\/v2\/media\/104544"}],"wp:attachment":[{"href":"https:\/\/h-moser.com\/de\/wp-json\/wp\/v2\/media?parent=104074"}],"wp:term":[{"taxonomy":"product_brand","embeddable":true,"href":"https:\/\/h-moser.com\/de\/wp-json\/wp\/v2\/product_brand?post=104074"},{"taxonomy":"product_cat","embeddable":true,"href":"https:\/\/h-moser.com\/de\/wp-json\/wp\/v2\/product_cat?post=104074"},{"taxonomy":"product_tag","embeddable":true,"href":"https:\/\/h-moser.com\/de\/wp-json\/wp\/v2\/product_tag?post=104074"}],"curies":[{"name":"wp","href":"https:\/\/api.w.org\/{rel}","templated":true}]}}