{"id":104086,"date":"2025-03-25T19:03:04","date_gmt":"2025-03-25T18:03:04","guid":{"rendered":"https:\/\/h-moser.com\/?post_type=product&#038;p=104086"},"modified":"2025-03-31T09:48:43","modified_gmt":"2025-03-31T07:48:43","slug":"endeavour-small-seconds-concept-pop-1202-1200","status":"publish","type":"product","link":"https:\/\/h-moser.com\/de\/produkt\/endeavour-small-seconds-concept-pop-1202-1200\/","title":{"rendered":"Endeavour Small Seconds Concept Pop"},"content":{"rendered":"<p>Tauchen Sie mit der Endeavour Small Seconds Concept Pop in ein Meer aus funkelndem T\u00fcrkis ein. Dieser gesch\u00e4tzte Edelstein verleiht dem Zifferblatt einen frischen Farbton, w\u00e4hrend die kleine Sekunde auf 6 Uhr einen Hauch von tieforanger Koralle einbringt. Ohne Logo und Ziffern gestaltet, versteht sich diese Uhr als reiner Ausdruck einer nat\u00fcrlichen \u00c4sthetik. Eine Ode an die Elemente, limitiert auf nur 28 Exemplare.<\/p>\n<p>&nbsp;<\/p>\n<p><a href=\"https:\/\/h-moser.com\/de\/pop-collection\/\"> Entdecken Sie die Pop-Kollektion!<\/a><\/p>\n","protected":false},"excerpt":{"rendered":"<p>Tauchen Sie mit der Endeavour Small Seconds Concept Pop in ein Meer aus funkelndem T\u00fcrkis ein. Dieser gesch\u00e4tzte Edelstein verleiht dem Zifferblatt einen frischen Farbton, w\u00e4hrend die kleine Sekunde auf 6 Uhr einen Hauch von tieforanger Koralle einbringt. Ohne Logo und Ziffern gestaltet, versteht sich diese Uhr als reiner Ausdruck einer nat\u00fcrlichen \u00c4sthetik. Eine Ode &hellip; <a href=\"https:\/\/h-moser.com\/de\/produkt\/endeavour-small-seconds-concept-pop-1202-1200\/\">Continued<\/a><\/p>\n","protected":false},"featured_media":104778,"template":"","meta":{"_acf_changed":false,"_seopress_robots_primary_cat":"none","_seopress_titles_title":"","_seopress_titles_desc":"","_seopress_robots_index":""},"product_brand":[],"product_cat":[171,2298],"product_tag":[],"class_list":{"0":"post-104086","1":"product","2":"type-product","3":"status-publish","4":"has-post-thumbnail","6":"product_cat-endeavour-de","7":"product_cat-small-seconds-pop-collection-de","9":"first","10":"instock","11":"shipping-taxable","12":"purchasable","13":"product-type-simple"},"acf":[],"_links":{"self":[{"href":"https:\/\/h-moser.com\/de\/wp-json\/wp\/v2\/product\/104086","targetHints":{"allow":["GET"]}}],"collection":[{"href":"https:\/\/h-moser.com\/de\/wp-json\/wp\/v2\/product"}],"about":[{"href":"https:\/\/h-moser.com\/de\/wp-json\/wp\/v2\/types\/product"}],"wp:featuredmedia":[{"embeddable":true,"href":"https:\/\/h-moser.com\/de\/wp-json\/wp\/v2\/media\/104778"}],"wp:attachment":[{"href":"https:\/\/h-moser.com\/de\/wp-json\/wp\/v2\/media?parent=104086"}],"wp:term":[{"taxonomy":"product_brand","embeddable":true,"href":"https:\/\/h-moser.com\/de\/wp-json\/wp\/v2\/product_brand?post=104086"},{"taxonomy":"product_cat","embeddable":true,"href":"https:\/\/h-moser.com\/de\/wp-json\/wp\/v2\/product_cat?post=104086"},{"taxonomy":"product_tag","embeddable":true,"href":"https:\/\/h-moser.com\/de\/wp-json\/wp\/v2\/product_tag?post=104086"}],"curies":[{"name":"wp","href":"https:\/\/api.w.org\/{rel}","templated":true}]}}