{"id":104091,"date":"2025-03-25T19:07:30","date_gmt":"2025-03-25T18:07:30","guid":{"rendered":"https:\/\/h-moser.com\/?post_type=product&#038;p=104091"},"modified":"2025-03-31T11:11:56","modified_gmt":"2025-03-31T09:11:56","slug":"endeavour-tourbillon-concept-pop-1805-1201","status":"publish","type":"product","link":"https:\/\/h-moser.com\/de\/produkt\/endeavour-tourbillon-concept-pop-1805-1201\/","title":{"rendered":"Endeavour Tourbillon Concept Pop"},"content":{"rendered":"<p>Die Endeavour Tourbillon Concept Pop in T\u00fcrkis bringt eine atemberaubende Pr\u00e4senz in die Haute Horlogerie. Ihre k\u00fchle, ozeanische Farbe wird durch die W\u00e4rme der tieforangen Koralle hervorgehoben. So entsteht ein Zifferblatt, das durch markante Kontraste beeindruckt. Ganz auf \u00dcbersichtlichkeit und Purismus angelegt, lenkt es den Blick auf das fliegende Minutentourbillon auf 6 Uhr, das mit unserer charakteristischen Doppelspirale ausgestattet ist und h\u00f6chste Pr\u00e4zision und Stabilit\u00e4t gew\u00e4hrleistet. Mit nur 8 erh\u00e4ltlichen Exemplaren ist diese Uhr ein seltenes Beispiel f\u00fcr das Zusammenwirken von fliessender Eleganz und technischer Meisterschaft.<\/p>\n<p>&nbsp;<\/p>\n<p><a href=\"https:\/\/h-moser.com\/de\/pop-collection\/\"> Entdecken Sie die Pop-Kollektion!<\/a><\/p>\n","protected":false},"excerpt":{"rendered":"<p>Die Endeavour Tourbillon Concept Pop in T\u00fcrkis bringt eine atemberaubende Pr\u00e4senz in die Haute Horlogerie. Ihre k\u00fchle, ozeanische Farbe wird durch die W\u00e4rme der tieforangen Koralle hervorgehoben. So entsteht ein Zifferblatt, das durch markante Kontraste beeindruckt. Ganz auf \u00dcbersichtlichkeit und Purismus angelegt, lenkt es den Blick auf das fliegende Minutentourbillon auf 6 Uhr, das mit &hellip; <a href=\"https:\/\/h-moser.com\/de\/produkt\/endeavour-tourbillon-concept-pop-1805-1201\/\">Continued<\/a><\/p>\n","protected":false},"featured_media":103602,"template":"","meta":{"_acf_changed":false,"_seopress_robots_primary_cat":"none","_seopress_titles_title":"","_seopress_titles_desc":"","_seopress_robots_index":""},"product_brand":[],"product_cat":[171,2306],"product_tag":[],"class_list":{"0":"post-104091","1":"product","2":"type-product","3":"status-publish","4":"has-post-thumbnail","6":"product_cat-endeavour-de","7":"product_cat-tourbillon-pop-collection-de","9":"first","10":"instock","11":"shipping-taxable","12":"purchasable","13":"product-type-simple"},"acf":[],"_links":{"self":[{"href":"https:\/\/h-moser.com\/de\/wp-json\/wp\/v2\/product\/104091","targetHints":{"allow":["GET"]}}],"collection":[{"href":"https:\/\/h-moser.com\/de\/wp-json\/wp\/v2\/product"}],"about":[{"href":"https:\/\/h-moser.com\/de\/wp-json\/wp\/v2\/types\/product"}],"wp:featuredmedia":[{"embeddable":true,"href":"https:\/\/h-moser.com\/de\/wp-json\/wp\/v2\/media\/103602"}],"wp:attachment":[{"href":"https:\/\/h-moser.com\/de\/wp-json\/wp\/v2\/media?parent=104091"}],"wp:term":[{"taxonomy":"product_brand","embeddable":true,"href":"https:\/\/h-moser.com\/de\/wp-json\/wp\/v2\/product_brand?post=104091"},{"taxonomy":"product_cat","embeddable":true,"href":"https:\/\/h-moser.com\/de\/wp-json\/wp\/v2\/product_cat?post=104091"},{"taxonomy":"product_tag","embeddable":true,"href":"https:\/\/h-moser.com\/de\/wp-json\/wp\/v2\/product_tag?post=104091"}],"curies":[{"name":"wp","href":"https:\/\/api.w.org\/{rel}","templated":true}]}}