{"id":104096,"date":"2025-03-25T19:10:53","date_gmt":"2025-03-25T18:10:53","guid":{"rendered":"https:\/\/h-moser.com\/?post_type=product&#038;p=104096"},"modified":"2025-05-05T14:41:07","modified_gmt":"2025-05-05T12:41:07","slug":"endeavour-minute-repeater-tourbillon-concept-pop-1904-0405","status":"publish","type":"product","link":"https:\/\/h-moser.com\/de\/produkt\/endeavour-minute-repeater-tourbillon-concept-pop-1904-0405\/","title":{"rendered":"Endeavour Minute Repeater Tourbillon Concept Pop"},"content":{"rendered":"<p>Die Endeavour Minute Repeater Tourbillon Concept Pop in T\u00fcrkis besticht durch ihren ebenso k\u00fchnen wie edlen Charakter. Der T\u00fcrkis, dem sch\u00fctzende Eigenschaften zugeschrieben werden, strahlt eine Klarheit aus, die durch die feurige Intensit\u00e4t der satt orangen Farbene noch verst\u00e4rkt wird. Getreu unserer minimalistischen Philosophie weist das Zifferblatt keinerlei Markierungen auf. So k\u00f6nnen das fliegende Tourbillon auf 6 Uhr und die sichtbaren H\u00e4mmer und Gongs den Betrachter ganz in ihren Bann ziehen, w\u00e4hrend die Minutenrepetition mit kristallklaren T\u00f6nen pr\u00e4zise die Zeit anschl\u00e4gt. Dieses Unikat ist ein aussergew\u00f6hnlicher Ausdruck von Handwerkskunst und der Wirkung von Kontrasten.<\/p>\n<p>&nbsp;<\/p>\n<p><a href=\"https:\/\/h-moser.com\/de\/pop-collection\/\"> Entdecken Sie die Pop-Kollektion<\/a>!<\/p>\n","protected":false},"excerpt":{"rendered":"<p>Die Endeavour Minute Repeater Tourbillon Concept Pop in T\u00fcrkis besticht durch ihren ebenso k\u00fchnen wie edlen Charakter. Der T\u00fcrkis, dem sch\u00fctzende Eigenschaften zugeschrieben werden, strahlt eine Klarheit aus, die durch die feurige Intensit\u00e4t der satt orangen Farbene noch verst\u00e4rkt wird. Getreu unserer minimalistischen Philosophie weist das Zifferblatt keinerlei Markierungen auf. So k\u00f6nnen das fliegende Tourbillon &hellip; <a href=\"https:\/\/h-moser.com\/de\/produkt\/endeavour-minute-repeater-tourbillon-concept-pop-1904-0405\/\">Continued<\/a><\/p>\n","protected":false},"featured_media":103686,"template":"","meta":{"_acf_changed":false,"_seopress_robots_primary_cat":"none","_seopress_titles_title":"","_seopress_titles_desc":"","_seopress_robots_index":""},"product_brand":[],"product_cat":[171,2302],"product_tag":[],"class_list":{"0":"post-104096","1":"product","2":"type-product","3":"status-publish","4":"has-post-thumbnail","6":"product_cat-endeavour-de","7":"product_cat-minute-repeater-pop-collection-de","9":"first","10":"instock","11":"shipping-taxable","12":"product-type-simple"},"acf":[],"_links":{"self":[{"href":"https:\/\/h-moser.com\/de\/wp-json\/wp\/v2\/product\/104096","targetHints":{"allow":["GET"]}}],"collection":[{"href":"https:\/\/h-moser.com\/de\/wp-json\/wp\/v2\/product"}],"about":[{"href":"https:\/\/h-moser.com\/de\/wp-json\/wp\/v2\/types\/product"}],"wp:featuredmedia":[{"embeddable":true,"href":"https:\/\/h-moser.com\/de\/wp-json\/wp\/v2\/media\/103686"}],"wp:attachment":[{"href":"https:\/\/h-moser.com\/de\/wp-json\/wp\/v2\/media?parent=104096"}],"wp:term":[{"taxonomy":"product_brand","embeddable":true,"href":"https:\/\/h-moser.com\/de\/wp-json\/wp\/v2\/product_brand?post=104096"},{"taxonomy":"product_cat","embeddable":true,"href":"https:\/\/h-moser.com\/de\/wp-json\/wp\/v2\/product_cat?post=104096"},{"taxonomy":"product_tag","embeddable":true,"href":"https:\/\/h-moser.com\/de\/wp-json\/wp\/v2\/product_tag?post=104096"}],"curies":[{"name":"wp","href":"https:\/\/api.w.org\/{rel}","templated":true}]}}