{"id":104101,"date":"2025-03-25T19:14:19","date_gmt":"2025-03-25T18:14:20","guid":{"rendered":"https:\/\/h-moser.com\/?post_type=product&#038;p=104101"},"modified":"2025-03-31T09:53:53","modified_gmt":"2025-03-31T07:53:53","slug":"endeavour-small-seconds-concept-pop-1202-1206","status":"publish","type":"product","link":"https:\/\/h-moser.com\/de\/produkt\/endeavour-small-seconds-concept-pop-1202-1206\/","title":{"rendered":"Endeavour Small Seconds Concept Pop"},"content":{"rendered":"<p>Die Endeavour Small Seconds Concept Pop in tieforanger Koralle verk\u00f6rpert Leidenschaft und Energie. Als Symbol der Lebenskraft strahlt dieser un\u00fcbersehbare Edelstein eine W\u00e4rme aus, die durch die k\u00fchle, heitere Gelassenheit der t\u00fcrkisfarbenen kleinen Sekunde auf 6 Uhr unterstrichen wird, um ein dynamisches Farbenspiel zu schaffen. Ohne Logos oder Ziffern gestaltet, l\u00e4sst das Zifferblatt die strahlenden, kraftvollen Farben f\u00fcr sich sprechen. Mit dieser auf nur 28 Exemplare limitierten Uhr wird Ihr Handgelenk zum absoluten Hingucker.<\/p>\n<p>&nbsp;<\/p>\n<p><a href=\"https:\/\/h-moser.com\/de\/pop-collection\/\"> Entdecken Sie die Pop-Kollektion!<\/a><\/p>\n","protected":false},"excerpt":{"rendered":"<p>Die Endeavour Small Seconds Concept Pop in tieforanger Koralle verk\u00f6rpert Leidenschaft und Energie. Als Symbol der Lebenskraft strahlt dieser un\u00fcbersehbare Edelstein eine W\u00e4rme aus, die durch die k\u00fchle, heitere Gelassenheit der t\u00fcrkisfarbenen kleinen Sekunde auf 6 Uhr unterstrichen wird, um ein dynamisches Farbenspiel zu schaffen. Ohne Logos oder Ziffern gestaltet, l\u00e4sst das Zifferblatt die strahlenden, &hellip; <a href=\"https:\/\/h-moser.com\/de\/produkt\/endeavour-small-seconds-concept-pop-1202-1206\/\">Continued<\/a><\/p>\n","protected":false},"featured_media":103588,"template":"","meta":{"_acf_changed":false,"_seopress_robots_primary_cat":"none","_seopress_titles_title":"","_seopress_titles_desc":"","_seopress_robots_index":""},"product_brand":[],"product_cat":[171,2298],"product_tag":[],"class_list":{"0":"post-104101","1":"product","2":"type-product","3":"status-publish","4":"has-post-thumbnail","6":"product_cat-endeavour-de","7":"product_cat-small-seconds-pop-collection-de","9":"first","10":"instock","11":"shipping-taxable","12":"purchasable","13":"product-type-simple"},"acf":[],"_links":{"self":[{"href":"https:\/\/h-moser.com\/de\/wp-json\/wp\/v2\/product\/104101","targetHints":{"allow":["GET"]}}],"collection":[{"href":"https:\/\/h-moser.com\/de\/wp-json\/wp\/v2\/product"}],"about":[{"href":"https:\/\/h-moser.com\/de\/wp-json\/wp\/v2\/types\/product"}],"wp:featuredmedia":[{"embeddable":true,"href":"https:\/\/h-moser.com\/de\/wp-json\/wp\/v2\/media\/103588"}],"wp:attachment":[{"href":"https:\/\/h-moser.com\/de\/wp-json\/wp\/v2\/media?parent=104101"}],"wp:term":[{"taxonomy":"product_brand","embeddable":true,"href":"https:\/\/h-moser.com\/de\/wp-json\/wp\/v2\/product_brand?post=104101"},{"taxonomy":"product_cat","embeddable":true,"href":"https:\/\/h-moser.com\/de\/wp-json\/wp\/v2\/product_cat?post=104101"},{"taxonomy":"product_tag","embeddable":true,"href":"https:\/\/h-moser.com\/de\/wp-json\/wp\/v2\/product_tag?post=104101"}],"curies":[{"name":"wp","href":"https:\/\/api.w.org\/{rel}","templated":true}]}}