{"id":104106,"date":"2025-03-25T19:19:10","date_gmt":"2025-03-25T18:19:10","guid":{"rendered":"https:\/\/h-moser.com\/?post_type=product&#038;p=104106"},"modified":"2025-03-31T11:05:44","modified_gmt":"2025-03-31T09:05:44","slug":"endeavour-tourbillon-concept-pop-1805-1207","status":"publish","type":"product","link":"https:\/\/h-moser.com\/de\/produkt\/endeavour-tourbillon-concept-pop-1805-1207\/","title":{"rendered":"Endeavour Tourbillon Concept Pop"},"content":{"rendered":"<p>Die Endeavour Tourbillon Concept Pop in tieforanger Koralle setzt ein Statement f\u00fcr Leidenschaft und Intensit\u00e4t. Der feurige Edelstein zieht die Blicke unwiderstehlich an, w\u00e4hrend ein Hauch von T\u00fcrkis eine k\u00fchle Note beisteuert. Befreit von allem Entbehrlichen, lenkt das Zifferblatt die Aufmerksamkeit auf das fliegende Minutentourbillon auf 6 Uhr. Dieses Juwel von einer Uhr ist auf nur 8 Exemplare limitiert.<\/p>\n<p>&nbsp;<\/p>\n<p><a href=\"https:\/\/h-moser.com\/de\/pop-collection\/\"> Entdecken Sie die Pop-Kollektion<\/a>!<\/p>\n","protected":false},"excerpt":{"rendered":"<p>Die Endeavour Tourbillon Concept Pop in tieforanger Koralle setzt ein Statement f\u00fcr Leidenschaft und Intensit\u00e4t. Der feurige Edelstein zieht die Blicke unwiderstehlich an, w\u00e4hrend ein Hauch von T\u00fcrkis eine k\u00fchle Note beisteuert. Befreit von allem Entbehrlichen, lenkt das Zifferblatt die Aufmerksamkeit auf das fliegende Minutentourbillon auf 6 Uhr. Dieses Juwel von einer Uhr ist auf &hellip; <a href=\"https:\/\/h-moser.com\/de\/produkt\/endeavour-tourbillon-concept-pop-1805-1207\/\">Continued<\/a><\/p>\n","protected":false},"featured_media":103672,"template":"","meta":{"_acf_changed":false,"_seopress_robots_primary_cat":"none","_seopress_titles_title":"","_seopress_titles_desc":"","_seopress_robots_index":""},"product_brand":[],"product_cat":[171,2306],"product_tag":[],"class_list":{"0":"post-104106","1":"product","2":"type-product","3":"status-publish","4":"has-post-thumbnail","6":"product_cat-endeavour-de","7":"product_cat-tourbillon-pop-collection-de","9":"first","10":"instock","11":"shipping-taxable","12":"purchasable","13":"product-type-simple"},"acf":[],"_links":{"self":[{"href":"https:\/\/h-moser.com\/de\/wp-json\/wp\/v2\/product\/104106","targetHints":{"allow":["GET"]}}],"collection":[{"href":"https:\/\/h-moser.com\/de\/wp-json\/wp\/v2\/product"}],"about":[{"href":"https:\/\/h-moser.com\/de\/wp-json\/wp\/v2\/types\/product"}],"wp:featuredmedia":[{"embeddable":true,"href":"https:\/\/h-moser.com\/de\/wp-json\/wp\/v2\/media\/103672"}],"wp:attachment":[{"href":"https:\/\/h-moser.com\/de\/wp-json\/wp\/v2\/media?parent=104106"}],"wp:term":[{"taxonomy":"product_brand","embeddable":true,"href":"https:\/\/h-moser.com\/de\/wp-json\/wp\/v2\/product_brand?post=104106"},{"taxonomy":"product_cat","embeddable":true,"href":"https:\/\/h-moser.com\/de\/wp-json\/wp\/v2\/product_cat?post=104106"},{"taxonomy":"product_tag","embeddable":true,"href":"https:\/\/h-moser.com\/de\/wp-json\/wp\/v2\/product_tag?post=104106"}],"curies":[{"name":"wp","href":"https:\/\/api.w.org\/{rel}","templated":true}]}}