{"id":104111,"date":"2025-05-05T17:22:41","date_gmt":"2025-03-25T18:22:41","guid":{"rendered":"https:\/\/h-moser.com\/?post_type=product&#038;p=104111"},"modified":"2025-05-06T12:11:39","modified_gmt":"2025-05-06T10:11:39","slug":"endeavour-minute-repeater-tourbillon-concept-pop-1904-0403","status":"publish","type":"product","link":"https:\/\/h-moser.com\/de\/produkt\/endeavour-minute-repeater-tourbillon-concept-pop-1904-0403\/","title":{"rendered":"Endeavour Minute Repeater Tourbillon Concept Pop"},"content":{"rendered":"<p>Die Endeavour Minute Repeater Tourbillon Concept Pop in tieforanger Koralle spr\u00fcht vor Intensit\u00e4t. Ihr satter, wie geschmolzen wirkender Farbton l\u00e4sst an eine Flamme denken, die prachtvoll vor einer stillen, t\u00fcrkisfarbenen Lagune lodert. Das Zifferblatt ist makellos rein \u2013 ohne Ziffern und Logos. Auf 6 Uhr vollf\u00fchrt das fliegende Tourbillon seine hypnotisierenden Bewegungen, w\u00e4hrend die zifferblattseitig sichtbaren H\u00e4mmer und Tonfedern die Melodie der Minutenrepetition erklingen lassen.<\/p>\n<p>&nbsp;<\/p>\n<p><a href=\"https:\/\/h-moser.com\/de\/pop-collection\/\"> Entdecken Sie die Pop-Kollektion!<\/a><\/p>\n","protected":false},"excerpt":{"rendered":"<p>Die Endeavour Minute Repeater Tourbillon Concept Pop in tieforanger Koralle spr\u00fcht vor Intensit\u00e4t. Ihr satter, wie geschmolzen wirkender Farbton l\u00e4sst an eine Flamme denken, die prachtvoll vor einer stillen, t\u00fcrkisfarbenen Lagune lodert. Das Zifferblatt ist makellos rein \u2013 ohne Ziffern und Logos. Auf 6 Uhr vollf\u00fchrt das fliegende Tourbillon seine hypnotisierenden Bewegungen, w\u00e4hrend die zifferblattseitig &hellip; <a href=\"https:\/\/h-moser.com\/de\/produkt\/endeavour-minute-repeater-tourbillon-concept-pop-1904-0403\/\">Continued<\/a><\/p>\n","protected":false},"featured_media":104516,"template":"","meta":{"_acf_changed":false,"_seopress_robots_primary_cat":"none","_seopress_titles_title":"","_seopress_titles_desc":"","_seopress_robots_index":""},"product_brand":[],"product_cat":[171,2302],"product_tag":[],"class_list":{"0":"post-104111","1":"product","2":"type-product","3":"status-publish","4":"has-post-thumbnail","6":"product_cat-endeavour-de","7":"product_cat-minute-repeater-pop-collection-de","9":"first","10":"instock","11":"shipping-taxable","12":"product-type-simple"},"acf":[],"_links":{"self":[{"href":"https:\/\/h-moser.com\/de\/wp-json\/wp\/v2\/product\/104111","targetHints":{"allow":["GET"]}}],"collection":[{"href":"https:\/\/h-moser.com\/de\/wp-json\/wp\/v2\/product"}],"about":[{"href":"https:\/\/h-moser.com\/de\/wp-json\/wp\/v2\/types\/product"}],"wp:featuredmedia":[{"embeddable":true,"href":"https:\/\/h-moser.com\/de\/wp-json\/wp\/v2\/media\/104516"}],"wp:attachment":[{"href":"https:\/\/h-moser.com\/de\/wp-json\/wp\/v2\/media?parent=104111"}],"wp:term":[{"taxonomy":"product_brand","embeddable":true,"href":"https:\/\/h-moser.com\/de\/wp-json\/wp\/v2\/product_brand?post=104111"},{"taxonomy":"product_cat","embeddable":true,"href":"https:\/\/h-moser.com\/de\/wp-json\/wp\/v2\/product_cat?post=104111"},{"taxonomy":"product_tag","embeddable":true,"href":"https:\/\/h-moser.com\/de\/wp-json\/wp\/v2\/product_tag?post=104111"}],"curies":[{"name":"wp","href":"https:\/\/api.w.org\/{rel}","templated":true}]}}