{"id":10435,"date":"2020-08-10T18:57:41","date_gmt":"2020-08-31T14:20:52","guid":{"rendered":"https:\/\/dev.cosavostra.com\/hmoser\/product\/endeavour-perpetual-calendar-4\/"},"modified":"2022-05-18T10:08:55","modified_gmt":"2022-05-18T08:08:55","slug":"endeavour-perpetual-calendar-6","status":"publish","type":"product","link":"https:\/\/h-moser.com\/de\/produkt\/endeavour-perpetual-calendar-6\/","title":{"rendered":"Endeavour Perpetual Calendar Purity"},"content":{"rendered":"<p>Die Endeavour Perpetual Calendar in Weissgold mit Midnight Blue Fum\u00e9-Zifferblatt setzt eine der komplexesten Komplikationen der Uhrmacherkunst auf raffinierte, preisgekr\u00f6nte Weise um und folgt dabei der \u201eWeniger ist mehr\u201c-Philosophie von H. Moser &amp; Cie. F\u00fcr die Monatsanzeige werden die bestehenden 12 Indizes verwendet. So kommt die Sch\u00f6nheit des Zifferblatts voll zur Geltung, w\u00e4hrend der Monat auf einen Blick intuitiv \u201eabgelesen\u201c werden kann.<\/p>\n","protected":false},"excerpt":{"rendered":"<p>Die Endeavour Perpetual Calendar in Weissgold mit Midnight Blue Fum\u00e9-Zifferblatt setzt eine der komplexesten Komplikationen der Uhrmacherkunst auf raffinierte, preisgekr\u00f6nte Weise um und folgt dabei der \u201eWeniger ist mehr\u201c-Philosophie von H. Moser &amp; Cie. F\u00fcr die Monatsanzeige werden die bestehenden 12 Indizes verwendet. So kommt die Sch\u00f6nheit des Zifferblatts voll zur Geltung, w\u00e4hrend der Monat &hellip; <a href=\"https:\/\/h-moser.com\/de\/produkt\/endeavour-perpetual-calendar-6\/\">Continued<\/a><\/p>\n","protected":false},"featured_media":9786,"template":"","meta":{"_acf_changed":false,"_seopress_robots_primary_cat":"none","_seopress_titles_title":"","_seopress_titles_desc":"","_seopress_robots_index":""},"product_brand":[],"product_cat":[171,1895],"product_tag":[],"class_list":{"0":"post-10435","1":"product","2":"type-product","3":"status-publish","4":"has-post-thumbnail","6":"product_cat-endeavour-de","7":"product_cat-endeavour-models-de","9":"first","10":"unavailable","11":"shipping-taxable","12":"purchasable","13":"product-type-simple"},"acf":[],"_links":{"self":[{"href":"https:\/\/h-moser.com\/de\/wp-json\/wp\/v2\/product\/10435","targetHints":{"allow":["GET"]}}],"collection":[{"href":"https:\/\/h-moser.com\/de\/wp-json\/wp\/v2\/product"}],"about":[{"href":"https:\/\/h-moser.com\/de\/wp-json\/wp\/v2\/types\/product"}],"wp:featuredmedia":[{"embeddable":true,"href":"https:\/\/h-moser.com\/de\/wp-json\/wp\/v2\/media\/9786"}],"wp:attachment":[{"href":"https:\/\/h-moser.com\/de\/wp-json\/wp\/v2\/media?parent=10435"}],"wp:term":[{"taxonomy":"product_brand","embeddable":true,"href":"https:\/\/h-moser.com\/de\/wp-json\/wp\/v2\/product_brand?post=10435"},{"taxonomy":"product_cat","embeddable":true,"href":"https:\/\/h-moser.com\/de\/wp-json\/wp\/v2\/product_cat?post=10435"},{"taxonomy":"product_tag","embeddable":true,"href":"https:\/\/h-moser.com\/de\/wp-json\/wp\/v2\/product_tag?post=10435"}],"curies":[{"name":"wp","href":"https:\/\/api.w.org\/{rel}","templated":true}]}}