{"id":105387,"date":"2025-03-31T15:43:48","date_gmt":"2025-03-31T13:43:48","guid":{"rendered":"https:\/\/h-moser.com\/?post_type=product&#038;p=105387"},"modified":"2025-04-01T09:53:15","modified_gmt":"2025-04-01T07:53:15","slug":"endeavour-centre-seconds-purple-enamel-1201-1200","status":"publish","type":"product","link":"https:\/\/h-moser.com\/de\/produkt\/endeavour-centre-seconds-purple-enamel-1201-1200\/","title":{"rendered":"Endeavour Centre Seconds Concept Purple Enamel"},"content":{"rendered":"<p>Die Magie des Fum\u00e9. Der Glanz des Emails. Erleben Sie die Endeavour Centre Seconds Concept Purple Enamel \u2013 eine Uhr, die die technische Meisterschaft einer Drei-Zeiger-Uhr mit der traditionellen Kunst des Emaillierens vereint, was zu einer glorreichen Neuinterpretation unserer signaturfum\u00e9 Zifferbl\u00e4tter f\u00fchrt. Dieses tragbare Kunstwerk der Moderne in Purple Haze ist in einem 40 mm Stahlgeh\u00e4use untergebracht und wird vom HMC 201 angetrieben, ausgestattet mit einer Doppelspirale.<\/p>\n","protected":false},"excerpt":{"rendered":"<p>Die Magie des Fum\u00e9. Der Glanz des Emails. Erleben Sie die Endeavour Centre Seconds Concept Purple Enamel \u2013 eine Uhr, die die technische Meisterschaft einer Drei-Zeiger-Uhr mit der traditionellen Kunst des Emaillierens vereint, was zu einer glorreichen Neuinterpretation unserer signaturfum\u00e9 Zifferbl\u00e4tter f\u00fchrt. Dieses tragbare Kunstwerk der Moderne in Purple Haze ist in einem 40 mm &hellip; <a href=\"https:\/\/h-moser.com\/de\/produkt\/endeavour-centre-seconds-purple-enamel-1201-1200\/\">Continued<\/a><\/p>\n","protected":false},"featured_media":105431,"template":"","meta":{"_acf_changed":false,"_seopress_robots_primary_cat":"none","_seopress_titles_title":"","_seopress_titles_desc":"","_seopress_robots_index":""},"product_brand":[],"product_cat":[176,171],"product_tag":[],"class_list":{"0":"post-105387","1":"product","2":"type-product","3":"status-publish","4":"has-post-thumbnail","6":"product_cat-centre-seconds-de","7":"product_cat-endeavour-de","9":"first","10":"instock","11":"shipping-taxable","12":"purchasable","13":"product-type-simple"},"acf":[],"_links":{"self":[{"href":"https:\/\/h-moser.com\/de\/wp-json\/wp\/v2\/product\/105387","targetHints":{"allow":["GET"]}}],"collection":[{"href":"https:\/\/h-moser.com\/de\/wp-json\/wp\/v2\/product"}],"about":[{"href":"https:\/\/h-moser.com\/de\/wp-json\/wp\/v2\/types\/product"}],"wp:featuredmedia":[{"embeddable":true,"href":"https:\/\/h-moser.com\/de\/wp-json\/wp\/v2\/media\/105431"}],"wp:attachment":[{"href":"https:\/\/h-moser.com\/de\/wp-json\/wp\/v2\/media?parent=105387"}],"wp:term":[{"taxonomy":"product_brand","embeddable":true,"href":"https:\/\/h-moser.com\/de\/wp-json\/wp\/v2\/product_brand?post=105387"},{"taxonomy":"product_cat","embeddable":true,"href":"https:\/\/h-moser.com\/de\/wp-json\/wp\/v2\/product_cat?post=105387"},{"taxonomy":"product_tag","embeddable":true,"href":"https:\/\/h-moser.com\/de\/wp-json\/wp\/v2\/product_tag?post=105387"}],"curies":[{"name":"wp","href":"https:\/\/api.w.org\/{rel}","templated":true}]}}