{"id":105452,"date":"2025-05-05T11:45:23","date_gmt":"2025-03-31T14:45:23","guid":{"rendered":"https:\/\/h-moser.com\/?post_type=product&#038;p=105452"},"modified":"2025-04-01T10:29:07","modified_gmt":"2025-04-01T08:29:07","slug":"streamliner-flyback-chronograph-6907-0402","status":"publish","type":"product","link":"https:\/\/h-moser.com\/de\/produkt\/streamliner-flyback-chronograph-6907-0402\/","title":{"rendered":"Streamliner Flyback Chronograph Automatic Midnight Blue fum\u00e9"},"content":{"rendered":"<p>Ein schlankes Design. Das geniale HMC 907 Werk. Ein Mitternachtsblau fum\u00e9 Zifferblatt mit handgearbeiteter frostiger Oberfl\u00e4che. Der Streamliner Flyback Chronograph Automatic Frozen verk\u00f6rpert Uhrmacherkunst in ihrer reinsten und ausdrucksvollsten Form. Eingefasst in ein Geh\u00e4use aus 5N Rotgold, zeichnet sich diese sch\u00f6n proportionierte Uhr durch eine v\u00f6llig einzigartige Textur aus, die sowohl Licht als auch Blicke einf\u00e4ngt.<\/p>\n","protected":false},"excerpt":{"rendered":"<p>Ein schlankes Design. Das geniale HMC 907 Werk. Ein Mitternachtsblau fum\u00e9 Zifferblatt mit handgearbeiteter frostiger Oberfl\u00e4che. Der Streamliner Flyback Chronograph Automatic Frozen verk\u00f6rpert Uhrmacherkunst in ihrer reinsten und ausdrucksvollsten Form. Eingefasst in ein Geh\u00e4use aus 5N Rotgold, zeichnet sich diese sch\u00f6n proportionierte Uhr durch eine v\u00f6llig einzigartige Textur aus, die sowohl Licht als auch Blicke &hellip; <a href=\"https:\/\/h-moser.com\/de\/produkt\/streamliner-flyback-chronograph-6907-0402\/\">Continued<\/a><\/p>\n","protected":false},"featured_media":105498,"template":"","meta":{"_acf_changed":false,"_seopress_robots_primary_cat":"none","_seopress_titles_title":"","_seopress_titles_desc":"","_seopress_robots_index":""},"product_brand":[],"product_cat":[328,102],"product_tag":[],"class_list":{"0":"post-105452","1":"product","2":"type-product","3":"status-publish","4":"has-post-thumbnail","6":"product_cat-flyback-chronograph-de","7":"product_cat-streamliner-de","9":"first","10":"instock","11":"shipping-taxable","12":"purchasable","13":"product-type-simple"},"acf":[],"_links":{"self":[{"href":"https:\/\/h-moser.com\/de\/wp-json\/wp\/v2\/product\/105452","targetHints":{"allow":["GET"]}}],"collection":[{"href":"https:\/\/h-moser.com\/de\/wp-json\/wp\/v2\/product"}],"about":[{"href":"https:\/\/h-moser.com\/de\/wp-json\/wp\/v2\/types\/product"}],"wp:featuredmedia":[{"embeddable":true,"href":"https:\/\/h-moser.com\/de\/wp-json\/wp\/v2\/media\/105498"}],"wp:attachment":[{"href":"https:\/\/h-moser.com\/de\/wp-json\/wp\/v2\/media?parent=105452"}],"wp:term":[{"taxonomy":"product_brand","embeddable":true,"href":"https:\/\/h-moser.com\/de\/wp-json\/wp\/v2\/product_brand?post=105452"},{"taxonomy":"product_cat","embeddable":true,"href":"https:\/\/h-moser.com\/de\/wp-json\/wp\/v2\/product_cat?post=105452"},{"taxonomy":"product_tag","embeddable":true,"href":"https:\/\/h-moser.com\/de\/wp-json\/wp\/v2\/product_tag?post=105452"}],"curies":[{"name":"wp","href":"https:\/\/api.w.org\/{rel}","templated":true}]}}