{"id":105519,"date":"2025-05-05T12:37:15","date_gmt":"2025-03-31T22:37:15","guid":{"rendered":"https:\/\/h-moser.com\/?post_type=product&#038;p=105519"},"modified":"2025-04-02T22:39:59","modified_gmt":"2025-04-02T20:39:59","slug":"streamliner-flyback-chronograph-6907-1205","status":"publish","type":"product","link":"https:\/\/h-moser.com\/de\/produkt\/streamliner-flyback-chronograph-6907-1205\/","title":{"rendered":"Streamliner Flyback Chronograph Automatic Matrix Green fum\u00e9"},"content":{"rendered":"<p>Pr\u00e4sentiert in einem 42.3mm Stahlgeh\u00e4use mit einem Matrix-Gr\u00fcn fum\u00e9 Zifferblatt, das alle Blicke auf sich zieht, ist der Streamliner Flyback Chronograph Automatic Frozen ein verf\u00fchrerisches Meisterwerk. Sein handgefertigtes frostiges Finish f\u00e4ngt das Licht ein und entl\u00e4sst es in einer Explosion von Reflexionen. Aus dem richtigen Winkel betrachtet, glitzern diese Reflexionen wie Schnee im Sonnenlicht. Angetrieben vom genialen HMC 907, trotzt dieser Chronograph der Zeit mit seiner rohen Energie und verfeinerten \u00c4sthetik.<\/p>\n","protected":false},"excerpt":{"rendered":"<p>Pr\u00e4sentiert in einem 42.3mm Stahlgeh\u00e4use mit einem Matrix-Gr\u00fcn fum\u00e9 Zifferblatt, das alle Blicke auf sich zieht, ist der Streamliner Flyback Chronograph Automatic Frozen ein verf\u00fchrerisches Meisterwerk. Sein handgefertigtes frostiges Finish f\u00e4ngt das Licht ein und entl\u00e4sst es in einer Explosion von Reflexionen. Aus dem richtigen Winkel betrachtet, glitzern diese Reflexionen wie Schnee im Sonnenlicht. Angetrieben &hellip; <a href=\"https:\/\/h-moser.com\/de\/produkt\/streamliner-flyback-chronograph-6907-1205\/\">Continued<\/a><\/p>\n","protected":false},"featured_media":105535,"template":"","meta":{"_acf_changed":false,"_seopress_robots_primary_cat":"none","_seopress_titles_title":"","_seopress_titles_desc":"","_seopress_robots_index":""},"product_brand":[],"product_cat":[328,102],"product_tag":[],"class_list":{"0":"post-105519","1":"product","2":"type-product","3":"status-publish","4":"has-post-thumbnail","6":"product_cat-flyback-chronograph-de","7":"product_cat-streamliner-de","9":"first","10":"instock","11":"shipping-taxable","12":"purchasable","13":"product-type-simple"},"acf":[],"_links":{"self":[{"href":"https:\/\/h-moser.com\/de\/wp-json\/wp\/v2\/product\/105519","targetHints":{"allow":["GET"]}}],"collection":[{"href":"https:\/\/h-moser.com\/de\/wp-json\/wp\/v2\/product"}],"about":[{"href":"https:\/\/h-moser.com\/de\/wp-json\/wp\/v2\/types\/product"}],"wp:featuredmedia":[{"embeddable":true,"href":"https:\/\/h-moser.com\/de\/wp-json\/wp\/v2\/media\/105535"}],"wp:attachment":[{"href":"https:\/\/h-moser.com\/de\/wp-json\/wp\/v2\/media?parent=105519"}],"wp:term":[{"taxonomy":"product_brand","embeddable":true,"href":"https:\/\/h-moser.com\/de\/wp-json\/wp\/v2\/product_brand?post=105519"},{"taxonomy":"product_cat","embeddable":true,"href":"https:\/\/h-moser.com\/de\/wp-json\/wp\/v2\/product_cat?post=105519"},{"taxonomy":"product_tag","embeddable":true,"href":"https:\/\/h-moser.com\/de\/wp-json\/wp\/v2\/product_tag?post=105519"}],"curies":[{"name":"wp","href":"https:\/\/api.w.org\/{rel}","templated":true}]}}