{"id":10552,"date":"2020-08-11T12:25:40","date_gmt":"2020-08-31T16:06:07","guid":{"rendered":"https:\/\/dev.cosavostra.com\/hmoser\/product\/venturer-xl\/"},"modified":"2025-04-03T09:52:23","modified_gmt":"2025-04-03T07:52:23","slug":"venturer-xl","status":"publish","type":"product","link":"https:\/\/h-moser.com\/de\/produkt\/venturer-xl\/","title":{"rendered":"Venturer XL"},"content":{"rendered":"<p>Unverkennbar H. Moser &amp; Cie. Das warme Leuchten des Rotgold-Geh\u00e4uses kontrastiert eindrucksvoll mit dem frostigen Arctic Blue Fum\u00e9-Zifferblatt \u2013 das getreu der \u201eWeniger ist mehr\u201c-Philosophie von H. Moser &amp; Cie. ohne Logo und Indizes auskommt. Das grossz\u00fcgig proportionierte runde Geh\u00e4use und das gew\u00f6lbte Saphirglas bringen jedes Detail noch st\u00e4rker zur Geltung.<\/p>\n","protected":false},"excerpt":{"rendered":"<p>Unverkennbar H. Moser &amp; Cie. Das warme Leuchten des Rotgold-Geh\u00e4uses kontrastiert eindrucksvoll mit dem frostigen Arctic Blue Fum\u00e9-Zifferblatt \u2013 das getreu der \u201eWeniger ist mehr\u201c-Philosophie von H. Moser &amp; Cie. ohne Logo und Indizes auskommt. Das grossz\u00fcgig proportionierte runde Geh\u00e4use und das gew\u00f6lbte Saphirglas bringen jedes Detail noch st\u00e4rker zur Geltung.<\/p>\n","protected":false},"featured_media":10094,"template":"","meta":{"_acf_changed":false,"_seopress_robots_primary_cat":"none","_seopress_titles_title":"","_seopress_titles_desc":"","_seopress_robots_index":""},"product_brand":[],"product_cat":[308,316],"product_tag":[],"class_list":{"0":"post-10552","1":"product","2":"type-product","3":"status-publish","4":"has-post-thumbnail","6":"product_cat-specials-de","7":"product_cat-venturer-xl-de","9":"first","10":"outofstock","11":"shipping-taxable","12":"purchasable","13":"product-type-simple"},"acf":[],"_links":{"self":[{"href":"https:\/\/h-moser.com\/de\/wp-json\/wp\/v2\/product\/10552","targetHints":{"allow":["GET"]}}],"collection":[{"href":"https:\/\/h-moser.com\/de\/wp-json\/wp\/v2\/product"}],"about":[{"href":"https:\/\/h-moser.com\/de\/wp-json\/wp\/v2\/types\/product"}],"wp:featuredmedia":[{"embeddable":true,"href":"https:\/\/h-moser.com\/de\/wp-json\/wp\/v2\/media\/10094"}],"wp:attachment":[{"href":"https:\/\/h-moser.com\/de\/wp-json\/wp\/v2\/media?parent=10552"}],"wp:term":[{"taxonomy":"product_brand","embeddable":true,"href":"https:\/\/h-moser.com\/de\/wp-json\/wp\/v2\/product_brand?post=10552"},{"taxonomy":"product_cat","embeddable":true,"href":"https:\/\/h-moser.com\/de\/wp-json\/wp\/v2\/product_cat?post=10552"},{"taxonomy":"product_tag","embeddable":true,"href":"https:\/\/h-moser.com\/de\/wp-json\/wp\/v2\/product_tag?post=10552"}],"curies":[{"name":"wp","href":"https:\/\/api.w.org\/{rel}","templated":true}]}}