{"id":105629,"date":"2025-04-01T01:36:28","date_gmt":"2025-03-31T23:36:28","guid":{"rendered":"https:\/\/h-moser.com\/?post_type=product&#038;p=105629"},"modified":"2025-04-07T14:24:05","modified_gmt":"2025-04-07T12:24:05","slug":"endeavour-tourbillon-turquoise-enamel-1805-0400","status":"publish","type":"product","link":"https:\/\/h-moser.com\/de\/produkt\/endeavour-tourbillon-turquoise-enamel-1805-0400\/","title":{"rendered":"Endeavour Tourbillon Concept Turquoise Enamel"},"content":{"rendered":"<p>Die Endeavour Tourbillon Concept Turquoise Enamel bringt radikale Modernit\u00e4t in die jahrhundertealte Kunst des Grand-Feu-Emaillierens. Sein faszinierendes t\u00fcrkisfarbenes Zifferblatt, das in einem 40mm gro\u00dfen 5N Rotgoldgeh\u00e4use untergebracht ist, strahlt mit beeindruckender chromatischer Intensit\u00e4t. Im Herzen der Uhr schl\u00e4gt das HMC 805, ausgestattet mit einem einmin\u00fctigen fliegenden Tourbillon mit Doppelspiralfeder. Es beweist, dass feine Uhrmacherei nicht nur mechanische Pr\u00e4zision ist \u2014 sie kann auch \u00fcber Textur, Licht und Emotion sprechen.<\/p>\n","protected":false},"excerpt":{"rendered":"<p>Die Endeavour Tourbillon Concept Turquoise Enamel bringt radikale Modernit\u00e4t in die jahrhundertealte Kunst des Grand-Feu-Emaillierens. Sein faszinierendes t\u00fcrkisfarbenes Zifferblatt, das in einem 40mm gro\u00dfen 5N Rotgoldgeh\u00e4use untergebracht ist, strahlt mit beeindruckender chromatischer Intensit\u00e4t. Im Herzen der Uhr schl\u00e4gt das HMC 805, ausgestattet mit einem einmin\u00fctigen fliegenden Tourbillon mit Doppelspiralfeder. Es beweist, dass feine Uhrmacherei nicht &hellip; <a href=\"https:\/\/h-moser.com\/de\/produkt\/endeavour-tourbillon-turquoise-enamel-1805-0400\/\">Continued<\/a><\/p>\n","protected":false},"featured_media":105570,"template":"","meta":{"_acf_changed":false,"_seopress_robots_primary_cat":"none","_seopress_titles_title":"","_seopress_titles_desc":"","_seopress_robots_index":""},"product_brand":[],"product_cat":[171,219],"product_tag":[],"class_list":{"0":"post-105629","1":"product","2":"type-product","3":"status-publish","4":"has-post-thumbnail","6":"product_cat-endeavour-de","7":"product_cat-tourbillon-de","9":"first","10":"instock","11":"shipping-taxable","12":"purchasable","13":"product-type-simple"},"acf":[],"_links":{"self":[{"href":"https:\/\/h-moser.com\/de\/wp-json\/wp\/v2\/product\/105629","targetHints":{"allow":["GET"]}}],"collection":[{"href":"https:\/\/h-moser.com\/de\/wp-json\/wp\/v2\/product"}],"about":[{"href":"https:\/\/h-moser.com\/de\/wp-json\/wp\/v2\/types\/product"}],"wp:featuredmedia":[{"embeddable":true,"href":"https:\/\/h-moser.com\/de\/wp-json\/wp\/v2\/media\/105570"}],"wp:attachment":[{"href":"https:\/\/h-moser.com\/de\/wp-json\/wp\/v2\/media?parent=105629"}],"wp:term":[{"taxonomy":"product_brand","embeddable":true,"href":"https:\/\/h-moser.com\/de\/wp-json\/wp\/v2\/product_brand?post=105629"},{"taxonomy":"product_cat","embeddable":true,"href":"https:\/\/h-moser.com\/de\/wp-json\/wp\/v2\/product_cat?post=105629"},{"taxonomy":"product_tag","embeddable":true,"href":"https:\/\/h-moser.com\/de\/wp-json\/wp\/v2\/product_tag?post=105629"}],"curies":[{"name":"wp","href":"https:\/\/api.w.org\/{rel}","templated":true}]}}