{"id":10564,"date":"2020-08-11T12:05:29","date_gmt":"2020-08-31T16:20:28","guid":{"rendered":"https:\/\/dev.cosavostra.com\/hmoser\/product\/venturer\/"},"modified":"2024-03-21T15:21:22","modified_gmt":"2024-03-21T14:21:22","slug":"venturer-2","status":"publish","type":"product","link":"https:\/\/h-moser.com\/de\/produkt\/venturer-2\/","title":{"rendered":"Venturer"},"content":{"rendered":"<p>Unverkennbar H. Moser &amp; Cie.: Das Zifferblatt der Venturer Vantablack\u00ae entspricht ganz dem \u201eConcept\u201c-Designethos von H. Moser &amp; Cie., bei dem weniger wirklich mehr ist. Es besteht aus dem schw\u00e4rzesten Material, das die Menschheit kennt. Hier ist es mit einem diamantbesetzten Geh\u00e4use aus Weissgold kombiniert, das mit der vollkommenen Schw\u00e4rze des Zifferblatts eindrucksvoll kontrastiert.<\/p>\n","protected":false},"excerpt":{"rendered":"<p>Unverkennbar H. Moser &amp; Cie.: Das Zifferblatt der Venturer Vantablack\u00ae entspricht ganz dem \u201eConcept\u201c-Designethos von H. Moser &amp; Cie., bei dem weniger wirklich mehr ist. Es besteht aus dem schw\u00e4rzesten Material, das die Menschheit kennt. Hier ist es mit einem diamantbesetzten Geh\u00e4use aus Weissgold kombiniert, das mit der vollkommenen Schw\u00e4rze des Zifferblatts eindrucksvoll kontrastiert.<\/p>\n","protected":false},"featured_media":10010,"template":"","meta":{"_acf_changed":false,"_seopress_robots_primary_cat":"none","_seopress_titles_title":"","_seopress_titles_desc":"","_seopress_robots_index":""},"product_brand":[],"product_cat":[308,312],"product_tag":[],"class_list":{"0":"post-10564","1":"product","2":"type-product","3":"status-publish","4":"has-post-thumbnail","6":"product_cat-specials-de","7":"product_cat-venturer-de","9":"first","10":"outofstock","11":"shipping-taxable","12":"purchasable","13":"product-type-simple"},"acf":[],"_links":{"self":[{"href":"https:\/\/h-moser.com\/de\/wp-json\/wp\/v2\/product\/10564","targetHints":{"allow":["GET"]}}],"collection":[{"href":"https:\/\/h-moser.com\/de\/wp-json\/wp\/v2\/product"}],"about":[{"href":"https:\/\/h-moser.com\/de\/wp-json\/wp\/v2\/types\/product"}],"wp:featuredmedia":[{"embeddable":true,"href":"https:\/\/h-moser.com\/de\/wp-json\/wp\/v2\/media\/10010"}],"wp:attachment":[{"href":"https:\/\/h-moser.com\/de\/wp-json\/wp\/v2\/media?parent=10564"}],"wp:term":[{"taxonomy":"product_brand","embeddable":true,"href":"https:\/\/h-moser.com\/de\/wp-json\/wp\/v2\/product_brand?post=10564"},{"taxonomy":"product_cat","embeddable":true,"href":"https:\/\/h-moser.com\/de\/wp-json\/wp\/v2\/product_cat?post=10564"},{"taxonomy":"product_tag","embeddable":true,"href":"https:\/\/h-moser.com\/de\/wp-json\/wp\/v2\/product_tag?post=10564"}],"curies":[{"name":"wp","href":"https:\/\/api.w.org\/{rel}","templated":true}]}}