{"id":10576,"date":"2020-08-11T12:01:03","date_gmt":"2020-08-31T16:30:33","guid":{"rendered":"https:\/\/dev.cosavostra.com\/hmoser\/product\/venturer\/"},"modified":"2024-03-21T15:25:12","modified_gmt":"2024-03-21T14:25:12","slug":"venturer","status":"publish","type":"product","link":"https:\/\/h-moser.com\/de\/produkt\/venturer\/","title":{"rendered":"Venturer"},"content":{"rendered":"<p>Unverkennbar H. Moser &amp; Cie.: Das Zifferblatt der Venturer Vantablack\u00ae entspricht ganz dem \u201eConcept\u201c-Designethos von H. Moser &amp; Cie., bei dem weniger wirklich mehr ist. Es besteht aus dem schw\u00e4rzesten Material, das die Menschheit kennt, gepaart mit einem Rotgold-Geh\u00e4use und rotgoldenen Zeigern, die sich von der vollkommenen Schw\u00e4rze des Zifferblatts warm leuchtend abheben.<\/p>\n","protected":false},"excerpt":{"rendered":"<p>Unverkennbar H. Moser &amp; Cie.: Das Zifferblatt der Venturer Vantablack\u00ae entspricht ganz dem \u201eConcept\u201c-Designethos von H. Moser &amp; Cie., bei dem weniger wirklich mehr ist. Es besteht aus dem schw\u00e4rzesten Material, das die Menschheit kennt, gepaart mit einem Rotgold-Geh\u00e4use und rotgoldenen Zeigern, die sich von der vollkommenen Schw\u00e4rze des Zifferblatts warm leuchtend abheben.<\/p>\n","protected":false},"featured_media":9975,"template":"","meta":{"_acf_changed":false,"_seopress_robots_primary_cat":"none","_seopress_titles_title":"","_seopress_titles_desc":"","_seopress_robots_index":""},"product_brand":[],"product_cat":[308,312],"product_tag":[],"class_list":{"0":"post-10576","1":"product","2":"type-product","3":"status-publish","4":"has-post-thumbnail","6":"product_cat-specials-de","7":"product_cat-venturer-de","9":"first","10":"outofstock","11":"shipping-taxable","12":"purchasable","13":"product-type-simple"},"acf":[],"_links":{"self":[{"href":"https:\/\/h-moser.com\/de\/wp-json\/wp\/v2\/product\/10576","targetHints":{"allow":["GET"]}}],"collection":[{"href":"https:\/\/h-moser.com\/de\/wp-json\/wp\/v2\/product"}],"about":[{"href":"https:\/\/h-moser.com\/de\/wp-json\/wp\/v2\/types\/product"}],"wp:featuredmedia":[{"embeddable":true,"href":"https:\/\/h-moser.com\/de\/wp-json\/wp\/v2\/media\/9975"}],"wp:attachment":[{"href":"https:\/\/h-moser.com\/de\/wp-json\/wp\/v2\/media?parent=10576"}],"wp:term":[{"taxonomy":"product_brand","embeddable":true,"href":"https:\/\/h-moser.com\/de\/wp-json\/wp\/v2\/product_brand?post=10576"},{"taxonomy":"product_cat","embeddable":true,"href":"https:\/\/h-moser.com\/de\/wp-json\/wp\/v2\/product_cat?post=10576"},{"taxonomy":"product_tag","embeddable":true,"href":"https:\/\/h-moser.com\/de\/wp-json\/wp\/v2\/product_tag?post=10576"}],"curies":[{"name":"wp","href":"https:\/\/api.w.org\/{rel}","templated":true}]}}