{"id":10584,"date":"2020-08-11T11:28:40","date_gmt":"2020-08-31T16:40:17","guid":{"rendered":"https:\/\/dev.cosavostra.com\/hmoser\/product\/heritage-perpetual-calendar\/"},"modified":"2024-03-06T16:55:49","modified_gmt":"2024-03-06T15:55:49","slug":"heritage-perpetual-calendar","status":"publish","type":"product","link":"https:\/\/h-moser.com\/de\/produkt\/heritage-perpetual-calendar\/","title":{"rendered":"Heritage Perpetual Calendar"},"content":{"rendered":"<p>Die Heritage Perpetual Calendar in Rotgold mit Emaille-Zifferblatt vereint traditionelle kunsthandwerkliche Elemente mit den neuesten Innovationen der Uhrmacherkunst. So wird sie zur H\u00fcterin beider Welten und erinnert uns stets daran, dass diese harmonisch nebeneinander existieren k\u00f6nnen. Der preisgekr\u00f6nte ewige Kalender und der handgefertigte, mit gravierten Details dekorierte Deckel machen diese Uhr zu einem Kunstwerk, das nur darauf wartet, entdeckt zu werden.<\/p>\n","protected":false},"excerpt":{"rendered":"<p>Die Heritage Perpetual Calendar in Rotgold mit Emaille-Zifferblatt vereint traditionelle kunsthandwerkliche Elemente mit den neuesten Innovationen der Uhrmacherkunst. So wird sie zur H\u00fcterin beider Welten und erinnert uns stets daran, dass diese harmonisch nebeneinander existieren k\u00f6nnen. Der preisgekr\u00f6nte ewige Kalender und der handgefertigte, mit gravierten Details dekorierte Deckel machen diese Uhr zu einem Kunstwerk, das &hellip; <a href=\"https:\/\/h-moser.com\/de\/produkt\/heritage-perpetual-calendar\/\">Continued<\/a><\/p>\n","protected":false},"featured_media":10171,"template":"","meta":{"_acf_changed":false,"_seopress_robots_primary_cat":"none","_seopress_titles_title":"","_seopress_titles_desc":"","_seopress_robots_index":""},"product_brand":[],"product_cat":[226,236],"product_tag":[],"class_list":{"0":"post-10584","1":"product","2":"type-product","3":"status-publish","4":"has-post-thumbnail","6":"product_cat-exceptionals-de","7":"product_cat-heritage-perpetual-calendar-de","9":"first","10":"instock","11":"sold-individually","12":"shipping-taxable","13":"product-type-simple"},"acf":[],"_links":{"self":[{"href":"https:\/\/h-moser.com\/de\/wp-json\/wp\/v2\/product\/10584","targetHints":{"allow":["GET"]}}],"collection":[{"href":"https:\/\/h-moser.com\/de\/wp-json\/wp\/v2\/product"}],"about":[{"href":"https:\/\/h-moser.com\/de\/wp-json\/wp\/v2\/types\/product"}],"wp:featuredmedia":[{"embeddable":true,"href":"https:\/\/h-moser.com\/de\/wp-json\/wp\/v2\/media\/10171"}],"wp:attachment":[{"href":"https:\/\/h-moser.com\/de\/wp-json\/wp\/v2\/media?parent=10584"}],"wp:term":[{"taxonomy":"product_brand","embeddable":true,"href":"https:\/\/h-moser.com\/de\/wp-json\/wp\/v2\/product_brand?post=10584"},{"taxonomy":"product_cat","embeddable":true,"href":"https:\/\/h-moser.com\/de\/wp-json\/wp\/v2\/product_cat?post=10584"},{"taxonomy":"product_tag","embeddable":true,"href":"https:\/\/h-moser.com\/de\/wp-json\/wp\/v2\/product_tag?post=10584"}],"curies":[{"name":"wp","href":"https:\/\/api.w.org\/{rel}","templated":true}]}}