{"id":10588,"date":"2020-08-11T11:49:19","date_gmt":"2020-09-16T20:39:48","guid":{"rendered":"https:\/\/dev.cosavostra.com\/hmoser\/?post_type=product&#038;p=10588"},"modified":"2025-04-03T09:45:27","modified_gmt":"2025-04-03T07:45:27","slug":"swiss-alp-watch-5324-1205","status":"publish","type":"product","link":"https:\/\/h-moser.com\/de\/produkt\/swiss-alp-watch-5324-1205\/","title":{"rendered":"Swiss Alp Watch"},"content":{"rendered":"<p>Die finale Edition der unkonventionellen, parodistischen Swiss Alp Watch von H. Moser &amp; Cie., die sich als \u201eSmartwatch\u201c tarnt und doch mit den bew\u00e4hrten Vorz\u00fcgen eines traditionellen mechanischen Uhrwerks aufwartet. Die Swiss Alp Watch Final Upgrade hat ein Geh\u00e4use aus Stahl mit DLC-Beschichtung und ein Vantablack\u00ae-Zifferblatt. Anstelle eines Sekundenzeigers dreht sich bei 6 Uhr eine laufende Anzeige, die an ein Ladesymbol erinnert.<\/p>\n","protected":false},"excerpt":{"rendered":"<p>Die finale Edition der unkonventionellen, parodistischen Swiss Alp Watch von H. Moser &amp; Cie., die sich als \u201eSmartwatch\u201c tarnt und doch mit den bew\u00e4hrten Vorz\u00fcgen eines traditionellen mechanischen Uhrwerks aufwartet. Die Swiss Alp Watch Final Upgrade hat ein Geh\u00e4use aus Stahl mit DLC-Beschichtung und ein Vantablack\u00ae-Zifferblatt. Anstelle eines Sekundenzeigers dreht sich bei 6 Uhr eine &hellip; <a href=\"https:\/\/h-moser.com\/de\/produkt\/swiss-alp-watch-5324-1205\/\">Continued<\/a><\/p>\n","protected":false},"featured_media":17377,"template":"","meta":{"_acf_changed":false,"_seopress_robots_primary_cat":"none","_seopress_titles_title":"H. Moser &amp; Cie. \u2013 Swiss Alp Watch Final Edition","_seopress_titles_desc":"Die letzte Edition der ikonischen Swiss Alp Watch von H. Moser &amp; Cie. \u2013 die Swiss Alp Watch Final Edition.","_seopress_robots_index":""},"product_brand":[],"product_cat":[308,1329],"product_tag":[],"class_list":{"0":"post-10588","1":"product","2":"type-product","3":"status-publish","4":"has-post-thumbnail","6":"product_cat-specials-de","7":"product_cat-swiss-alp-watch-de","9":"first","10":"outofstock","11":"shipping-taxable","12":"product-type-simple"},"acf":[],"_links":{"self":[{"href":"https:\/\/h-moser.com\/de\/wp-json\/wp\/v2\/product\/10588","targetHints":{"allow":["GET"]}}],"collection":[{"href":"https:\/\/h-moser.com\/de\/wp-json\/wp\/v2\/product"}],"about":[{"href":"https:\/\/h-moser.com\/de\/wp-json\/wp\/v2\/types\/product"}],"wp:featuredmedia":[{"embeddable":true,"href":"https:\/\/h-moser.com\/de\/wp-json\/wp\/v2\/media\/17377"}],"wp:attachment":[{"href":"https:\/\/h-moser.com\/de\/wp-json\/wp\/v2\/media?parent=10588"}],"wp:term":[{"taxonomy":"product_brand","embeddable":true,"href":"https:\/\/h-moser.com\/de\/wp-json\/wp\/v2\/product_brand?post=10588"},{"taxonomy":"product_cat","embeddable":true,"href":"https:\/\/h-moser.com\/de\/wp-json\/wp\/v2\/product_cat?post=10588"},{"taxonomy":"product_tag","embeddable":true,"href":"https:\/\/h-moser.com\/de\/wp-json\/wp\/v2\/product_tag?post=10588"}],"curies":[{"name":"wp","href":"https:\/\/api.w.org\/{rel}","templated":true}]}}