{"id":10592,"date":"2020-08-11T11:41:18","date_gmt":"2020-08-31T16:47:31","guid":{"rendered":"https:\/\/dev.cosavostra.com\/hmoser\/product\/swiss-alp-watch-3\/"},"modified":"2024-03-21T15:13:53","modified_gmt":"2024-03-21T14:13:53","slug":"swiss-alp-watch-3","status":"publish","type":"product","link":"https:\/\/h-moser.com\/de\/produkt\/swiss-alp-watch-3\/","title":{"rendered":"Swiss Alp Watch"},"content":{"rendered":"<p>Die Swiss Alp Watch Minute Repeater Concept Black, gestaltet nach dem Muster einer rechteckigen sogenannten \u201eSmartwatch\u201c, schl\u00e4gt die Zeit an, statt sie optisch anzuzeigen. Die Minutenrepetition, bei deren Bau die anspruchsvollsten traditionellen Techniken angewandt wurden, verr\u00e4t die Zeit auf Abruf mithilfe von H\u00e4mmern und Tonfedern. Das gl\u00e4nzend schwarze Zifferblatt verzichtet auf Zeiger und jedes Dekor: Nur das fliegende Tourbillon bei 6 Uhr ist zu sehen und erinnert uns daran, dass auch die traditionelle Uhrmacherkunst st\u00e4ndig in Bewegung ist.<\/p>\n","protected":false},"excerpt":{"rendered":"<p>Die Swiss Alp Watch Minute Repeater Concept Black, gestaltet nach dem Muster einer rechteckigen sogenannten \u201eSmartwatch\u201c, schl\u00e4gt die Zeit an, statt sie optisch anzuzeigen. Die Minutenrepetition, bei deren Bau die anspruchsvollsten traditionellen Techniken angewandt wurden, verr\u00e4t die Zeit auf Abruf mithilfe von H\u00e4mmern und Tonfedern. Das gl\u00e4nzend schwarze Zifferblatt verzichtet auf Zeiger und jedes Dekor: &hellip; <a href=\"https:\/\/h-moser.com\/de\/produkt\/swiss-alp-watch-3\/\">Continued<\/a><\/p>\n","protected":false},"featured_media":10283,"template":"","meta":{"_acf_changed":false,"_seopress_robots_primary_cat":"none","_seopress_titles_title":"","_seopress_titles_desc":"","_seopress_robots_index":""},"product_brand":[],"product_cat":[226,243],"product_tag":[],"class_list":{"0":"post-10592","1":"product","2":"type-product","3":"status-publish","4":"has-post-thumbnail","6":"product_cat-exceptionals-de","7":"product_cat-swiss-alp-watch-minute-repeater-de","9":"first","10":"outofstock","11":"sold-individually","12":"shipping-taxable","13":"product-type-simple"},"acf":[],"_links":{"self":[{"href":"https:\/\/h-moser.com\/de\/wp-json\/wp\/v2\/product\/10592","targetHints":{"allow":["GET"]}}],"collection":[{"href":"https:\/\/h-moser.com\/de\/wp-json\/wp\/v2\/product"}],"about":[{"href":"https:\/\/h-moser.com\/de\/wp-json\/wp\/v2\/types\/product"}],"wp:featuredmedia":[{"embeddable":true,"href":"https:\/\/h-moser.com\/de\/wp-json\/wp\/v2\/media\/10283"}],"wp:attachment":[{"href":"https:\/\/h-moser.com\/de\/wp-json\/wp\/v2\/media?parent=10592"}],"wp:term":[{"taxonomy":"product_brand","embeddable":true,"href":"https:\/\/h-moser.com\/de\/wp-json\/wp\/v2\/product_brand?post=10592"},{"taxonomy":"product_cat","embeddable":true,"href":"https:\/\/h-moser.com\/de\/wp-json\/wp\/v2\/product_cat?post=10592"},{"taxonomy":"product_tag","embeddable":true,"href":"https:\/\/h-moser.com\/de\/wp-json\/wp\/v2\/product_tag?post=10592"}],"curies":[{"name":"wp","href":"https:\/\/api.w.org\/{rel}","templated":true}]}}