{"id":106253,"date":"2025-04-15T10:10:52","date_gmt":"2025-04-15T08:11:56","guid":{"rendered":"https:\/\/h-moser.com\/?post_type=product&#038;p=106253"},"modified":"2025-04-15T10:35:56","modified_gmt":"2025-04-15T08:35:56","slug":"pioneer-centre-seconds-3201-1200","status":"publish","type":"product","link":"https:\/\/h-moser.com\/de\/produkt\/pioneer-centre-seconds-3201-1200\/","title":{"rendered":"Pioneer Centre Seconds Sunny-Side Up"},"content":{"rendered":"<p class=\"p1\">Was kam zuerst: das Huhn oder das Ei? Die Pioneer Centre Seconds Sunny-Side Up fragt: \u201eSpielt das eine Rolle?\u201c Mit ihrem auff\u00e4lligen Design bringt diese 40mm Uhr eine k\u00f6stliche Wendung in die Pioneer-Kollektion. Das gelbe fum\u00e9 Zifferblatt gl\u00e4nzt wie ein sonnengek\u00fcsstes Eigelb, w\u00e4hrend das wei\u00dfe Kautschukarmband die makellose Klarheit von reinem Eiwei\u00df widerspiegelt. Angetrieben vom HMC 201, ist es eine spielerische Erinnerung, dass es nicht darauf ankommt, was zuerst oder zuletzt kam \u2014 genie\u00dfen Sie einfach den gegenw\u00e4rtigen Moment. Oh, schau Sie, es ist Zeit f\u00fcr Brunch.<\/p>\n","protected":false},"excerpt":{"rendered":"<p>Was kam zuerst: das Huhn oder das Ei? Die Pioneer Centre Seconds Sunny-Side Up fragt: \u201eSpielt das eine Rolle?\u201c Mit ihrem auff\u00e4lligen Design bringt diese 40mm Uhr eine k\u00f6stliche Wendung in die Pioneer-Kollektion. Das gelbe fum\u00e9 Zifferblatt gl\u00e4nzt wie ein sonnengek\u00fcsstes Eigelb, w\u00e4hrend das wei\u00dfe Kautschukarmband die makellose Klarheit von reinem Eiwei\u00df widerspiegelt. Angetrieben vom &hellip; <a href=\"https:\/\/h-moser.com\/de\/produkt\/pioneer-centre-seconds-3201-1200\/\">Continued<\/a><\/p>\n","protected":false},"featured_media":106176,"template":"","meta":{"_acf_changed":false,"_seopress_robots_primary_cat":"none","_seopress_titles_title":"","_seopress_titles_desc":"","_seopress_robots_index":""},"product_brand":[],"product_cat":[280,276],"product_tag":[],"class_list":{"0":"post-106253","1":"product","2":"type-product","3":"status-publish","4":"has-post-thumbnail","6":"product_cat-centre-seconds-2-de","7":"product_cat-pioneer-de","9":"first","10":"instock","11":"shipping-taxable","12":"purchasable","13":"product-type-simple"},"acf":[],"_links":{"self":[{"href":"https:\/\/h-moser.com\/de\/wp-json\/wp\/v2\/product\/106253","targetHints":{"allow":["GET"]}}],"collection":[{"href":"https:\/\/h-moser.com\/de\/wp-json\/wp\/v2\/product"}],"about":[{"href":"https:\/\/h-moser.com\/de\/wp-json\/wp\/v2\/types\/product"}],"wp:featuredmedia":[{"embeddable":true,"href":"https:\/\/h-moser.com\/de\/wp-json\/wp\/v2\/media\/106176"}],"wp:attachment":[{"href":"https:\/\/h-moser.com\/de\/wp-json\/wp\/v2\/media?parent=106253"}],"wp:term":[{"taxonomy":"product_brand","embeddable":true,"href":"https:\/\/h-moser.com\/de\/wp-json\/wp\/v2\/product_brand?post=106253"},{"taxonomy":"product_cat","embeddable":true,"href":"https:\/\/h-moser.com\/de\/wp-json\/wp\/v2\/product_cat?post=106253"},{"taxonomy":"product_tag","embeddable":true,"href":"https:\/\/h-moser.com\/de\/wp-json\/wp\/v2\/product_tag?post=106253"}],"curies":[{"name":"wp","href":"https:\/\/api.w.org\/{rel}","templated":true}]}}