{"id":106884,"date":"2025-05-05T11:17:54","date_gmt":"2025-05-05T09:17:54","guid":{"rendered":"https:\/\/h-moser.com\/?post_type=product&#038;p=106884"},"modified":"2025-05-07T11:05:37","modified_gmt":"2025-05-07T09:05:37","slug":"streamliner-tourbillon-rainbow-6814-1201","status":"publish","type":"product","link":"https:\/\/h-moser.com\/de\/produkt\/streamliner-tourbillon-rainbow-6814-1201\/","title":{"rendered":"Streamliner Tourbillon Skeleton Rainbow"},"content":{"rendered":"<p>Unsichtbar gefasste Saphire erleuchten die L\u00fcnette der Streamliner Tourbillon Skeleton Rainbow und verleihen ihrer eleganten Form eine lebendige Energie. Das Stahlgeh\u00e4use bringt eine moderne Note ein und l\u00e4sst gleichzeitig die Brillanz der Edelsteine und die Transparenz des skelettierten Uhrwerks in den Mittelpunkt r\u00fccken. Mit dem scheinbar in der Luft schwebenden fliegenden Tourbillon \u2013 ausgestattet mit einer Doppelspirale \u2013 spiegelt jedes Detail unser Streben nach Reinheit, Pr\u00e4zision und Innovation wider. Eindrucksvoll im Design, poetisch im Geist \u2013 eine moderne Ikone, neu interpretiert in den Farben des Regenbogens.<\/p>\n","protected":false},"excerpt":{"rendered":"<p>Unsichtbar gefasste Saphire erleuchten die L\u00fcnette der Streamliner Tourbillon Skeleton Rainbow und verleihen ihrer eleganten Form eine lebendige Energie. Das Stahlgeh\u00e4use bringt eine moderne Note ein und l\u00e4sst gleichzeitig die Brillanz der Edelsteine und die Transparenz des skelettierten Uhrwerks in den Mittelpunkt r\u00fccken. Mit dem scheinbar in der Luft schwebenden fliegenden Tourbillon \u2013 ausgestattet mit &hellip; <a href=\"https:\/\/h-moser.com\/de\/produkt\/streamliner-tourbillon-rainbow-6814-1201\/\">Continued<\/a><\/p>\n","protected":false},"featured_media":109831,"template":"","meta":{"_acf_changed":false,"_seopress_robots_primary_cat":"none","_seopress_titles_title":"","_seopress_titles_desc":"","_seopress_robots_index":""},"product_brand":[],"product_cat":[2392,102],"product_tag":[],"class_list":{"0":"post-106884","1":"product","2":"type-product","3":"status-publish","4":"has-post-thumbnail","6":"product_cat-rainbow-de","7":"product_cat-streamliner-de","9":"first","10":"instock","11":"shipping-taxable","12":"purchasable","13":"product-type-simple"},"acf":[],"_links":{"self":[{"href":"https:\/\/h-moser.com\/de\/wp-json\/wp\/v2\/product\/106884","targetHints":{"allow":["GET"]}}],"collection":[{"href":"https:\/\/h-moser.com\/de\/wp-json\/wp\/v2\/product"}],"about":[{"href":"https:\/\/h-moser.com\/de\/wp-json\/wp\/v2\/types\/product"}],"wp:featuredmedia":[{"embeddable":true,"href":"https:\/\/h-moser.com\/de\/wp-json\/wp\/v2\/media\/109831"}],"wp:attachment":[{"href":"https:\/\/h-moser.com\/de\/wp-json\/wp\/v2\/media?parent=106884"}],"wp:term":[{"taxonomy":"product_brand","embeddable":true,"href":"https:\/\/h-moser.com\/de\/wp-json\/wp\/v2\/product_brand?post=106884"},{"taxonomy":"product_cat","embeddable":true,"href":"https:\/\/h-moser.com\/de\/wp-json\/wp\/v2\/product_cat?post=106884"},{"taxonomy":"product_tag","embeddable":true,"href":"https:\/\/h-moser.com\/de\/wp-json\/wp\/v2\/product_tag?post=106884"}],"curies":[{"name":"wp","href":"https:\/\/api.w.org\/{rel}","templated":true}]}}