{"id":106896,"date":"2025-05-05T11:28:47","date_gmt":"2025-05-05T09:28:47","guid":{"rendered":"https:\/\/h-moser.com\/?post_type=product&#038;p=106896"},"modified":"2025-05-07T11:42:01","modified_gmt":"2025-05-07T09:42:01","slug":"streamliner-tourbillon-rainbow-6814-0401","status":"publish","type":"product","link":"https:\/\/h-moser.com\/de\/produkt\/streamliner-tourbillon-rainbow-6814-0401\/","title":{"rendered":"Streamliner Tourbillon Skeleton Rainbow"},"content":{"rendered":"<p>Ein Spektrum unsichtbar gefasster Saphir-Edelsteine umrahmt die Streamliner Skeleton Rainbow und verk\u00fcndet auf den ersten Blick ihre Brillanz. Eingefasst von diesem chromatischen Halo, verleiht das 5N Rotgoldgeh\u00e4use der ikonischen Streamliner-Silhouette W\u00e4rme und Tiefe und hebt das Spiel von Licht und Farbe auf ein neues Niveau. Im Inneren schwebt ein fliegendes Tourbillon in einem skelettierten Uhrwerk \u2014 eine Studie minimalistischer Pr\u00e4zision. Mit technischer K\u00fchnheit und poetischer Finesse gefertigt, setzt dieser kostbare Zeitmesser Ma\u00dfst\u00e4be in der hohen Uhrmacherkunst.<\/p>\n","protected":false},"excerpt":{"rendered":"<p>Ein Spektrum unsichtbar gefasster Saphir-Edelsteine umrahmt die Streamliner Skeleton Rainbow und verk\u00fcndet auf den ersten Blick ihre Brillanz. Eingefasst von diesem chromatischen Halo, verleiht das 5N Rotgoldgeh\u00e4use der ikonischen Streamliner-Silhouette W\u00e4rme und Tiefe und hebt das Spiel von Licht und Farbe auf ein neues Niveau. Im Inneren schwebt ein fliegendes Tourbillon in einem skelettierten Uhrwerk &hellip; <a href=\"https:\/\/h-moser.com\/de\/produkt\/streamliner-tourbillon-rainbow-6814-0401\/\">Continued<\/a><\/p>\n","protected":false},"featured_media":109783,"template":"","meta":{"_acf_changed":false,"_seopress_robots_primary_cat":"none","_seopress_titles_title":"","_seopress_titles_desc":"","_seopress_robots_index":""},"product_brand":[],"product_cat":[2392,102],"product_tag":[],"class_list":{"0":"post-106896","1":"product","2":"type-product","3":"status-publish","4":"has-post-thumbnail","6":"product_cat-rainbow-de","7":"product_cat-streamliner-de","9":"first","10":"instock","11":"shipping-taxable","12":"purchasable","13":"product-type-simple"},"acf":[],"_links":{"self":[{"href":"https:\/\/h-moser.com\/de\/wp-json\/wp\/v2\/product\/106896","targetHints":{"allow":["GET"]}}],"collection":[{"href":"https:\/\/h-moser.com\/de\/wp-json\/wp\/v2\/product"}],"about":[{"href":"https:\/\/h-moser.com\/de\/wp-json\/wp\/v2\/types\/product"}],"wp:featuredmedia":[{"embeddable":true,"href":"https:\/\/h-moser.com\/de\/wp-json\/wp\/v2\/media\/109783"}],"wp:attachment":[{"href":"https:\/\/h-moser.com\/de\/wp-json\/wp\/v2\/media?parent=106896"}],"wp:term":[{"taxonomy":"product_brand","embeddable":true,"href":"https:\/\/h-moser.com\/de\/wp-json\/wp\/v2\/product_brand?post=106896"},{"taxonomy":"product_cat","embeddable":true,"href":"https:\/\/h-moser.com\/de\/wp-json\/wp\/v2\/product_cat?post=106896"},{"taxonomy":"product_tag","embeddable":true,"href":"https:\/\/h-moser.com\/de\/wp-json\/wp\/v2\/product_tag?post=106896"}],"curies":[{"name":"wp","href":"https:\/\/api.w.org\/{rel}","templated":true}]}}