{"id":1102,"date":"2020-02-21T20:02:09","date_gmt":"2020-02-21T19:02:09","guid":{"rendered":"https:\/\/shop-now.h-moser.com\/produit\/pioneer-center-seconds\/"},"modified":"2020-10-19T13:20:53","modified_gmt":"2020-10-19T11:20:53","slug":"pioneer-center-seconds","status":"publish","type":"product","link":"https:\/\/h-moser.com\/de\/produkt\/pioneer-center-seconds\/","title":{"rendered":"PIONEER CENTRE SECONDS"},"content":{"rendered":"<p>K\u00fchn und zeitgem\u00e4ss: Die Pioneer ist die abenteuerlustigste Kollektion von H. Moser &amp; Cie. Ihr ausserordentlich robustes Geh\u00e4use ist bis 120 Meter wasserdicht, und die Superluminova\u00ae-Elemente sorgen stets f\u00fcr hervorragende Lesbarkeit.<\/p>\n<p>Das erste Modell dieser Kollektion war die Referenz 3200-1200 mit Midnight Blue Fum\u00e9-Zifferblatt. Ausgestattet mit einem widerstandsf\u00e4higen Stahlgeh\u00e4use und einem hauseigenen Automatikwerk, ist diese Uhr f\u00fcr alle Abenteuer ger\u00fcstet.<\/p>\n","protected":false},"excerpt":{"rendered":"<p>K\u00fchn und zeitgem\u00e4ss: Die Pioneer ist die abenteuerlustigste Kollektion von H. Moser &amp; Cie. Ihr ausserordentlich robustes Geh\u00e4use ist bis 120 Meter wasserdicht, und die Superluminova\u00ae-Elemente sorgen stets f\u00fcr hervorragende Lesbarkeit. Das erste Modell dieser Kollektion war die Referenz 3200-1200 mit Midnight Blue Fum\u00e9-Zifferblatt. Ausgestattet mit einem widerstandsf\u00e4higen Stahlgeh\u00e4use und einem hauseigenen Automatikwerk, ist diese &hellip; <a href=\"https:\/\/h-moser.com\/de\/produkt\/pioneer-center-seconds\/\">Continued<\/a><\/p>\n","protected":false},"featured_media":14587,"template":"","meta":{"_acf_changed":false,"_seopress_robots_primary_cat":"none","_seopress_titles_title":"","_seopress_titles_desc":"","_seopress_robots_index":""},"product_brand":[],"product_cat":[84],"product_tag":[],"class_list":{"0":"post-1102","1":"product","2":"type-product","3":"status-publish","4":"has-post-thumbnail","6":"product_cat-pre-owned-de-2","8":"first","9":"outofstock","10":"shipping-taxable","11":"purchasable","12":"product-type-simple"},"acf":[],"_links":{"self":[{"href":"https:\/\/h-moser.com\/de\/wp-json\/wp\/v2\/product\/1102","targetHints":{"allow":["GET"]}}],"collection":[{"href":"https:\/\/h-moser.com\/de\/wp-json\/wp\/v2\/product"}],"about":[{"href":"https:\/\/h-moser.com\/de\/wp-json\/wp\/v2\/types\/product"}],"wp:featuredmedia":[{"embeddable":true,"href":"https:\/\/h-moser.com\/de\/wp-json\/wp\/v2\/media\/14587"}],"wp:attachment":[{"href":"https:\/\/h-moser.com\/de\/wp-json\/wp\/v2\/media?parent=1102"}],"wp:term":[{"taxonomy":"product_brand","embeddable":true,"href":"https:\/\/h-moser.com\/de\/wp-json\/wp\/v2\/product_brand?post=1102"},{"taxonomy":"product_cat","embeddable":true,"href":"https:\/\/h-moser.com\/de\/wp-json\/wp\/v2\/product_cat?post=1102"},{"taxonomy":"product_tag","embeddable":true,"href":"https:\/\/h-moser.com\/de\/wp-json\/wp\/v2\/product_tag?post=1102"}],"curies":[{"name":"wp","href":"https:\/\/api.w.org\/{rel}","templated":true}]}}