{"id":1109,"date":"2020-02-21T20:07:21","date_gmt":"2020-02-21T19:07:21","guid":{"rendered":"https:\/\/shop-now.h-moser.com\/produit\/pioneer-perpetual-calendar\/"},"modified":"2020-10-19T13:07:37","modified_gmt":"2020-10-19T11:07:37","slug":"pioneer-perpetual-calendar","status":"publish","type":"product","link":"https:\/\/h-moser.com\/de\/produkt\/pioneer-perpetual-calendar\/","title":{"rendered":"PIONEER PERPETUAL CALENDAR"},"content":{"rendered":"<p>K\u00fchn und zeitgem\u00e4ss: Die Pioneer ist die abenteuerlustigste Kollektion von H. Moser &amp; Cie. Ihr ausserordentlich robustes Geh\u00e4use ist bis 120 Meter wasserdicht, und die Superluminova\u00ae-Elemente sorgen stets f\u00fcr hervorragende Lesbarkeit.<\/p>\n<p>Die Referenz 3800-0900 aus der Kollektion Pioneer ist mit dem preisgekr\u00f6nten ewigen Kalender von H. Moser &amp; Cie. ausgestattet. Dank der Flash-Datumsanzeige und der M\u00f6glichkeit, das Datum in beide Richtungen zu verstellen, eignet sich dieser ewige Kalender zur t\u00e4glichen Verwendung.<\/p>\n","protected":false},"excerpt":{"rendered":"<p>K\u00fchn und zeitgem\u00e4ss: Die Pioneer ist die abenteuerlustigste Kollektion von H. Moser &amp; Cie. Ihr ausserordentlich robustes Geh\u00e4use ist bis 120 Meter wasserdicht, und die Superluminova\u00ae-Elemente sorgen stets f\u00fcr hervorragende Lesbarkeit. Die Referenz 3800-0900 aus der Kollektion Pioneer ist mit dem preisgekr\u00f6nten ewigen Kalender von H. Moser &amp; Cie. ausgestattet. Dank der Flash-Datumsanzeige und der &hellip; <a href=\"https:\/\/h-moser.com\/de\/produkt\/pioneer-perpetual-calendar\/\">Continued<\/a><\/p>\n","protected":false},"featured_media":14639,"template":"","meta":{"_acf_changed":false,"_seopress_robots_primary_cat":"none","_seopress_titles_title":"H. Moser &amp; Cie. watches PIONEER PERPETUAL CALENDAR","_seopress_titles_desc":"K\u00fchn und zeitgem\u00e4ss: Die Pioneer ist die abenteuerlustigste Kollektion von H. Moser &amp; Cie.","_seopress_robots_index":""},"product_brand":[],"product_cat":[84],"product_tag":[],"class_list":{"0":"post-1109","1":"product","2":"type-product","3":"status-publish","4":"has-post-thumbnail","6":"product_cat-pre-owned-de-2","8":"first","9":"outofstock","10":"shipping-taxable","11":"purchasable","12":"product-type-simple"},"acf":[],"_links":{"self":[{"href":"https:\/\/h-moser.com\/de\/wp-json\/wp\/v2\/product\/1109","targetHints":{"allow":["GET"]}}],"collection":[{"href":"https:\/\/h-moser.com\/de\/wp-json\/wp\/v2\/product"}],"about":[{"href":"https:\/\/h-moser.com\/de\/wp-json\/wp\/v2\/types\/product"}],"wp:featuredmedia":[{"embeddable":true,"href":"https:\/\/h-moser.com\/de\/wp-json\/wp\/v2\/media\/14639"}],"wp:attachment":[{"href":"https:\/\/h-moser.com\/de\/wp-json\/wp\/v2\/media?parent=1109"}],"wp:term":[{"taxonomy":"product_brand","embeddable":true,"href":"https:\/\/h-moser.com\/de\/wp-json\/wp\/v2\/product_brand?post=1109"},{"taxonomy":"product_cat","embeddable":true,"href":"https:\/\/h-moser.com\/de\/wp-json\/wp\/v2\/product_cat?post=1109"},{"taxonomy":"product_tag","embeddable":true,"href":"https:\/\/h-moser.com\/de\/wp-json\/wp\/v2\/product_tag?post=1109"}],"curies":[{"name":"wp","href":"https:\/\/api.w.org\/{rel}","templated":true}]}}