{"id":111213,"date":"2025-05-29T18:04:09","date_gmt":"2025-05-29T16:06:50","guid":{"rendered":"https:\/\/h-moser.com\/?post_type=product&#038;p=111213"},"modified":"2026-03-02T10:15:42","modified_gmt":"2026-03-02T09:15:42","slug":"streamliner-flyback-chronograph-skeleton-6700-1200","status":"publish","type":"product","link":"https:\/\/h-moser.com\/de\/produkt\/streamliner-flyback-chronograph-skeleton-6700-1200\/","title":{"rendered":"Streamliner Alpine Drivers and Mechanics Editions"},"content":{"rendered":"<p>Die Streamliner Alpine Drivers Edition, die aus dem Wunsch der Alpine-Fahrer nach einer Uhr entstand, die ebenso stilvoll ist wie ihre Einsitzer, bringt unsere Zusammenarbeit mit Alpine Motorsports bis an die mechanischen Grenzen. Jedes Detail dieser Uhr ist von der Rennstrecke inspiriert: Die beiden V-f\u00f6rmigen Br\u00fccken lassen an die Aufh\u00e4ngungen eines Einsitzers denken, die zentrale Werkbr\u00fccke auf der Bodenseite erinnert an einen Fahrerhelm und der Rotor an eine Felge des Alpine A110. Unter der Haube verbirgt sich das Kaliber HMC 700, unser erstes skelettiertes Chronographenwerk. Konzipiert mit Fokus auf Minimalismus und optimale Ablesbarkeit, verf\u00fcgt dieser Chronograph \u00fcber eine zentrale Minuten- und Sekundenanzeige, eine Flyback-Funktion und keine Hilfszifferbl\u00e4tter.<\/p>\n<p>Hinter jedem Rennsporttraum steht ein ganzes Team. Aus diesem Grund haben wir zugleich die <a href=\"https:\/\/h-moser.com\/chronicles\/alpine-motorsports\/streamliner-alpine-mechanics-edition\/\" target=\"_blank\" rel=\"noopener\">Streamliner Alpine Mechanics Edition<\/a> entwickelt \u2013 ein digitales Wunderwerk auf dem neuesten Stand der Technik, das sich von den unbesungenen Helden der Boxengasse inspirieren l\u00e4sst. Und \u00e4hnlich wie die Fahrer und Mechaniker kommen auch diese beiden Zeitmesser als Team \u2013 niemals solo. Limitiert auf nur 200 Exemplare.<\/p>\n","protected":false},"excerpt":{"rendered":"<p>Die Streamliner Alpine Drivers Edition, die aus dem Wunsch der Alpine-Fahrer nach einer Uhr entstand, die ebenso stilvoll ist wie ihre Einsitzer, bringt unsere Zusammenarbeit mit Alpine Motorsports bis an die mechanischen Grenzen. Jedes Detail dieser Uhr ist von der Rennstrecke inspiriert: Die beiden V-f\u00f6rmigen Br\u00fccken lassen an die Aufh\u00e4ngungen eines Einsitzers denken, die zentrale &hellip; <a href=\"https:\/\/h-moser.com\/de\/produkt\/streamliner-flyback-chronograph-skeleton-6700-1200\/\">Continued<\/a><\/p>\n","protected":false},"featured_media":110994,"template":"","meta":{"_acf_changed":false,"_seopress_robots_primary_cat":"none","_seopress_titles_title":"","_seopress_titles_desc":"","_seopress_robots_index":""},"product_brand":[],"product_cat":[1960,102],"product_tag":[],"class_list":{"0":"post-111213","1":"product","2":"type-product","3":"status-publish","4":"has-post-thumbnail","6":"product_cat-alpine-limited-edition-de","7":"product_cat-streamliner-de","9":"first","10":"instock","11":"shipping-taxable","12":"purchasable","13":"product-type-simple"},"acf":[],"_links":{"self":[{"href":"https:\/\/h-moser.com\/de\/wp-json\/wp\/v2\/product\/111213","targetHints":{"allow":["GET"]}}],"collection":[{"href":"https:\/\/h-moser.com\/de\/wp-json\/wp\/v2\/product"}],"about":[{"href":"https:\/\/h-moser.com\/de\/wp-json\/wp\/v2\/types\/product"}],"wp:featuredmedia":[{"embeddable":true,"href":"https:\/\/h-moser.com\/de\/wp-json\/wp\/v2\/media\/110994"}],"wp:attachment":[{"href":"https:\/\/h-moser.com\/de\/wp-json\/wp\/v2\/media?parent=111213"}],"wp:term":[{"taxonomy":"product_brand","embeddable":true,"href":"https:\/\/h-moser.com\/de\/wp-json\/wp\/v2\/product_brand?post=111213"},{"taxonomy":"product_cat","embeddable":true,"href":"https:\/\/h-moser.com\/de\/wp-json\/wp\/v2\/product_cat?post=111213"},{"taxonomy":"product_tag","embeddable":true,"href":"https:\/\/h-moser.com\/de\/wp-json\/wp\/v2\/product_tag?post=111213"}],"curies":[{"name":"wp","href":"https:\/\/api.w.org\/{rel}","templated":true}]}}