{"id":1123,"date":"2020-02-21T20:16:37","date_gmt":"2020-02-21T19:16:37","guid":{"rendered":"https:\/\/shop-now.h-moser.com\/produit\/venturer-small-seconds-purity\/"},"modified":"2020-10-19T13:45:10","modified_gmt":"2020-10-19T11:45:10","slug":"venturer-small-seconds-purity","status":"publish","type":"product","link":"https:\/\/h-moser.com\/de\/produkt\/venturer-small-seconds-purity\/","title":{"rendered":"VENTURER SMALL SECONDS PURITY"},"content":{"rendered":"<p>Die Kollektion Venturer greift Designreferenzen aus den 1920er- und 1960er-Jahren auf und besticht dabei durch besondere Eleganz. Die auf nur 100 Exemplare limitierte Referenz 2327-0404 pr\u00e4sentiert sich mit einem Fum\u00e9-Zifferblatt. Durch den Verzicht auf das Logo und die meisten Indizes r\u00fcckt die Sch\u00f6nheit des dezenten Purity-Zifferblatts besonders eindrucksvoll ins Blickfeld. Die warmen Farbnuancen des Geh\u00e4uses aus Rotgold unterstreichen seine Wirkung zus\u00e4tzlich.<\/p>\n","protected":false},"excerpt":{"rendered":"<p>Die Kollektion Venturer greift Designreferenzen aus den 1920er- und 1960er-Jahren auf und besticht dabei durch besondere Eleganz. Die auf nur 100 Exemplare limitierte Referenz 2327-0404 pr\u00e4sentiert sich mit einem Fum\u00e9-Zifferblatt. Durch den Verzicht auf das Logo und die meisten Indizes r\u00fcckt die Sch\u00f6nheit des dezenten Purity-Zifferblatts besonders eindrucksvoll ins Blickfeld. Die warmen Farbnuancen des Geh\u00e4uses &hellip; <a href=\"https:\/\/h-moser.com\/de\/produkt\/venturer-small-seconds-purity\/\">Continued<\/a><\/p>\n","protected":false},"featured_media":14483,"template":"","meta":{"_acf_changed":false,"_seopress_robots_primary_cat":"none","_seopress_titles_title":"","_seopress_titles_desc":"","_seopress_robots_index":""},"product_brand":[],"product_cat":[84],"product_tag":[],"class_list":{"0":"post-1123","1":"product","2":"type-product","3":"status-publish","4":"has-post-thumbnail","6":"product_cat-pre-owned-de-2","8":"first","9":"outofstock","10":"shipping-taxable","11":"purchasable","12":"product-type-simple"},"acf":[],"_links":{"self":[{"href":"https:\/\/h-moser.com\/de\/wp-json\/wp\/v2\/product\/1123","targetHints":{"allow":["GET"]}}],"collection":[{"href":"https:\/\/h-moser.com\/de\/wp-json\/wp\/v2\/product"}],"about":[{"href":"https:\/\/h-moser.com\/de\/wp-json\/wp\/v2\/types\/product"}],"wp:featuredmedia":[{"embeddable":true,"href":"https:\/\/h-moser.com\/de\/wp-json\/wp\/v2\/media\/14483"}],"wp:attachment":[{"href":"https:\/\/h-moser.com\/de\/wp-json\/wp\/v2\/media?parent=1123"}],"wp:term":[{"taxonomy":"product_brand","embeddable":true,"href":"https:\/\/h-moser.com\/de\/wp-json\/wp\/v2\/product_brand?post=1123"},{"taxonomy":"product_cat","embeddable":true,"href":"https:\/\/h-moser.com\/de\/wp-json\/wp\/v2\/product_cat?post=1123"},{"taxonomy":"product_tag","embeddable":true,"href":"https:\/\/h-moser.com\/de\/wp-json\/wp\/v2\/product_tag?post=1123"}],"curies":[{"name":"wp","href":"https:\/\/api.w.org\/{rel}","templated":true}]}}