{"id":112533,"date":"2025-06-18T09:35:04","date_gmt":"2025-06-18T07:37:59","guid":{"rendered":"https:\/\/h-moser.com\/?post_type=product&#038;p=112533"},"modified":"2025-06-26T08:43:04","modified_gmt":"2025-06-26T06:43:04","slug":"pioneer-cylindrical-tourbillon-skeleton-3811-1203","status":"publish","type":"product","link":"https:\/\/h-moser.com\/de\/produkt\/pioneer-cylindrical-tourbillon-skeleton-3811-1203\/","title":{"rendered":"Pioneer Cylindrical Tourbillon Skeleton Spiced Aqua"},"content":{"rendered":"<p>K\u00fchn, unverh\u00fcllt und wundersch\u00f6n: Die Pioneer Cylindrical Tourbillon Skeleton Spiced Aqua ist eine Uhr, die nichts verbirgt. Ihre offene Architektur umschliesst das skelettierte Kaliber HMC 811. Das Herzst\u00fcck ist ein fliegendes Tourbillon mit einer zylindrischen, vollst\u00e4ndig im eigenen Haus entwickelten und hergestellten Spiralfeder. Hier gibt es keinen lumineszierenden H\u00f6henring \u2013 das Licht kommt von innen, aus dem Skelett selbst. Eine bewegliche Skulptur. Ein technisches Manifest. Eine Unabh\u00e4ngigkeitserkl\u00e4rung.<\/p>\n","protected":false},"excerpt":{"rendered":"<p>K\u00fchn, unverh\u00fcllt und wundersch\u00f6n: Die Pioneer Cylindrical Tourbillon Skeleton Spiced Aqua ist eine Uhr, die nichts verbirgt. Ihre offene Architektur umschliesst das skelettierte Kaliber HMC 811. Das Herzst\u00fcck ist ein fliegendes Tourbillon mit einer zylindrischen, vollst\u00e4ndig im eigenen Haus entwickelten und hergestellten Spiralfeder. Hier gibt es keinen lumineszierenden H\u00f6henring \u2013 das Licht kommt von innen, &hellip; <a href=\"https:\/\/h-moser.com\/de\/produkt\/pioneer-cylindrical-tourbillon-skeleton-3811-1203\/\">Continued<\/a><\/p>\n","protected":false},"featured_media":112511,"template":"","meta":{"_acf_changed":false,"_seopress_robots_primary_cat":"none","_seopress_titles_title":"","_seopress_titles_desc":"","_seopress_robots_index":""},"product_brand":[],"product_cat":[2458,276],"product_tag":[],"class_list":{"0":"post-112533","1":"product","2":"type-product","3":"status-publish","4":"has-post-thumbnail","6":"product_cat-aqua-spiced-pioneer-de","7":"product_cat-pioneer-de","9":"first","10":"instock","11":"shipping-taxable","12":"purchasable","13":"product-type-simple"},"acf":[],"_links":{"self":[{"href":"https:\/\/h-moser.com\/de\/wp-json\/wp\/v2\/product\/112533","targetHints":{"allow":["GET"]}}],"collection":[{"href":"https:\/\/h-moser.com\/de\/wp-json\/wp\/v2\/product"}],"about":[{"href":"https:\/\/h-moser.com\/de\/wp-json\/wp\/v2\/types\/product"}],"wp:featuredmedia":[{"embeddable":true,"href":"https:\/\/h-moser.com\/de\/wp-json\/wp\/v2\/media\/112511"}],"wp:attachment":[{"href":"https:\/\/h-moser.com\/de\/wp-json\/wp\/v2\/media?parent=112533"}],"wp:term":[{"taxonomy":"product_brand","embeddable":true,"href":"https:\/\/h-moser.com\/de\/wp-json\/wp\/v2\/product_brand?post=112533"},{"taxonomy":"product_cat","embeddable":true,"href":"https:\/\/h-moser.com\/de\/wp-json\/wp\/v2\/product_cat?post=112533"},{"taxonomy":"product_tag","embeddable":true,"href":"https:\/\/h-moser.com\/de\/wp-json\/wp\/v2\/product_tag?post=112533"}],"curies":[{"name":"wp","href":"https:\/\/api.w.org\/{rel}","templated":true}]}}