{"id":112537,"date":"2025-06-16T12:20:12","date_gmt":"2025-06-16T10:20:12","guid":{"rendered":"https:\/\/h-moser.com\/?post_type=product&#038;p=112537"},"modified":"2025-07-18T10:32:30","modified_gmt":"2025-07-18T08:32:30","slug":"pioneer-tourbillon-3805-1200","status":"publish","type":"product","link":"https:\/\/h-moser.com\/de\/produkt\/pioneer-tourbillon-3805-1200\/","title":{"rendered":"Pioneer Tourbillon Spiced Aqua"},"content":{"rendered":"<p>Sattes Orange, faszinierendes T\u00fcrkis und ein H\u00f6henring, der in der D\u00e4mmerung wie Neon leuchtet. Die Pioneer Tourbillon Spiced Aqua ist ein echter Blockbuster unter den Zeitmessern. In ihrem Inneren schl\u00e4gt das Kaliber HMC 805 mit unserer hauseigenen Doppelspirale. Haute Horlogerie von hypnotischer Wirkung, in konstantem Schwebezustand: Diese Uhr zieht die Blicke schneller auf sich, als ihr Tourbillon sich dreht.<\/p>\n","protected":false},"excerpt":{"rendered":"<p>Sattes Orange, faszinierendes T\u00fcrkis und ein H\u00f6henring, der in der D\u00e4mmerung wie Neon leuchtet. Die Pioneer Tourbillon Spiced Aqua ist ein echter Blockbuster unter den Zeitmessern. In ihrem Inneren schl\u00e4gt das Kaliber HMC 805 mit unserer hauseigenen Doppelspirale. Haute Horlogerie von hypnotischer Wirkung, in konstantem Schwebezustand: Diese Uhr zieht die Blicke schneller auf sich, als &hellip; <a href=\"https:\/\/h-moser.com\/de\/produkt\/pioneer-tourbillon-3805-1200\/\">Continued<\/a><\/p>\n","protected":false},"featured_media":112842,"template":"","meta":{"_acf_changed":false,"_seopress_robots_primary_cat":"none","_seopress_titles_title":"","_seopress_titles_desc":"","_seopress_robots_index":""},"product_brand":[],"product_cat":[2458,276],"product_tag":[],"class_list":{"0":"post-112537","1":"product","2":"type-product","3":"status-publish","4":"has-post-thumbnail","6":"product_cat-aqua-spiced-pioneer-de","7":"product_cat-pioneer-de","9":"first","10":"instock","11":"shipping-taxable","12":"purchasable","13":"product-type-simple"},"acf":[],"_links":{"self":[{"href":"https:\/\/h-moser.com\/de\/wp-json\/wp\/v2\/product\/112537","targetHints":{"allow":["GET"]}}],"collection":[{"href":"https:\/\/h-moser.com\/de\/wp-json\/wp\/v2\/product"}],"about":[{"href":"https:\/\/h-moser.com\/de\/wp-json\/wp\/v2\/types\/product"}],"wp:featuredmedia":[{"embeddable":true,"href":"https:\/\/h-moser.com\/de\/wp-json\/wp\/v2\/media\/112842"}],"wp:attachment":[{"href":"https:\/\/h-moser.com\/de\/wp-json\/wp\/v2\/media?parent=112537"}],"wp:term":[{"taxonomy":"product_brand","embeddable":true,"href":"https:\/\/h-moser.com\/de\/wp-json\/wp\/v2\/product_brand?post=112537"},{"taxonomy":"product_cat","embeddable":true,"href":"https:\/\/h-moser.com\/de\/wp-json\/wp\/v2\/product_cat?post=112537"},{"taxonomy":"product_tag","embeddable":true,"href":"https:\/\/h-moser.com\/de\/wp-json\/wp\/v2\/product_tag?post=112537"}],"curies":[{"name":"wp","href":"https:\/\/api.w.org\/{rel}","templated":true}]}}