{"id":112541,"date":"2025-06-16T11:20:06","date_gmt":"2025-06-16T09:20:06","guid":{"rendered":"https:\/\/h-moser.com\/?post_type=product&#038;p=112541"},"modified":"2025-07-18T09:56:02","modified_gmt":"2025-07-18T07:56:02","slug":"pioneer-centre-seconds-3201-1205","status":"publish","type":"product","link":"https:\/\/h-moser.com\/de\/produkt\/pioneer-centre-seconds-3201-1205\/","title":{"rendered":"Pioneer Centre Seconds Spiced Aqua (Steel black DLC)"},"content":{"rendered":"<p>Ein markantes t\u00fcrkisfarbenes Zifferblatt, das sofort ins Auge springt. Ein H\u00f6henring, der nach Einbruch der Dunkelheit zum Leben erwacht. Ein makellos weisses Armband. Angetrieben wird die Pioneer Centre Seconds Spiced Aqua von unserem aussergew\u00f6hnlichen Automatikwerk HMC 201. Puristisch, pr\u00e4zise und unumwunden k\u00fchn, pr\u00e4sentiert dieser Zeitmesser seine atemberaubenden Farben mit unvergleichlicher Coolness. Drei Zeiger, null Kompromisse.<\/p>\n","protected":false},"excerpt":{"rendered":"<p>Ein markantes t\u00fcrkisfarbenes Zifferblatt, das sofort ins Auge springt. Ein H\u00f6henring, der nach Einbruch der Dunkelheit zum Leben erwacht. Ein makellos weisses Armband. Angetrieben wird die Pioneer Centre Seconds Spiced Aqua von unserem aussergew\u00f6hnlichen Automatikwerk HMC 201. Puristisch, pr\u00e4zise und unumwunden k\u00fchn, pr\u00e4sentiert dieser Zeitmesser seine atemberaubenden Farben mit unvergleichlicher Coolness. Drei Zeiger, null Kompromisse.<\/p>\n","protected":false},"featured_media":112414,"template":"","meta":{"_acf_changed":false,"_seopress_robots_primary_cat":"none","_seopress_titles_title":"","_seopress_titles_desc":"","_seopress_robots_index":""},"product_brand":[],"product_cat":[2458,276],"product_tag":[],"class_list":{"0":"post-112541","1":"product","2":"type-product","3":"status-publish","4":"has-post-thumbnail","6":"product_cat-aqua-spiced-pioneer-de","7":"product_cat-pioneer-de","9":"first","10":"instock","11":"shipping-taxable","12":"purchasable","13":"product-type-simple"},"acf":[],"_links":{"self":[{"href":"https:\/\/h-moser.com\/de\/wp-json\/wp\/v2\/product\/112541","targetHints":{"allow":["GET"]}}],"collection":[{"href":"https:\/\/h-moser.com\/de\/wp-json\/wp\/v2\/product"}],"about":[{"href":"https:\/\/h-moser.com\/de\/wp-json\/wp\/v2\/types\/product"}],"wp:featuredmedia":[{"embeddable":true,"href":"https:\/\/h-moser.com\/de\/wp-json\/wp\/v2\/media\/112414"}],"wp:attachment":[{"href":"https:\/\/h-moser.com\/de\/wp-json\/wp\/v2\/media?parent=112541"}],"wp:term":[{"taxonomy":"product_brand","embeddable":true,"href":"https:\/\/h-moser.com\/de\/wp-json\/wp\/v2\/product_brand?post=112541"},{"taxonomy":"product_cat","embeddable":true,"href":"https:\/\/h-moser.com\/de\/wp-json\/wp\/v2\/product_cat?post=112541"},{"taxonomy":"product_tag","embeddable":true,"href":"https:\/\/h-moser.com\/de\/wp-json\/wp\/v2\/product_tag?post=112541"}],"curies":[{"name":"wp","href":"https:\/\/api.w.org\/{rel}","templated":true}]}}