{"id":1137,"date":"2020-02-21T20:24:23","date_gmt":"2020-02-21T19:24:23","guid":{"rendered":"https:\/\/shop-now.h-moser.com\/produit\/endeavour-centre-seconds-concept\/"},"modified":"2020-10-19T15:14:49","modified_gmt":"2020-10-19T13:14:49","slug":"endeavour-centre-seconds-concept","status":"publish","type":"product","link":"https:\/\/h-moser.com\/de\/produkt\/endeavour-centre-seconds-concept\/","title":{"rendered":"ENDEAVOUR CENTRE SECONDS CONCEPT"},"content":{"rendered":"<p>Die Endeavour ist die puristischste Kollektion von H. Moser &amp; Cie. Sie bringt Form, Farbe und Linien in ein perfekt harmonisches Gleichgewicht und bleibt dabei den Traditionen der Uhrmacherkunst treu. Die Referenz 1343-0212 pr\u00e4sentiert die Zeit auf einem Purple Haze Fum\u00e9-Zifferblatt mit drei Zeigern. Dabei f\u00fchrt sie die Uhrmacherkunst auf das Wesentliche zur\u00fcck \u2013 sie braucht weder ein Logo noch Text oder Indizes. Auf nur 20 Exemplare limitiert, ist diese Endeavour Centre Seconds Concept fast so rar wie die Zeit selbst.<\/p>\n","protected":false},"excerpt":{"rendered":"<p>Die Endeavour ist die puristischste Kollektion von H. Moser &amp; Cie. Sie bringt Form, Farbe und Linien in ein perfekt harmonisches Gleichgewicht und bleibt dabei den Traditionen der Uhrmacherkunst treu. Die Referenz 1343-0212 pr\u00e4sentiert die Zeit auf einem Purple Haze Fum\u00e9-Zifferblatt mit drei Zeigern. Dabei f\u00fchrt sie die Uhrmacherkunst auf das Wesentliche zur\u00fcck \u2013 sie &hellip; <a href=\"https:\/\/h-moser.com\/de\/produkt\/endeavour-centre-seconds-concept\/\">Continued<\/a><\/p>\n","protected":false},"featured_media":14448,"template":"","meta":{"_acf_changed":false,"_seopress_robots_primary_cat":"none","_seopress_titles_title":"","_seopress_titles_desc":"","_seopress_robots_index":""},"product_brand":[],"product_cat":[84],"product_tag":[],"class_list":{"0":"post-1137","1":"product","2":"type-product","3":"status-publish","4":"has-post-thumbnail","6":"product_cat-pre-owned-de-2","8":"first","9":"outofstock","10":"shipping-taxable","11":"purchasable","12":"product-type-simple"},"acf":[],"_links":{"self":[{"href":"https:\/\/h-moser.com\/de\/wp-json\/wp\/v2\/product\/1137","targetHints":{"allow":["GET"]}}],"collection":[{"href":"https:\/\/h-moser.com\/de\/wp-json\/wp\/v2\/product"}],"about":[{"href":"https:\/\/h-moser.com\/de\/wp-json\/wp\/v2\/types\/product"}],"wp:featuredmedia":[{"embeddable":true,"href":"https:\/\/h-moser.com\/de\/wp-json\/wp\/v2\/media\/14448"}],"wp:attachment":[{"href":"https:\/\/h-moser.com\/de\/wp-json\/wp\/v2\/media?parent=1137"}],"wp:term":[{"taxonomy":"product_brand","embeddable":true,"href":"https:\/\/h-moser.com\/de\/wp-json\/wp\/v2\/product_brand?post=1137"},{"taxonomy":"product_cat","embeddable":true,"href":"https:\/\/h-moser.com\/de\/wp-json\/wp\/v2\/product_cat?post=1137"},{"taxonomy":"product_tag","embeddable":true,"href":"https:\/\/h-moser.com\/de\/wp-json\/wp\/v2\/product_tag?post=1137"}],"curies":[{"name":"wp","href":"https:\/\/api.w.org\/{rel}","templated":true}]}}