{"id":115829,"date":"2025-08-28T10:22:32","date_gmt":"2025-08-28T08:22:32","guid":{"rendered":"https:\/\/h-moser.com\/?post_type=product&#038;p=115829"},"modified":"2026-03-27T09:45:41","modified_gmt":"2026-03-27T08:45:41","slug":"endeavour-perpetual-calendar-1800-0207","status":"publish","type":"product","link":"https:\/\/h-moser.com\/de\/produkt\/endeavour-perpetual-calendar-1800-0207\/","title":{"rendered":"Endeavour Perpetual Calendar Smoked Salmon"},"content":{"rendered":"<p>Frage: Was erh\u00e4lt man, wenn man drei Moser-Ikonen kombiniert \u2013 das Smoked Salmon-Zifferblatt, das Endeavour-Geh\u00e4use und unseren preisgekr\u00f6nten ewigen Kalender? Antwort: die Endeavour Perpetual Calendar Smoked Salmon. Eine Uhr, die f\u00fcr Haute Horlogerie vom Feinsten steht \u2013 geschmackvoll, raffiniert und ihrer Zeit weit voraus. Sie verf\u00fcgt \u00fcber ein 42-mm-Geh\u00e4use aus Weissgold, das heiss ersehnte Smoked Salmon-Zifferblatt mit vertikalem Griff\u00e9-Schliff und das Kaliber HMC 800, dessen Konstruktion zu den intelligentesten auf dem Markt z\u00e4hlt.<\/p>\n","protected":false},"excerpt":{"rendered":"<p>Frage: Was erh\u00e4lt man, wenn man drei Moser-Ikonen kombiniert \u2013 das Smoked Salmon-Zifferblatt, das Endeavour-Geh\u00e4use und unseren preisgekr\u00f6nten ewigen Kalender? Antwort: die Endeavour Perpetual Calendar Smoked Salmon. Eine Uhr, die f\u00fcr Haute Horlogerie vom Feinsten steht \u2013 geschmackvoll, raffiniert und ihrer Zeit weit voraus. Sie verf\u00fcgt \u00fcber ein 42-mm-Geh\u00e4use aus Weissgold, das heiss ersehnte Smoked &hellip; <a href=\"https:\/\/h-moser.com\/de\/produkt\/endeavour-perpetual-calendar-1800-0207\/\">Continued<\/a><\/p>\n","protected":false},"featured_media":115821,"template":"","meta":{"_acf_changed":false,"_seopress_robots_primary_cat":"171","_seopress_titles_title":"","_seopress_titles_desc":"","_seopress_robots_index":""},"product_brand":[],"product_cat":[171,200],"product_tag":[],"class_list":{"0":"post-115829","1":"product","2":"type-product","3":"status-publish","4":"has-post-thumbnail","6":"product_cat-endeavour-de","7":"product_cat-perpetual-calendar-de-2","9":"first","10":"instock","11":"shipping-taxable","12":"purchasable","13":"product-type-simple"},"acf":[],"_links":{"self":[{"href":"https:\/\/h-moser.com\/de\/wp-json\/wp\/v2\/product\/115829","targetHints":{"allow":["GET"]}}],"collection":[{"href":"https:\/\/h-moser.com\/de\/wp-json\/wp\/v2\/product"}],"about":[{"href":"https:\/\/h-moser.com\/de\/wp-json\/wp\/v2\/types\/product"}],"wp:featuredmedia":[{"embeddable":true,"href":"https:\/\/h-moser.com\/de\/wp-json\/wp\/v2\/media\/115821"}],"wp:attachment":[{"href":"https:\/\/h-moser.com\/de\/wp-json\/wp\/v2\/media?parent=115829"}],"wp:term":[{"taxonomy":"product_brand","embeddable":true,"href":"https:\/\/h-moser.com\/de\/wp-json\/wp\/v2\/product_brand?post=115829"},{"taxonomy":"product_cat","embeddable":true,"href":"https:\/\/h-moser.com\/de\/wp-json\/wp\/v2\/product_cat?post=115829"},{"taxonomy":"product_tag","embeddable":true,"href":"https:\/\/h-moser.com\/de\/wp-json\/wp\/v2\/product_tag?post=115829"}],"curies":[{"name":"wp","href":"https:\/\/api.w.org\/{rel}","templated":true}]}}