{"id":116014,"date":"2025-08-28T11:45:27","date_gmt":"2025-08-28T09:45:27","guid":{"rendered":"https:\/\/h-moser.com\/?post_type=product&#038;p=116014"},"modified":"2026-01-28T09:48:41","modified_gmt":"2026-01-28T08:48:41","slug":"pioneer-flying-hours-3240-0900","status":"publish","type":"product","link":"https:\/\/h-moser.com\/de\/produkt\/pioneer-flying-hours-3240-0900\/","title":{"rendered":"Pioneer Flying Hours Aventurine"},"content":{"rendered":"<p>Haben Sie schon einmal die Stunden tanzen sehen? Die Pioneer Flying Hours in 5N Rotgold mit schwarz DLC-beschichtetem Titan ist auf nur <strong>100 Exemplare limitiert<\/strong> und damit ebenso rar wie spektakul\u00e4r. Das atemberaubende, von einem 42,8-mm-Geh\u00e4use umrahmte Aventurin-Zifferblatt schimmert wie ein sternen\u00fcbers\u00e4ter Himmel, an dem drei Satelliten um eine skelettierte zentrale Minutenscheibe kreisen. Im Inneren schl\u00e4gt das Kaliber HMC 240, das die einzigartige, blitzschnelle Anzeige antreibt und jeden Stundenwechsel zu einem Moment reinster Theaterkunst werden l\u00e4sst.<\/p>\n","protected":false},"excerpt":{"rendered":"<p>Haben Sie schon einmal die Stunden tanzen sehen? Die Pioneer Flying Hours in 5N Rotgold mit schwarz DLC-beschichtetem Titan ist auf nur 100 Exemplare limitiert und damit ebenso rar wie spektakul\u00e4r. Das atemberaubende, von einem 42,8-mm-Geh\u00e4use umrahmte Aventurin-Zifferblatt schimmert wie ein sternen\u00fcbers\u00e4ter Himmel, an dem drei Satelliten um eine skelettierte zentrale Minutenscheibe kreisen. Im Inneren &hellip; <a href=\"https:\/\/h-moser.com\/de\/produkt\/pioneer-flying-hours-3240-0900\/\">Continued<\/a><\/p>\n","protected":false},"featured_media":115773,"template":"","meta":{"_acf_changed":false,"_seopress_robots_primary_cat":"276","_seopress_titles_title":"","_seopress_titles_desc":"","_seopress_robots_index":""},"product_brand":[],"product_cat":[2529,276],"product_tag":[],"class_list":{"0":"post-116014","1":"product","2":"type-product","3":"status-publish","4":"has-post-thumbnail","6":"product_cat-flying-hours-de-2","7":"product_cat-pioneer-de","9":"first","10":"instock","11":"shipping-taxable","12":"purchasable","13":"product-type-simple"},"acf":[],"_links":{"self":[{"href":"https:\/\/h-moser.com\/de\/wp-json\/wp\/v2\/product\/116014","targetHints":{"allow":["GET"]}}],"collection":[{"href":"https:\/\/h-moser.com\/de\/wp-json\/wp\/v2\/product"}],"about":[{"href":"https:\/\/h-moser.com\/de\/wp-json\/wp\/v2\/types\/product"}],"wp:featuredmedia":[{"embeddable":true,"href":"https:\/\/h-moser.com\/de\/wp-json\/wp\/v2\/media\/115773"}],"wp:attachment":[{"href":"https:\/\/h-moser.com\/de\/wp-json\/wp\/v2\/media?parent=116014"}],"wp:term":[{"taxonomy":"product_brand","embeddable":true,"href":"https:\/\/h-moser.com\/de\/wp-json\/wp\/v2\/product_brand?post=116014"},{"taxonomy":"product_cat","embeddable":true,"href":"https:\/\/h-moser.com\/de\/wp-json\/wp\/v2\/product_cat?post=116014"},{"taxonomy":"product_tag","embeddable":true,"href":"https:\/\/h-moser.com\/de\/wp-json\/wp\/v2\/product_tag?post=116014"}],"curies":[{"name":"wp","href":"https:\/\/api.w.org\/{rel}","templated":true}]}}