{"id":116018,"date":"2025-08-28T13:25:37","date_gmt":"2025-08-28T11:25:37","guid":{"rendered":"https:\/\/h-moser.com\/?post_type=product&#038;p=116018"},"modified":"2026-01-22T14:09:16","modified_gmt":"2026-01-22T13:09:16","slug":"pioneer-flying-hours-3240-1200","status":"publish","type":"product","link":"https:\/\/h-moser.com\/de\/produkt\/pioneer-flying-hours-3240-1200\/","title":{"rendered":"Pioneer Flying Hours White Fum\u00e9"},"content":{"rendered":"<p>Die Pioneer Flying Hours in Stahl pr\u00e4sentiert sich puristisch und kraftvoll zugleich. Ihr 42,8-mm-Geh\u00e4use umrahmt ein makelloses White Fum\u00e9-Zifferblatt, auf dem die kreisenden Scheiben ganz im Mittelpunkt stehen. Das Automatikkaliber HMC 240 treibt die blitzschnelle Anzeige an und l\u00e4sst jeden Stundenwechsel zu einem fulminanten Moment werden. Unbegrenzt in der St\u00fcckzahl, aussergew\u00f6hnlich in der Ausf\u00fchrung: eine Uhr, die Zur\u00fcckhaltung in Brillanz und Schlichtheit in ein spektakul\u00e4res Schauspiel verwandelt.<\/p>\n","protected":false},"excerpt":{"rendered":"<p>Die Pioneer Flying Hours in Stahl pr\u00e4sentiert sich puristisch und kraftvoll zugleich. Ihr 42,8-mm-Geh\u00e4use umrahmt ein makelloses White Fum\u00e9-Zifferblatt, auf dem die kreisenden Scheiben ganz im Mittelpunkt stehen. Das Automatikkaliber HMC 240 treibt die blitzschnelle Anzeige an und l\u00e4sst jeden Stundenwechsel zu einem fulminanten Moment werden. Unbegrenzt in der St\u00fcckzahl, aussergew\u00f6hnlich in der Ausf\u00fchrung: eine &hellip; <a href=\"https:\/\/h-moser.com\/de\/produkt\/pioneer-flying-hours-3240-1200\/\">Continued<\/a><\/p>\n","protected":false},"featured_media":115757,"template":"","meta":{"_acf_changed":false,"_seopress_robots_primary_cat":"276","_seopress_titles_title":"","_seopress_titles_desc":"","_seopress_robots_index":""},"product_brand":[],"product_cat":[2529,276],"product_tag":[],"class_list":{"0":"post-116018","1":"product","2":"type-product","3":"status-publish","4":"has-post-thumbnail","6":"product_cat-flying-hours-de-2","7":"product_cat-pioneer-de","9":"first","10":"instock","11":"shipping-taxable","12":"purchasable","13":"product-type-simple"},"acf":[],"_links":{"self":[{"href":"https:\/\/h-moser.com\/de\/wp-json\/wp\/v2\/product\/116018","targetHints":{"allow":["GET"]}}],"collection":[{"href":"https:\/\/h-moser.com\/de\/wp-json\/wp\/v2\/product"}],"about":[{"href":"https:\/\/h-moser.com\/de\/wp-json\/wp\/v2\/types\/product"}],"wp:featuredmedia":[{"embeddable":true,"href":"https:\/\/h-moser.com\/de\/wp-json\/wp\/v2\/media\/115757"}],"wp:attachment":[{"href":"https:\/\/h-moser.com\/de\/wp-json\/wp\/v2\/media?parent=116018"}],"wp:term":[{"taxonomy":"product_brand","embeddable":true,"href":"https:\/\/h-moser.com\/de\/wp-json\/wp\/v2\/product_brand?post=116018"},{"taxonomy":"product_cat","embeddable":true,"href":"https:\/\/h-moser.com\/de\/wp-json\/wp\/v2\/product_cat?post=116018"},{"taxonomy":"product_tag","embeddable":true,"href":"https:\/\/h-moser.com\/de\/wp-json\/wp\/v2\/product_tag?post=116018"}],"curies":[{"name":"wp","href":"https:\/\/api.w.org\/{rel}","templated":true}]}}