{"id":116968,"date":"2025-09-25T17:03:25","date_gmt":"2025-09-25T15:03:25","guid":{"rendered":"https:\/\/h-moser.com\/?post_type=product&#038;p=116968"},"modified":"2025-10-01T12:51:33","modified_gmt":"2025-10-01T10:51:33","slug":"streamliner-tourbillon-6805-0410","status":"publish","type":"product","link":"https:\/\/h-moser.com\/de\/produkt\/streamliner-tourbillon-6805-0410\/","title":{"rendered":"Streamliner Tourbillon Pierre Gasly Edition"},"content":{"rendered":"<p>Entdecken Sie die Streamliner Tourbillon Pierre Gasly, die gemeinsam mit dem F1-Individualisten entwickelt wurde. Pierre gestaltete in enger Zusammenarbeit mit unseren Uhrmachern jedes Detail, von der Wahl des Uhrwerks bis hin zur Auswahl (und Benennung) des tiefbraunen Chocolate Fum\u00e9-Zifferblatts. Die Uhr pr\u00e4sentiert sich in einem Streamliner-Geh\u00e4use aus Rotgold 5N und ist auf 100 Exemplare limitiert. Auf Pierres ausdr\u00fccklichen Wunsch wurde sie mit einem fliegenden Minutentourbillon ausgestattet, angetrieben vom Automatikwerk HMC 805 mit hauseigener Doppelspirale.<\/p>\n","protected":false},"excerpt":{"rendered":"<p>Entdecken Sie die Streamliner Tourbillon Pierre Gasly, die gemeinsam mit dem F1-Individualisten entwickelt wurde. Pierre gestaltete in enger Zusammenarbeit mit unseren Uhrmachern jedes Detail, von der Wahl des Uhrwerks bis hin zur Auswahl (und Benennung) des tiefbraunen Chocolate Fum\u00e9-Zifferblatts. Die Uhr pr\u00e4sentiert sich in einem Streamliner-Geh\u00e4use aus Rotgold 5N und ist auf 100 Exemplare limitiert. &hellip; <a href=\"https:\/\/h-moser.com\/de\/produkt\/streamliner-tourbillon-6805-0410\/\">Continued<\/a><\/p>\n","protected":false},"featured_media":117098,"template":"","meta":{"_acf_changed":false,"_seopress_robots_primary_cat":"none","_seopress_titles_title":"","_seopress_titles_desc":"","_seopress_robots_index":""},"product_brand":[],"product_cat":[102,2542],"product_tag":[],"class_list":{"0":"post-116968","1":"product","2":"type-product","3":"status-publish","4":"has-post-thumbnail","6":"product_cat-streamliner-de","7":"product_cat-tourbillon-pierre-gasly-de","9":"first","10":"instock","11":"shipping-taxable","12":"purchasable","13":"product-type-simple"},"acf":[],"_links":{"self":[{"href":"https:\/\/h-moser.com\/de\/wp-json\/wp\/v2\/product\/116968","targetHints":{"allow":["GET"]}}],"collection":[{"href":"https:\/\/h-moser.com\/de\/wp-json\/wp\/v2\/product"}],"about":[{"href":"https:\/\/h-moser.com\/de\/wp-json\/wp\/v2\/types\/product"}],"wp:featuredmedia":[{"embeddable":true,"href":"https:\/\/h-moser.com\/de\/wp-json\/wp\/v2\/media\/117098"}],"wp:attachment":[{"href":"https:\/\/h-moser.com\/de\/wp-json\/wp\/v2\/media?parent=116968"}],"wp:term":[{"taxonomy":"product_brand","embeddable":true,"href":"https:\/\/h-moser.com\/de\/wp-json\/wp\/v2\/product_brand?post=116968"},{"taxonomy":"product_cat","embeddable":true,"href":"https:\/\/h-moser.com\/de\/wp-json\/wp\/v2\/product_cat?post=116968"},{"taxonomy":"product_tag","embeddable":true,"href":"https:\/\/h-moser.com\/de\/wp-json\/wp\/v2\/product_tag?post=116968"}],"curies":[{"name":"wp","href":"https:\/\/api.w.org\/{rel}","templated":true}]}}