{"id":116975,"date":"2025-09-25T17:00:56","date_gmt":"2025-09-25T15:00:56","guid":{"rendered":"https:\/\/h-moser.com\/?post_type=product&#038;p=116975"},"modified":"2025-10-01T12:54:27","modified_gmt":"2025-10-01T10:54:27","slug":"streamliner-tourbillon-6805-0411","status":"publish","type":"product","link":"https:\/\/h-moser.com\/de\/produkt\/streamliner-tourbillon-6805-0411\/","title":{"rendered":"Streamliner Tourbillon Pierre Gasly Edition on Gold"},"content":{"rendered":"<p>Dies ist die streng limitierte Edition der Streamliner Tourbillon Pierre Gasly, die f\u00fcr den F1-Individualisten eine ganz pers\u00f6nliche Bedeutung hat. Sie zollt seiner Startnummer 10 Tribut, die ihn w\u00e4hrend seiner gesamten Karriere begleitet hat \u2013 symbolisiert durch einen einzelnen roten Rubin, der auf dem opulenten Chocolate Fum\u00e9-Zifferblatt diskret bei 10 Uhr angebracht ist. Die Uhr pr\u00e4sentiert sich mit einem Streamliner-Geh\u00e4use aus Rotgold 5N und verf\u00fcgt auf Pierre Gaslys ausdr\u00fccklichen Wunsch \u00fcber ein fliegendes Minutentourbillon. Angetrieben wird sie vom Automatikkaliber HMC 805 mit hausintern entwickelter und gefertigter Doppelspirale. Die auf nur zehn Exemplare limitierte Uhr ist mit einem vollst\u00e4ndig integrierten Armband aus Rotgold 5N versehen, das sich mit dem Geh\u00e4use zu einer durchgehenden, organisch fliessenden Silhouette vereint. Volle zehn Punkte, in jeder Hinsicht.<\/p>\n","protected":false},"excerpt":{"rendered":"<p>Dies ist die streng limitierte Edition der Streamliner Tourbillon Pierre Gasly, die f\u00fcr den F1-Individualisten eine ganz pers\u00f6nliche Bedeutung hat. Sie zollt seiner Startnummer 10 Tribut, die ihn w\u00e4hrend seiner gesamten Karriere begleitet hat \u2013 symbolisiert durch einen einzelnen roten Rubin, der auf dem opulenten Chocolate Fum\u00e9-Zifferblatt diskret bei 10 Uhr angebracht ist. Die Uhr &hellip; <a href=\"https:\/\/h-moser.com\/de\/produkt\/streamliner-tourbillon-6805-0411\/\">Continued<\/a><\/p>\n","protected":false},"featured_media":116787,"template":"","meta":{"_acf_changed":false,"_seopress_robots_primary_cat":"none","_seopress_titles_title":"","_seopress_titles_desc":"","_seopress_robots_index":""},"product_brand":[],"product_cat":[102,2542],"product_tag":[],"class_list":{"0":"post-116975","1":"product","2":"type-product","3":"status-publish","4":"has-post-thumbnail","6":"product_cat-streamliner-de","7":"product_cat-tourbillon-pierre-gasly-de","9":"first","10":"instock","11":"shipping-taxable","12":"purchasable","13":"product-type-simple"},"acf":[],"_links":{"self":[{"href":"https:\/\/h-moser.com\/de\/wp-json\/wp\/v2\/product\/116975","targetHints":{"allow":["GET"]}}],"collection":[{"href":"https:\/\/h-moser.com\/de\/wp-json\/wp\/v2\/product"}],"about":[{"href":"https:\/\/h-moser.com\/de\/wp-json\/wp\/v2\/types\/product"}],"wp:featuredmedia":[{"embeddable":true,"href":"https:\/\/h-moser.com\/de\/wp-json\/wp\/v2\/media\/116787"}],"wp:attachment":[{"href":"https:\/\/h-moser.com\/de\/wp-json\/wp\/v2\/media?parent=116975"}],"wp:term":[{"taxonomy":"product_brand","embeddable":true,"href":"https:\/\/h-moser.com\/de\/wp-json\/wp\/v2\/product_brand?post=116975"},{"taxonomy":"product_cat","embeddable":true,"href":"https:\/\/h-moser.com\/de\/wp-json\/wp\/v2\/product_cat?post=116975"},{"taxonomy":"product_tag","embeddable":true,"href":"https:\/\/h-moser.com\/de\/wp-json\/wp\/v2\/product_tag?post=116975"}],"curies":[{"name":"wp","href":"https:\/\/api.w.org\/{rel}","templated":true}]}}