{"id":117466,"date":"2025-11-04T09:39:37","date_gmt":"2025-11-04T08:39:37","guid":{"rendered":"https:\/\/h-moser.com\/?post_type=product&#038;p=117466"},"modified":"2025-11-20T06:19:09","modified_gmt":"2025-11-20T05:19:09","slug":"streamliner-perpetual-moon-6270-1200","status":"publish","type":"product","link":"https:\/\/h-moser.com\/de\/produkt\/streamliner-perpetual-moon-6270-1200\/","title":{"rendered":"Streamliner Perpetual Moon Concept Meteorite"},"content":{"rendered":"<p>Die Streamliner Perpetual Moon Concept Meteorite bringt ein St\u00fcck Kosmos an Ihr Handgelenk. Jedes Zifferblatt wurde aus einem Fragment des Gibeon-Meteoriten gefertigt und einer speziellen Behandlung unterzogen, die das nat\u00fcrliche Widmanst\u00e4tten-Muster zutage treten l\u00e4sst und damit jedem Exemplar eine eigene, einzigartige Identit\u00e4t verleiht. Ein goldener Farbton und unser charakteristischer Fum\u00e9-Effekt steigern die Wirkung der Zifferbl\u00e4tter noch zus\u00e4tzlich. Im Herzen der Uhr schl\u00e4gt das Automatikkaliber HMC 270, das eine Gangreserve von drei Tagen aufbaut und eine Mondphase bietet, die nach 1027 Jahren nur um einen einzigen Tag abweicht.<\/p>\n","protected":false},"excerpt":{"rendered":"<p>Die Streamliner Perpetual Moon Concept Meteorite bringt ein St\u00fcck Kosmos an Ihr Handgelenk. Jedes Zifferblatt wurde aus einem Fragment des Gibeon-Meteoriten gefertigt und einer speziellen Behandlung unterzogen, die das nat\u00fcrliche Widmanst\u00e4tten-Muster zutage treten l\u00e4sst und damit jedem Exemplar eine eigene, einzigartige Identit\u00e4t verleiht. Ein goldener Farbton und unser charakteristischer Fum\u00e9-Effekt steigern die Wirkung der Zifferbl\u00e4tter &hellip; <a href=\"https:\/\/h-moser.com\/de\/produkt\/streamliner-perpetual-moon-6270-1200\/\">Continued<\/a><\/p>\n","protected":false},"featured_media":117413,"template":"","meta":{"_acf_changed":false,"_seopress_robots_primary_cat":"none","_seopress_titles_title":"","_seopress_titles_desc":"","_seopress_robots_index":""},"product_brand":[],"product_cat":[2576,102],"product_tag":[],"class_list":{"0":"post-117466","1":"product","2":"type-product","3":"status-publish","4":"has-post-thumbnail","6":"product_cat-perpetual-moon-streamliner-de","7":"product_cat-streamliner-de","9":"first","10":"instock","11":"shipping-taxable","12":"purchasable","13":"product-type-simple"},"acf":[],"_links":{"self":[{"href":"https:\/\/h-moser.com\/de\/wp-json\/wp\/v2\/product\/117466","targetHints":{"allow":["GET"]}}],"collection":[{"href":"https:\/\/h-moser.com\/de\/wp-json\/wp\/v2\/product"}],"about":[{"href":"https:\/\/h-moser.com\/de\/wp-json\/wp\/v2\/types\/product"}],"wp:featuredmedia":[{"embeddable":true,"href":"https:\/\/h-moser.com\/de\/wp-json\/wp\/v2\/media\/117413"}],"wp:attachment":[{"href":"https:\/\/h-moser.com\/de\/wp-json\/wp\/v2\/media?parent=117466"}],"wp:term":[{"taxonomy":"product_brand","embeddable":true,"href":"https:\/\/h-moser.com\/de\/wp-json\/wp\/v2\/product_brand?post=117466"},{"taxonomy":"product_cat","embeddable":true,"href":"https:\/\/h-moser.com\/de\/wp-json\/wp\/v2\/product_cat?post=117466"},{"taxonomy":"product_tag","embeddable":true,"href":"https:\/\/h-moser.com\/de\/wp-json\/wp\/v2\/product_tag?post=117466"}],"curies":[{"name":"wp","href":"https:\/\/api.w.org\/{rel}","templated":true}]}}